
{"id":10291,"date":"2024-09-09T15:40:40","date_gmt":"2024-09-09T15:40:40","guid":{"rendered":"https:\/\/concoursofelegancegermany.com\/internationale-concours\/"},"modified":"2025-11-13T11:42:43","modified_gmt":"2025-11-13T11:42:43","slug":"internationale-concours","status":"publish","type":"page","link":"https:\/\/concoursofelegancegermany.com\/de\/internationale-concours\/","title":{"rendered":"Internationale Concours"},"content":{"rendered":"\n<div class=\"wp-block-group alignfull banner is-layout-flow wp-container-core-group-is-layout-a70f80f3 wp-block-group-is-layout-flow\" style=\"min-height:700px;margin-top:0;margin-bottom:0;padding-top:0;padding-bottom:0\">\n<div class=\"wp-block-cover banner\" style=\"min-height:700px;aspect-ratio:unset;\"><img loading=\"lazy\" decoding=\"async\" width=\"2560\" height=\"1440\" class=\"wp-block-cover__image-background wp-image-10057\" alt=\"International Concours, Hampton Court Palace\" src=\"https:\/\/concoursofelegancegermany.com\/wp-content\/uploads\/Feature-International-Concours-Hampton-Court-Palace.jpg\" data-object-fit=\"cover\" srcset=\"https:\/\/concoursofelegancegermany.com\/wp-content\/uploads\/Feature-International-Concours-Hampton-Court-Palace.jpg 2560w, https:\/\/concoursofelegancegermany.com\/wp-content\/uploads\/Feature-International-Concours-Hampton-Court-Palace-300x169.jpg 300w, https:\/\/concoursofelegancegermany.com\/wp-content\/uploads\/Feature-International-Concours-Hampton-Court-Palace-1024x576.jpg 1024w, https:\/\/concoursofelegancegermany.com\/wp-content\/uploads\/Feature-International-Concours-Hampton-Court-Palace-768x432.jpg 768w, https:\/\/concoursofelegancegermany.com\/wp-content\/uploads\/Feature-International-Concours-Hampton-Court-Palace-1536x864.jpg 1536w, https:\/\/concoursofelegancegermany.com\/wp-content\/uploads\/Feature-International-Concours-Hampton-Court-Palace-2048x1152.jpg 2048w\" sizes=\"auto, (max-width: 2560px) 100vw, 2560px\" \/><span aria-hidden=\"true\" class=\"wp-block-cover__background has-background-dim-40 has-background-dim wp-block-cover__gradient-background has-background-gradient\" style=\"background:linear-gradient(180deg,rgb(6,147,227) 0%,rgba(155,81,224,0) 50%)\"><\/span><div class=\"wp-block-cover__inner-container is-layout-flow wp-block-cover-is-layout-flow\">\n<div style=\"height:100px\" aria-hidden=\"true\" class=\"wp-block-spacer\"><\/div>\n<\/div><\/div>\n\n\n\n<div class=\"wp-block-group is-style-zoo-page-padding has-white-background-color has-background is-layout-constrained wp-container-core-group-is-layout-d3543a3b wp-block-group-is-layout-constrained\">\n<div class=\"wp-block-group is-layout-constrained wp-container-core-group-is-layout-c121a3eb wp-block-group-is-layout-constrained\">\n<div class=\"wp-block-group is-layout-constrained wp-container-core-group-is-layout-d3543a3b wp-block-group-is-layout-constrained\">\n<h1 class=\"wp-block-heading has-text-align-center\" id=\"junior-concours\">Internationale Concours<\/h1>\n\n\n\n<div class=\"wp-block-group is-layout-constrained wp-container-core-group-is-layout-e0082cf6 wp-block-group-is-layout-constrained\">\n<p class=\"has-text-align-center\">Wir, Thorough Events, sind ein f\u00fchrender Veranstalter, der daf\u00fcr bekannt ist, einige der prestigetr\u00e4chtigsten Luxusauto-Concours der Welt auszurichten. Abgesehen von unserem neu gestarteten Concours of Elegance Germany am Ufer des Tegernsees in der N\u00e4he von M\u00fcnchen, Deutschland, der bereits zum zweiten Mal stattfindet und j\u00e4hrlich zwei exklusive Concours-Veranstaltungen im Vereinigten K\u00f6nigreich abh\u00e4lt, bringen unsere Veranstaltungen die sch\u00f6nsten Oldtimer- und Luxusautos f\u00fcr Enthusiasten zusammen Versammeln Sie die gro\u00dfartigsten Sammler der Welt. <\/p>\n\n\n\n<p class=\"has-text-align-center\">Gegr\u00fcndet von unserem Hauptsitz in London und einem M\u00fcnchner B\u00fcro im Munich Business and Driver&#8217;s Club, umfassen unsere Weltklasse-Showcases den bezaubernden Concours of Elegance im Hampton Court Palace und den London Concours, der bei der au\u00dfergew\u00f6hnlichen Royal Artillery Company mitten im Herzen stattfindet des Londoner Finanzviertels und feiert herausragende Automobilqualit\u00e4t in atemberaubender Umgebung. Unsere Messen sind f\u00fcr ihre tadellose Liebe zum Detail und au\u00dfergew\u00f6hnliche Erlebnisse bekannt und versammeln die renommiertesten Sammler der Welt. Sie haben sich zu einem f\u00fchrenden Namen f\u00fcr Luxusauto-Events entwickelt und ziehen anspruchsvolles Publikum und Branchenelite aus der ganzen Welt an. <\/p>\n\n\n\n<p class=\"has-text-align-center\"><strong>Besuchen Sie uns auf unseren Messen auf der ganzen Welt \u2013 wir k\u00f6nnen es kaum erwarten, Sie willkommen zu hei\u00dfen! <\/strong><\/p>\n<\/div>\n\n\n\n<div class=\"ghostkit-divider ghostkit-divider-type-solid ghostkit-custom-ZBlLLn\"><\/div>\n<\/div>\n\n\n\n<h2 class=\"wp-block-heading has-text-align-center\" id=\"hampton-court-palace-concours\">Hampton Court Palace Concours<\/h2>\n\n\n\n<figure class=\"wp-block-image size-large\"><img loading=\"lazy\" decoding=\"async\" width=\"1024\" height=\"682\" src=\"https:\/\/concoursofelegancegermany.com\/wp-content\/uploads\/Hampton-Court-Palace-COE-1024x682.jpg\" alt=\"Hampton Court Palace\" class=\"wp-image-10065\" style=\"aspect-ratio:16\/9;object-fit:cover\" srcset=\"https:\/\/concoursofelegancegermany.com\/wp-content\/uploads\/Hampton-Court-Palace-COE-1024x682.jpg 1024w, https:\/\/concoursofelegancegermany.com\/wp-content\/uploads\/Hampton-Court-Palace-COE-300x200.jpg 300w, https:\/\/concoursofelegancegermany.com\/wp-content\/uploads\/Hampton-Court-Palace-COE-768x512.jpg 768w, https:\/\/concoursofelegancegermany.com\/wp-content\/uploads\/Hampton-Court-Palace-COE-1536x1023.jpg 1536w, https:\/\/concoursofelegancegermany.com\/wp-content\/uploads\/Hampton-Court-Palace-COE-2048x1365.jpg 2048w\" sizes=\"auto, (max-width: 1024px) 100vw, 1024px\" \/><\/figure>\n\n\n\n<div class=\"wp-block-group is-layout-constrained wp-container-core-group-is-layout-e0082cf6 wp-block-group-is-layout-constrained\">\n<p class=\"has-text-align-center\">Unsere Schwesterveranstaltung und Hauptshow, der <em><a href=\"https:\/\/concoursofelegance.co.uk\/\" target=\"_blank\" rel=\"noopener\">Concours of Elegance<\/a> 2026<\/em><a href=\"https:\/\/concoursofelegance.co.uk\/\" target=\"_blank\" rel=\"noopener\"> <\/a>takes place from Friday 4th to Sunday 6th September at Hampton Court Palace. The Concours of Elegance began at Windsor Castle in 2012, before moving to St James\u2019s Palace in 2013, Hampton Court Palace in 2014, at the Palace of Holyrood house in Edinburgh (His Majesty The King\u2019s official residence in Scotland) in 2015 before returning to Windsor Castle in 2016 and Hampton Court Palace in 2017. <\/p>\n\n\n\n<p class=\"has-text-align-center\">Der Concours of Elegance wird erneut eine Auswahl der 60 seltensten Autos aus der ganzen Welt zusammenbringen \u2013 viele davon werden in Gro\u00dfbritannien noch nie zuvor gesehen worden sein. Viele der Concours-Autos werden in den Tagen vor der Hauptveranstaltung des Concours auch an einer zweit\u00e4gigen Tour teilnehmen. Einzigartig ist, dass der Gewinner des Concours of Elegance nicht von einer Jury, sondern von den Besitzern der Autos selbst ausgew\u00e4hlt wird.   Jeder Teilnehmer wird gebeten, \u00fcber die anderen ausgestellten Modelle abzustimmen, um zu entscheiden, welches Auto als &#8222;Best of Show&#8220; angesehen wird.<\/p>\n<\/div>\n\n\n\n<div class=\"wp-block-group alignfull is-style-default is-layout-constrained wp-container-core-group-is-layout-a5e2a670 wp-block-group-is-layout-constrained\" style=\"padding-top:var(--wp--preset--spacing--50);padding-bottom:var(--wp--preset--spacing--50)\">\n<div class=\"wp-block-group ghostkit-custom-ZbhdB0 has-light-grey-background-color has-background is-layout-flow wp-container-core-group-is-layout-96ba16c3 wp-block-group-is-layout-flow\" style=\"border-style:none;border-width:0px;margin-top:0;margin-bottom:0;padding-top:var(--wp--preset--spacing--60);padding-right:var(--wp--preset--spacing--60);padding-bottom:var(--wp--preset--spacing--60);padding-left:var(--wp--preset--spacing--60)\"><div style=\"padding:56.25% 0 0 0;position:relative\"><iframe src=\"https:\/\/play.gumlet.io\/embed\/68d1314839020d76d5628d54?caption=true&#038;\" id=\"gumlet-1210512885\" loading=\"lazy\" title=\"Gumlet video player\" style=\"border:none; position: absolute; top:0; left:0; height: 100%; width: 100%;\" allow=\"accelerometer; gyroscope; autoplay; encrypted-media; picture-in-picture; fullscreen;\" frameborder=\"0\"><\/iframe><\/div><\/div>\n<\/div>\n\n\n\n<figure class=\"wp-block-gallery has-nested-images columns-2 is-cropped wp-block-gallery-1 is-layout-flex wp-block-gallery-is-layout-flex\">\n<figure class=\"wp-block-image size-full\"><img loading=\"lazy\" decoding=\"async\" width=\"1920\" height=\"1280\" data-id=\"10069\" src=\"https:\/\/concoursofelegancegermany.com\/wp-content\/uploads\/COE-Gallery-1.jpg\" alt=\"COE Gallery\" class=\"wp-image-10069\" srcset=\"https:\/\/concoursofelegancegermany.com\/wp-content\/uploads\/COE-Gallery-1.jpg 1920w, https:\/\/concoursofelegancegermany.com\/wp-content\/uploads\/COE-Gallery-1-300x200.jpg 300w, https:\/\/concoursofelegancegermany.com\/wp-content\/uploads\/COE-Gallery-1-1024x683.jpg 1024w, https:\/\/concoursofelegancegermany.com\/wp-content\/uploads\/COE-Gallery-1-768x512.jpg 768w, https:\/\/concoursofelegancegermany.com\/wp-content\/uploads\/COE-Gallery-1-1536x1024.jpg 1536w\" sizes=\"auto, (max-width: 1920px) 100vw, 1920px\" \/><\/figure>\n\n\n\n<figure class=\"wp-block-image size-full\"><img loading=\"lazy\" decoding=\"async\" width=\"1920\" height=\"1280\" data-id=\"10073\" src=\"https:\/\/concoursofelegancegermany.com\/wp-content\/uploads\/COE-Gallery-2.jpg\" alt=\"COE Gallery\" class=\"wp-image-10073\" srcset=\"https:\/\/concoursofelegancegermany.com\/wp-content\/uploads\/COE-Gallery-2.jpg 1920w, https:\/\/concoursofelegancegermany.com\/wp-content\/uploads\/COE-Gallery-2-300x200.jpg 300w, https:\/\/concoursofelegancegermany.com\/wp-content\/uploads\/COE-Gallery-2-1024x683.jpg 1024w, https:\/\/concoursofelegancegermany.com\/wp-content\/uploads\/COE-Gallery-2-768x512.jpg 768w, https:\/\/concoursofelegancegermany.com\/wp-content\/uploads\/COE-Gallery-2-1536x1024.jpg 1536w\" sizes=\"auto, (max-width: 1920px) 100vw, 1920px\" \/><\/figure>\n\n\n\n<figure class=\"wp-block-image size-full\"><img loading=\"lazy\" decoding=\"async\" width=\"1920\" height=\"1280\" data-id=\"10077\" src=\"https:\/\/concoursofelegancegermany.com\/wp-content\/uploads\/COE-Gallery-3.jpg\" alt=\"COE Gallery\" class=\"wp-image-10077\" srcset=\"https:\/\/concoursofelegancegermany.com\/wp-content\/uploads\/COE-Gallery-3.jpg 1920w, https:\/\/concoursofelegancegermany.com\/wp-content\/uploads\/COE-Gallery-3-300x200.jpg 300w, https:\/\/concoursofelegancegermany.com\/wp-content\/uploads\/COE-Gallery-3-1024x683.jpg 1024w, https:\/\/concoursofelegancegermany.com\/wp-content\/uploads\/COE-Gallery-3-768x512.jpg 768w, https:\/\/concoursofelegancegermany.com\/wp-content\/uploads\/COE-Gallery-3-1536x1024.jpg 1536w\" sizes=\"auto, (max-width: 1920px) 100vw, 1920px\" \/><\/figure>\n\n\n\n<figure class=\"wp-block-image size-full\"><img loading=\"lazy\" decoding=\"async\" width=\"1920\" height=\"1280\" data-id=\"10081\" src=\"https:\/\/concoursofelegancegermany.com\/wp-content\/uploads\/COE-Gallery-4.jpg\" alt=\"COE Gallery\" class=\"wp-image-10081\" srcset=\"https:\/\/concoursofelegancegermany.com\/wp-content\/uploads\/COE-Gallery-4.jpg 1920w, https:\/\/concoursofelegancegermany.com\/wp-content\/uploads\/COE-Gallery-4-300x200.jpg 300w, https:\/\/concoursofelegancegermany.com\/wp-content\/uploads\/COE-Gallery-4-1024x683.jpg 1024w, https:\/\/concoursofelegancegermany.com\/wp-content\/uploads\/COE-Gallery-4-768x512.jpg 768w, https:\/\/concoursofelegancegermany.com\/wp-content\/uploads\/COE-Gallery-4-1536x1024.jpg 1536w\" sizes=\"auto, (max-width: 1920px) 100vw, 1920px\" \/><\/figure>\n\n\n\n<figure class=\"wp-block-image size-full\"><img loading=\"lazy\" decoding=\"async\" width=\"1920\" height=\"1280\" data-id=\"10085\" src=\"https:\/\/concoursofelegancegermany.com\/wp-content\/uploads\/COE-Gallery-5.jpg\" alt=\"COE Gallery\" class=\"wp-image-10085\" srcset=\"https:\/\/concoursofelegancegermany.com\/wp-content\/uploads\/COE-Gallery-5.jpg 1920w, https:\/\/concoursofelegancegermany.com\/wp-content\/uploads\/COE-Gallery-5-300x200.jpg 300w, https:\/\/concoursofelegancegermany.com\/wp-content\/uploads\/COE-Gallery-5-1024x683.jpg 1024w, https:\/\/concoursofelegancegermany.com\/wp-content\/uploads\/COE-Gallery-5-768x512.jpg 768w, https:\/\/concoursofelegancegermany.com\/wp-content\/uploads\/COE-Gallery-5-1536x1024.jpg 1536w\" sizes=\"auto, (max-width: 1920px) 100vw, 1920px\" \/><\/figure>\n\n\n\n<figure class=\"wp-block-image size-full\"><img loading=\"lazy\" decoding=\"async\" width=\"1920\" height=\"1280\" data-id=\"10089\" src=\"https:\/\/concoursofelegancegermany.com\/wp-content\/uploads\/COE-Gallery-6.jpg\" alt=\"COE Gallery\" class=\"wp-image-10089\" srcset=\"https:\/\/concoursofelegancegermany.com\/wp-content\/uploads\/COE-Gallery-6.jpg 1920w, https:\/\/concoursofelegancegermany.com\/wp-content\/uploads\/COE-Gallery-6-300x200.jpg 300w, https:\/\/concoursofelegancegermany.com\/wp-content\/uploads\/COE-Gallery-6-1024x683.jpg 1024w, https:\/\/concoursofelegancegermany.com\/wp-content\/uploads\/COE-Gallery-6-768x512.jpg 768w, https:\/\/concoursofelegancegermany.com\/wp-content\/uploads\/COE-Gallery-6-1536x1024.jpg 1536w\" sizes=\"auto, (max-width: 1920px) 100vw, 1920px\" \/><\/figure>\n\n\n\n<figure class=\"wp-block-image size-full\"><img loading=\"lazy\" decoding=\"async\" width=\"1920\" height=\"1280\" data-id=\"10093\" src=\"https:\/\/concoursofelegancegermany.com\/wp-content\/uploads\/COE-Gallery-7.jpg\" alt=\"COE Gallery\" class=\"wp-image-10093\" srcset=\"https:\/\/concoursofelegancegermany.com\/wp-content\/uploads\/COE-Gallery-7.jpg 1920w, https:\/\/concoursofelegancegermany.com\/wp-content\/uploads\/COE-Gallery-7-300x200.jpg 300w, https:\/\/concoursofelegancegermany.com\/wp-content\/uploads\/COE-Gallery-7-1024x683.jpg 1024w, https:\/\/concoursofelegancegermany.com\/wp-content\/uploads\/COE-Gallery-7-768x512.jpg 768w, https:\/\/concoursofelegancegermany.com\/wp-content\/uploads\/COE-Gallery-7-1536x1024.jpg 1536w\" sizes=\"auto, (max-width: 1920px) 100vw, 1920px\" \/><\/figure>\n\n\n\n<figure class=\"wp-block-image size-full\"><img loading=\"lazy\" decoding=\"async\" width=\"1920\" height=\"1280\" data-id=\"10097\" src=\"https:\/\/concoursofelegancegermany.com\/wp-content\/uploads\/COE-Gallery-8.jpg\" alt=\"COE Gallery\" class=\"wp-image-10097\" srcset=\"https:\/\/concoursofelegancegermany.com\/wp-content\/uploads\/COE-Gallery-8.jpg 1920w, https:\/\/concoursofelegancegermany.com\/wp-content\/uploads\/COE-Gallery-8-300x200.jpg 300w, https:\/\/concoursofelegancegermany.com\/wp-content\/uploads\/COE-Gallery-8-1024x683.jpg 1024w, https:\/\/concoursofelegancegermany.com\/wp-content\/uploads\/COE-Gallery-8-768x512.jpg 768w, https:\/\/concoursofelegancegermany.com\/wp-content\/uploads\/COE-Gallery-8-1536x1024.jpg 1536w\" sizes=\"auto, (max-width: 1920px) 100vw, 1920px\" \/><\/figure>\n\n\n\n<figure class=\"wp-block-image size-full\"><img loading=\"lazy\" decoding=\"async\" width=\"1920\" height=\"1280\" data-id=\"10101\" src=\"https:\/\/concoursofelegancegermany.com\/wp-content\/uploads\/COE-Gallery-9.jpg\" alt=\"COE Gallery\" class=\"wp-image-10101\" srcset=\"https:\/\/concoursofelegancegermany.com\/wp-content\/uploads\/COE-Gallery-9.jpg 1920w, https:\/\/concoursofelegancegermany.com\/wp-content\/uploads\/COE-Gallery-9-300x200.jpg 300w, https:\/\/concoursofelegancegermany.com\/wp-content\/uploads\/COE-Gallery-9-1024x683.jpg 1024w, https:\/\/concoursofelegancegermany.com\/wp-content\/uploads\/COE-Gallery-9-768x512.jpg 768w, https:\/\/concoursofelegancegermany.com\/wp-content\/uploads\/COE-Gallery-9-1536x1024.jpg 1536w\" sizes=\"auto, (max-width: 1920px) 100vw, 1920px\" \/><\/figure>\n\n\n\n<figure class=\"wp-block-image size-full\"><img loading=\"lazy\" decoding=\"async\" width=\"1920\" height=\"1280\" data-id=\"10105\" src=\"https:\/\/concoursofelegancegermany.com\/wp-content\/uploads\/COE-Gallery-10.jpg\" alt=\"COE Gallery\" class=\"wp-image-10105\" srcset=\"https:\/\/concoursofelegancegermany.com\/wp-content\/uploads\/COE-Gallery-10.jpg 1920w, https:\/\/concoursofelegancegermany.com\/wp-content\/uploads\/COE-Gallery-10-300x200.jpg 300w, https:\/\/concoursofelegancegermany.com\/wp-content\/uploads\/COE-Gallery-10-1024x683.jpg 1024w, https:\/\/concoursofelegancegermany.com\/wp-content\/uploads\/COE-Gallery-10-768x512.jpg 768w, https:\/\/concoursofelegancegermany.com\/wp-content\/uploads\/COE-Gallery-10-1536x1024.jpg 1536w\" sizes=\"auto, (max-width: 1920px) 100vw, 1920px\" \/><\/figure>\n<\/figure>\n\n\n\n<div class=\"ghostkit-divider ghostkit-divider-type-solid ghostkit-custom-Z1KxfRH\"><\/div>\n\n\n\n<h2 class=\"wp-block-heading has-text-align-center\" id=\"london-concours\">London Concours<\/h2>\n\n\n\n<div class=\"wp-block-group is-layout-constrained wp-container-core-group-is-layout-e0082cf6 wp-block-group-is-layout-constrained\">\n<p class=\"has-text-align-center\">Der <a href=\"https:\/\/londonconcours.co.uk\/\" target=\"_blank\" rel=\"noopener\">London Concours<\/a> ist eine luxuri\u00f6se Gartenparty, die von Dienstag, den 9. bis Donnerstag, den 11. Juni 2026 mitten im Herzen der City of London stattfindet. Bei diesem \u00e4u\u00dferst aufregenden Automobilspektakel versammeln sich 80 der wertvollsten Autos der Welt in den G\u00e4rten des historischen und wundersch\u00f6nen Hauptquartiers der Honourable Artillery Company und umfassen eine wilde Sammlung von Pferdest\u00e4rken, die in speziell kuratierten und thematischen Ausstellungen arrangiert sind, die vom Lenkungsausschuss des London Concours ausgew\u00e4hlt wurden. Die drei Tage bieten Unterhaltung auf den Rasenfl\u00e4chen, sch\u00f6ne Einzelhandelschalets mit Luxusmarken und Kunsthandwerk sowie eine k\u00f6stliche Auswahl an Speisen und Getr\u00e4nken, die dazu passen.<\/p>\n<\/div>\n\n\n\n<div class=\"wp-block-group alignfull is-style-default is-layout-constrained wp-container-core-group-is-layout-a5e2a670 wp-block-group-is-layout-constrained\" style=\"padding-top:var(--wp--preset--spacing--50);padding-bottom:var(--wp--preset--spacing--50)\">\n<div class=\"wp-block-group ghostkit-custom-2tnQe4 has-light-grey-background-color has-background is-layout-flow wp-container-core-group-is-layout-96ba16c3 wp-block-group-is-layout-flow\" style=\"border-style:none;border-width:0px;margin-top:0;margin-bottom:0;padding-top:var(--wp--preset--spacing--60);padding-right:var(--wp--preset--spacing--60);padding-bottom:var(--wp--preset--spacing--60);padding-left:var(--wp--preset--spacing--60)\"><div style=\"padding:56.25% 0 0 0;position:relative\"><iframe src=\"https:\/\/play.gumlet.io\/embed\/68d1348c2b33c1c8577c9516?caption=true&#038;\" id=\"gumlet-1498024454\" loading=\"lazy\" title=\"Gumlet video player\" style=\"border:none; position: absolute; top:0; left:0; height: 100%; width: 100%;\" allow=\"accelerometer; gyroscope; autoplay; encrypted-media; picture-in-picture; fullscreen;\" frameborder=\"0\"><\/iframe><\/div><\/div>\n<\/div>\n\n\n\n<figure class=\"wp-block-gallery has-nested-images columns-2 is-cropped wp-block-gallery-2 is-layout-flex wp-block-gallery-is-layout-flex\">\n<figure class=\"wp-block-image size-full\"><img loading=\"lazy\" decoding=\"async\" width=\"1920\" height=\"1280\" data-id=\"10125\" src=\"https:\/\/concoursofelegancegermany.com\/wp-content\/uploads\/LC-Gallery-3.jpg\" alt=\"\" class=\"wp-image-10125\" srcset=\"https:\/\/concoursofelegancegermany.com\/wp-content\/uploads\/LC-Gallery-3.jpg 1920w, https:\/\/concoursofelegancegermany.com\/wp-content\/uploads\/LC-Gallery-3-300x200.jpg 300w, https:\/\/concoursofelegancegermany.com\/wp-content\/uploads\/LC-Gallery-3-1024x683.jpg 1024w, https:\/\/concoursofelegancegermany.com\/wp-content\/uploads\/LC-Gallery-3-768x512.jpg 768w, https:\/\/concoursofelegancegermany.com\/wp-content\/uploads\/LC-Gallery-3-1536x1024.jpg 1536w\" sizes=\"auto, (max-width: 1920px) 100vw, 1920px\" \/><\/figure>\n\n\n\n<figure class=\"wp-block-image size-full\"><img loading=\"lazy\" decoding=\"async\" width=\"1920\" height=\"1280\" data-id=\"10109\" src=\"https:\/\/concoursofelegancegermany.com\/wp-content\/uploads\/LC-Gallery-1.jpg\" alt=\"\" class=\"wp-image-10109\" srcset=\"https:\/\/concoursofelegancegermany.com\/wp-content\/uploads\/LC-Gallery-1.jpg 1920w, https:\/\/concoursofelegancegermany.com\/wp-content\/uploads\/LC-Gallery-1-300x200.jpg 300w, https:\/\/concoursofelegancegermany.com\/wp-content\/uploads\/LC-Gallery-1-1024x683.jpg 1024w, https:\/\/concoursofelegancegermany.com\/wp-content\/uploads\/LC-Gallery-1-768x512.jpg 768w, https:\/\/concoursofelegancegermany.com\/wp-content\/uploads\/LC-Gallery-1-1536x1024.jpg 1536w\" sizes=\"auto, (max-width: 1920px) 100vw, 1920px\" \/><\/figure>\n\n\n\n<figure class=\"wp-block-image size-full\"><img loading=\"lazy\" decoding=\"async\" width=\"1920\" height=\"1280\" data-id=\"10113\" src=\"https:\/\/concoursofelegancegermany.com\/wp-content\/uploads\/LC-Gallery-4.jpg\" alt=\"\" class=\"wp-image-10113\" srcset=\"https:\/\/concoursofelegancegermany.com\/wp-content\/uploads\/LC-Gallery-4.jpg 1920w, https:\/\/concoursofelegancegermany.com\/wp-content\/uploads\/LC-Gallery-4-300x200.jpg 300w, https:\/\/concoursofelegancegermany.com\/wp-content\/uploads\/LC-Gallery-4-1024x683.jpg 1024w, https:\/\/concoursofelegancegermany.com\/wp-content\/uploads\/LC-Gallery-4-768x512.jpg 768w, https:\/\/concoursofelegancegermany.com\/wp-content\/uploads\/LC-Gallery-4-1536x1024.jpg 1536w\" sizes=\"auto, (max-width: 1920px) 100vw, 1920px\" \/><\/figure>\n\n\n\n<figure class=\"wp-block-image size-full\"><img loading=\"lazy\" decoding=\"async\" width=\"1920\" height=\"1280\" data-id=\"10117\" src=\"https:\/\/concoursofelegancegermany.com\/wp-content\/uploads\/LC-Gallery-5.jpg\" alt=\"\" class=\"wp-image-10117\" srcset=\"https:\/\/concoursofelegancegermany.com\/wp-content\/uploads\/LC-Gallery-5.jpg 1920w, https:\/\/concoursofelegancegermany.com\/wp-content\/uploads\/LC-Gallery-5-300x200.jpg 300w, https:\/\/concoursofelegancegermany.com\/wp-content\/uploads\/LC-Gallery-5-1024x683.jpg 1024w, https:\/\/concoursofelegancegermany.com\/wp-content\/uploads\/LC-Gallery-5-768x512.jpg 768w, https:\/\/concoursofelegancegermany.com\/wp-content\/uploads\/LC-Gallery-5-1536x1024.jpg 1536w\" sizes=\"auto, (max-width: 1920px) 100vw, 1920px\" \/><\/figure>\n\n\n\n<figure class=\"wp-block-image size-full\"><img loading=\"lazy\" decoding=\"async\" width=\"1707\" height=\"2560\" data-id=\"10121\" src=\"https:\/\/concoursofelegancegermany.com\/wp-content\/uploads\/LC-Gallery-6-scaled.jpg\" alt=\"\" class=\"wp-image-10121\" srcset=\"https:\/\/concoursofelegancegermany.com\/wp-content\/uploads\/LC-Gallery-6-scaled.jpg 1707w, https:\/\/concoursofelegancegermany.com\/wp-content\/uploads\/LC-Gallery-6-200x300.jpg 200w, https:\/\/concoursofelegancegermany.com\/wp-content\/uploads\/LC-Gallery-6-683x1024.jpg 683w, https:\/\/concoursofelegancegermany.com\/wp-content\/uploads\/LC-Gallery-6-768x1152.jpg 768w, https:\/\/concoursofelegancegermany.com\/wp-content\/uploads\/LC-Gallery-6-1024x1536.jpg 1024w, https:\/\/concoursofelegancegermany.com\/wp-content\/uploads\/LC-Gallery-6-1365x2048.jpg 1365w\" sizes=\"auto, (max-width: 1707px) 100vw, 1707px\" \/><\/figure>\n\n\n\n<figure class=\"wp-block-image size-full\"><img loading=\"lazy\" decoding=\"async\" width=\"1920\" height=\"1280\" data-id=\"10127\" src=\"https:\/\/concoursofelegancegermany.com\/wp-content\/uploads\/LC-Gallery-2.jpg\" alt=\"\" class=\"wp-image-10127\" srcset=\"https:\/\/concoursofelegancegermany.com\/wp-content\/uploads\/LC-Gallery-2.jpg 1920w, https:\/\/concoursofelegancegermany.com\/wp-content\/uploads\/LC-Gallery-2-300x200.jpg 300w, https:\/\/concoursofelegancegermany.com\/wp-content\/uploads\/LC-Gallery-2-1024x683.jpg 1024w, https:\/\/concoursofelegancegermany.com\/wp-content\/uploads\/LC-Gallery-2-768x512.jpg 768w, https:\/\/concoursofelegancegermany.com\/wp-content\/uploads\/LC-Gallery-2-1536x1024.jpg 1536w\" sizes=\"auto, (max-width: 1920px) 100vw, 1920px\" \/><\/figure>\n<\/figure>\n<\/div>\n<\/div>\n<\/div>\n","protected":false},"excerpt":{"rendered":"<p>Internationale Concours Wir, Thorough Events, sind ein f\u00fchrender Veranstalter, der daf\u00fcr bekannt ist, einige der prestigetr\u00e4chtigsten Luxusauto-Concours der Welt auszurichten. Abgesehen von unserem neu gestarteten Concours of Elegance Germany am Ufer des Tegernsees in der N\u00e4he von M\u00fcnchen, Deutschland, der bereits zum zweiten Mal stattfindet und j\u00e4hrlich zwei exklusive Concours-Veranstaltungen im Vereinigten K\u00f6nigreich abh\u00e4lt, bringen [&hellip;]<\/p>\n","protected":false},"author":3,"featured_media":0,"parent":0,"menu_order":0,"comment_status":"closed","ping_status":"closed","template":"","meta":{"ghostkit_customizer_options":"","ghostkit_custom_css":"","ghostkit_custom_js_head":"","ghostkit_custom_js_foot":"","ghostkit_typography":"","footnotes":""},"class_list":["post-10291","page","type-page","status-publish","hentry"],"meta_box":{"zoo_page_banner":""},"_links":{"self":[{"href":"https:\/\/concoursofelegancegermany.com\/de\/wp-json\/wp\/v2\/pages\/10291","targetHints":{"allow":["GET"]}}],"collection":[{"href":"https:\/\/concoursofelegancegermany.com\/de\/wp-json\/wp\/v2\/pages"}],"about":[{"href":"https:\/\/concoursofelegancegermany.com\/de\/wp-json\/wp\/v2\/types\/page"}],"author":[{"embeddable":true,"href":"https:\/\/concoursofelegancegermany.com\/de\/wp-json\/wp\/v2\/users\/3"}],"replies":[{"embeddable":true,"href":"https:\/\/concoursofelegancegermany.com\/de\/wp-json\/wp\/v2\/comments?post=10291"}],"version-history":[{"count":4,"href":"https:\/\/concoursofelegancegermany.com\/de\/wp-json\/wp\/v2\/pages\/10291\/revisions"}],"predecessor-version":[{"id":23829,"href":"https:\/\/concoursofelegancegermany.com\/de\/wp-json\/wp\/v2\/pages\/10291\/revisions\/23829"}],"wp:attachment":[{"href":"https:\/\/concoursofelegancegermany.com\/de\/wp-json\/wp\/v2\/media?parent=10291"}],"curies":[{"name":"wp","href":"https:\/\/api.w.org\/{rel}","templated":true}]}}