
{"id":10539,"date":"2024-09-16T12:40:03","date_gmt":"2024-09-16T12:40:03","guid":{"rendered":"https:\/\/concoursofelegancegermany.com\/haendler-goenner\/"},"modified":"2024-09-18T12:39:59","modified_gmt":"2024-09-18T12:39:59","slug":"haendler-goenner","status":"publish","type":"page","link":"https:\/\/concoursofelegancegermany.com\/de\/haendler-goenner\/","title":{"rendered":"H\u00e4ndler-G\u00f6nner"},"content":{"rendered":"\n<div class=\"wp-block-group alignfull is-layout-flow wp-container-core-group-is-layout-a70f80f3 wp-block-group-is-layout-flow\" style=\"margin-top:0;margin-bottom:0;padding-top:0;padding-bottom:0\">\n<div class=\"wp-block-cover banner\"><span aria-hidden=\"true\" class=\"wp-block-cover__background has-background-dim-40 has-background-dim wp-block-cover__gradient-background has-background-gradient\" style=\"background:linear-gradient(180deg,rgb(11,83,201) 0%,rgba(155,81,224,0) 26%)\"><\/span><img loading=\"lazy\" decoding=\"async\" width=\"2560\" height=\"1707\" class=\"wp-block-cover__image-background wp-image-10477\" alt=\"\" src=\"https:\/\/concoursofelegancegermany.com\/wp-content\/uploads\/Feature-Dealer-Patrons-Placeholder.jpg\" style=\"object-position:47% 87%\" data-object-fit=\"cover\" data-object-position=\"47% 87%\" srcset=\"https:\/\/concoursofelegancegermany.com\/wp-content\/uploads\/Feature-Dealer-Patrons-Placeholder.jpg 2560w, https:\/\/concoursofelegancegermany.com\/wp-content\/uploads\/Feature-Dealer-Patrons-Placeholder-300x200.jpg 300w, https:\/\/concoursofelegancegermany.com\/wp-content\/uploads\/Feature-Dealer-Patrons-Placeholder-1024x683.jpg 1024w, https:\/\/concoursofelegancegermany.com\/wp-content\/uploads\/Feature-Dealer-Patrons-Placeholder-768x512.jpg 768w, https:\/\/concoursofelegancegermany.com\/wp-content\/uploads\/Feature-Dealer-Patrons-Placeholder-1536x1024.jpg 1536w, https:\/\/concoursofelegancegermany.com\/wp-content\/uploads\/Feature-Dealer-Patrons-Placeholder-2048x1366.jpg 2048w\" sizes=\"auto, (max-width: 2560px) 100vw, 2560px\" \/><div class=\"wp-block-cover__inner-container is-layout-flow wp-block-cover-is-layout-flow\">\n<div style=\"height:100px\" aria-hidden=\"true\" class=\"wp-block-spacer\"><\/div>\n<\/div><\/div>\n\n\n\n<div class=\"wp-block-group is-style-zoo-page-padding ghostkit-custom-Y7MN0 has-white-background-color has-background is-layout-constrained wp-container-core-group-is-layout-d3543a3b wp-block-group-is-layout-constrained\">\n<div class=\"wp-block-group is-layout-constrained wp-container-core-group-is-layout-42b3979b wp-block-group-is-layout-constrained\">\n<h1 class=\"wp-block-heading has-text-align-center\" id=\"junior-concours\">Concours of Elegance Germany 2024 H\u00e4ndlerf\u00f6rderer<\/h1>\n\n\n\n<p class=\"has-text-align-center\">Die H\u00e4ndlerkunden f\u00fcr 2025 werden zu gegebener Zeit bekannt gegeben.<\/p>\n\n\n\n<blockquote class=\"wp-block-quote is-layout-flow wp-block-quote-is-layout-flow\">\n<p class=\"has-text-align-center has-medium-font-size\"><em>\u201eIch bin mit Concours-Veranstaltungen auf der ganzen Welt unterwegs gewesen, und wir Deutschen haben tolle Sammlungen und Sammler, mit fantastischen Autos \u00fcberall, aber wir haben nur sehr wenige Gelegenheiten und Plattformen, um sie zu pr\u00e4sentieren.\u201c<\/em> Wir freuen uns, dass wir nun eine neue Veranstaltung wie diese hier in Bayern haben, bei der wir unser Hobby und unsere Leidenschaft teilen k\u00f6nnen.\u201c \u2013 Axel Sch\u00fctte, Inhaber von Axel Sch\u00fctte Fine Cars und Schirmherr des Concours-H\u00e4ndlers 2024<\/p>\n<\/blockquote>\n<\/div>\n\n\n\n<hr class=\"wp-block-separator has-text-color has-light-grey-color has-alpha-channel-opacity has-light-grey-background-color has-background\" style=\"margin-top:var(--wp--preset--spacing--60);margin-bottom:var(--wp--preset--spacing--60)\"\/>\n\n\n\n<h2 class=\"wp-block-heading has-text-align-center\" id=\"dealer-patrons\">H\u00e4ndler-G\u00f6nner<\/h2>\n\n\n                    \n                    <div class=\"partner-list\" data-columns=\"3\">\n\t\t\t    \n\t\t\t                                            \n                                        <div class=\"partner-block post-6381\">\n\t\t\t\t\t\t\t\t\t\t\t\t                                                            <img loading=\"lazy\" decoding=\"async\" src=\"https:\/\/concoursofelegancegermany.com\/wp-content\/uploads\/Partner-Sponsor-Tiles-Schaltkulisse.jpg\" width=\"840\" height=\"560\" alt=\"Schaltkulisse\">\n\t\t\t\t\t\t                                                    <div class=\"overlay\">\n\t\t\t\t\t\t\t                                                            <div class=\"partner-logo\">\n                                                                <img loading=\"lazy\" decoding=\"async\" src=\"https:\/\/concoursofelegancegermany.com\/wp-content\/uploads\/Schaltkulisse-Partner-Logo-25.png\" width=\"840\" height=\"225\" alt=\"Schaltkulisse Logo\">\n                                                            <\/div>\n\t\t\t\t\t\t\t\t\t\t\t\t\t\t                                                            <h4><span>Dealer Patron &amp; Official Tour Engineering Partner<\/span><\/h4>\n\t\t\t\t\t\t\t                                                <\/div>\n\t\t\t\t\t\t                                            <\/div>\n\t\t\t\t\t                        \n                    <\/div>\n                    \n                \n\t\t<\/div>\n<\/div>\n","protected":false},"excerpt":{"rendered":"<p>Concours of Elegance Germany 2024 H\u00e4ndlerf\u00f6rderer Die H\u00e4ndlerkunden f\u00fcr 2025 werden zu gegebener Zeit bekannt gegeben. \u201eIch bin mit Concours-Veranstaltungen auf der ganzen Welt unterwegs gewesen, und wir Deutschen haben tolle Sammlungen und Sammler, mit fantastischen Autos \u00fcberall, aber wir haben nur sehr wenige Gelegenheiten und Plattformen, um sie zu pr\u00e4sentieren.\u201c Wir freuen uns, dass [&hellip;]<\/p>\n","protected":false},"author":3,"featured_media":0,"parent":0,"menu_order":0,"comment_status":"closed","ping_status":"closed","template":"","meta":{"ghostkit_customizer_options":"","ghostkit_custom_css":"","ghostkit_custom_js_head":"","ghostkit_custom_js_foot":"","ghostkit_typography":"","footnotes":""},"class_list":["post-10539","page","type-page","status-publish","hentry"],"meta_box":{"zoo_page_banner":""},"_links":{"self":[{"href":"https:\/\/concoursofelegancegermany.com\/de\/wp-json\/wp\/v2\/pages\/10539","targetHints":{"allow":["GET"]}}],"collection":[{"href":"https:\/\/concoursofelegancegermany.com\/de\/wp-json\/wp\/v2\/pages"}],"about":[{"href":"https:\/\/concoursofelegancegermany.com\/de\/wp-json\/wp\/v2\/types\/page"}],"author":[{"embeddable":true,"href":"https:\/\/concoursofelegancegermany.com\/de\/wp-json\/wp\/v2\/users\/3"}],"replies":[{"embeddable":true,"href":"https:\/\/concoursofelegancegermany.com\/de\/wp-json\/wp\/v2\/comments?post=10539"}],"version-history":[{"count":1,"href":"https:\/\/concoursofelegancegermany.com\/de\/wp-json\/wp\/v2\/pages\/10539\/revisions"}],"predecessor-version":[{"id":10541,"href":"https:\/\/concoursofelegancegermany.com\/de\/wp-json\/wp\/v2\/pages\/10539\/revisions\/10541"}],"wp:attachment":[{"href":"https:\/\/concoursofelegancegermany.com\/de\/wp-json\/wp\/v2\/media?parent=10539"}],"curies":[{"name":"wp","href":"https:\/\/api.w.org\/{rel}","templated":true}]}}