
{"id":10791,"date":"2024-09-23T15:35:47","date_gmt":"2024-09-23T15:35:47","guid":{"rendered":"https:\/\/concoursofelegancegermany.com\/allgemeine-geschaefstbedingungen\/"},"modified":"2024-09-23T15:46:31","modified_gmt":"2024-09-23T15:46:31","slug":"allgemeine-geschaefstbedingungen","status":"publish","type":"page","link":"https:\/\/concoursofelegancegermany.com\/de\/allgemeine-geschaefstbedingungen\/","title":{"rendered":"ALLGEMEINE GESCH\u00c4FSTBEDINGUNGEN"},"content":{"rendered":"\n<div class=\"wp-block-group alignfull banner is-layout-flow wp-container-core-group-is-layout-a70f80f3 wp-block-group-is-layout-flow\" style=\"min-height:700px;margin-top:0;margin-bottom:0;padding-top:0;padding-bottom:0\">\n<div class=\"wp-block-cover banner\" style=\"min-height:700px;aspect-ratio:unset;\"><span aria-hidden=\"true\" class=\"wp-block-cover__background has-background-dim-30 has-background-dim wp-block-cover__gradient-background has-background-gradient\" style=\"background:linear-gradient(180deg,rgb(23,124,10) 0%,rgba(155,81,224,0) 28%)\"><\/span><img loading=\"lazy\" decoding=\"async\" width=\"2560\" height=\"1706\" class=\"wp-block-cover__image-background wp-image-10783\" alt=\"\" src=\"https:\/\/concoursofelegancegermany.com\/wp-content\/uploads\/Feature-Terms-and-Conditions.jpg\" style=\"object-position:48% 91%\" data-object-fit=\"cover\" data-object-position=\"48% 91%\" srcset=\"https:\/\/concoursofelegancegermany.com\/wp-content\/uploads\/Feature-Terms-and-Conditions.jpg 2560w, https:\/\/concoursofelegancegermany.com\/wp-content\/uploads\/Feature-Terms-and-Conditions-300x200.jpg 300w, https:\/\/concoursofelegancegermany.com\/wp-content\/uploads\/Feature-Terms-and-Conditions-1024x682.jpg 1024w, https:\/\/concoursofelegancegermany.com\/wp-content\/uploads\/Feature-Terms-and-Conditions-768x512.jpg 768w, https:\/\/concoursofelegancegermany.com\/wp-content\/uploads\/Feature-Terms-and-Conditions-1536x1024.jpg 1536w, https:\/\/concoursofelegancegermany.com\/wp-content\/uploads\/Feature-Terms-and-Conditions-2048x1365.jpg 2048w\" sizes=\"auto, (max-width: 2560px) 100vw, 2560px\" \/><div class=\"wp-block-cover__inner-container is-layout-flow wp-block-cover-is-layout-flow\">\n<div style=\"height:100px\" aria-hidden=\"true\" class=\"wp-block-spacer\"><\/div>\n<\/div><\/div>\n\n\n\n<div class=\"wp-block-group is-style-zoo-page-padding ghostkit-custom-Y7MN0 has-white-background-color has-background is-layout-constrained wp-container-core-group-is-layout-c121a3eb wp-block-group-is-layout-constrained\">\n<h1 class=\"wp-block-heading\" id=\"terms-conditions\">ALLGEMEINE GESCH\u00c4FSTBEDINGUNGEN<\/h1>\n\n\n\n<div class=\"wp-block-group is-layout-constrained wp-container-core-group-is-layout-92b9201d wp-block-group-is-layout-constrained\">\n<h2 class=\"wp-block-heading\" id=\"definitions\">Definitionen<\/h2>\n\n\n\n<ul class=\"wp-block-list\">\n<li><strong>&#8222;Bedingungen&#8220;<\/strong> bedeutet diese Teilnahmebedingungen f\u00fcr die Veranstaltung. <\/li>\n\n\n\n<li><strong>&#8222;Teilnahmeformular&#8220;<\/strong> bezeichnet dieses Anmeldeformular einschlie\u00dflich dieser Bedingungen und der Entsch\u00e4digungserkl\u00e4rung, das f\u00fcr die Teilnahme an der Veranstaltung ausgef\u00fcllt werden muss. <\/li>\n\n\n\n<li><strong>&#8222;Veranstaltung&#8220;<\/strong> bezeichnet den Concours of Elegance Germany 2025 und die Tour of Elegance.<\/li>\n\n\n\n<li><strong>&#8222;Schadloshaltungserkl\u00e4rung&#8220;<\/strong> bedeutet die Schadloshaltungserkl\u00e4rung die Bestandteil des Teilnahmeformulars ist.<\/li>\n\n\n\n<li><strong>&#8222;Veranstalter&#8220;<\/strong> bedeutet Thorough Events GmbH seine leitenden Angestellten, Mitarbeiter, Lieferanten und\/oder Sponsoren und\/oder Personen, denen der Veranstalter gegen\u00fcber verantwortlich ist.<\/li>\n\n\n\n<li><strong>&#8222;Teilnehmer&#8220; <\/strong>bezeichnet den Eigent\u00fcmer des Kraftfahrzeugs (oder gegebenenfalls seinen Bevollm\u00e4chtigten), der auf dem Anmeldeformular genannt wird, den genannten Miteigent\u00fcmer oder Gast und alle Mitarbeiter, deren Daten auf dem Anmeldeformular angegeben sind (falls vorhanden).<\/li>\n\n\n\n<li><strong>&#8222;Fahrzeug\u201c<\/strong> bezeichnet das Kraftfahrzeug, das bei der Veranstaltung ausgestellt oder gefahren werden soll und dessen Einzelheiten im Anmeldeformular aufgef\u00fchrt sind.<\/li>\n<\/ul>\n<\/div>\n\n\n\n<div class=\"wp-block-group is-layout-constrained wp-container-core-group-is-layout-92b9201d wp-block-group-is-layout-constrained\">\n<h2 class=\"wp-block-heading\" id=\"entry-participation-and-conditions\">ANMELDUNG, TEILNAHME UND BEDINGUNGEN<\/h2>\n\n\n\n<ol class=\"wp-block-list\">\n<li>Die Teilnahme an der Veranstaltung als Teilnehmer erfolgt ausschlie\u00dflich auf Einladung des Veranstalters, der sich das Recht vorbeh\u00e4lt, die Teilnahme an der Veranstaltung ohne Angabe von Gr\u00fcnden zu verweigern.<\/li>\n\n\n\n<li>Mit der Einreichung des Teilnahmeformulars best\u00e4tigen Sie dem Veranstalter, dass Sie die &#8222;Allgemeinen Gesch\u00e4ftsbedingungen&#8220;, wie sie hier aufgef\u00fchrt sind, und die Bedingungen der &#8222;Entsch\u00e4digungserkl\u00e4rung&#8220;, wie sie auf Seite 7 aufgef\u00fchrt sind, gelesen und vollst\u00e4ndig verstanden haben, und Sie stimmen hiermit zu, an diese Bedingungen gebunden zu sein.<\/li>\n\n\n\n<li>Das Fahrzeug muss f\u00fcr das Fahren auf \u00f6ffentlichen Stra\u00dfen zugelassen sein oder \u00fcber eine Genehmigung verf\u00fcgen (ein entsprechender Nachweis muss auf Verlangen des Veranstalters zur Einsichtnahme vorgelegt werden) und sich in einem einwandfreien Zustand befinden. (Ausgeschlossen sind Nicht-Rennwagen und Ausstellungsfahrzeuge) <\/li>\n\n\n\n<li>Das Fahrzeug darf nur von dem\/den Eigent\u00fcmer(n) oder einer vom\/von den Eigent\u00fcmer(n) benannten Person gefahren werden, die \u00fcber 21 Jahre alt und im Besitz eines g\u00fcltigen F\u00fchrerscheins sein muss. Inhaber eines Lernfahrausweises d\u00fcrfen nicht an der Veranstaltung teilnehmen. <\/li>\n\n\n\n<li>Das Fahrzeug darf innerhalb von 20 Tagen vor der Veranstaltung nicht auf anderen \u00f6ffentlichen Automobilausstellungen, Veranstaltungen, Ausstellungen oder Auktionen in Deutschland gezeigt oder ausgestellt werden, es sei denn, es liegt eine vorherige schriftliche Genehmigung des Veranstalters vor. Der Veranstalter hat das Recht, dem Teilnehmer und dem Fahrzeug die Teilnahme an der Veranstaltung zu verweigern, wenn der Teilnehmer eine solche vorherige schriftliche Zustimmung nicht erhalten hat. <\/li>\n\n\n\n<li>Der Teilnehmer darf das Fahrzeug nicht ohne vorherige schriftliche Zustimmung des Veranstalters durch ein anderes Fahrzeug ersetzen. Ein Antrag auf Zustimmung des Veranstalters zum Austausch des Fahrzeugs muss sp\u00e4testens acht Wochen vor der Veranstaltung schriftlich gestellt werden. Die Zustimmung zur Ersetzung liegt im alleinigen Ermessen des Veranstalters.  <\/li>\n\n\n\n<li>Die vollst\u00e4ndige Zahlung der Concours\/Concours  Unterhaltungspaket-Geb\u00fchr ist bei Annahme der Teilnahme f\u00e4llig.<\/li>\n<\/ol>\n<\/div>\n\n\n\n<div class=\"wp-block-group is-layout-constrained wp-container-core-group-is-layout-92b9201d wp-block-group-is-layout-constrained\">\n<h2 class=\"wp-block-heading\" id=\"participation-at-the-event\">TEILNAHME AN DER VERANSTALTUNG<\/h2>\n\n\n\n<ol start=\"8\" class=\"wp-block-list ghostkit-list-columns-1\">\n<li>Der Teilnehmer verpflichtet sich, alle geltenden Regeln und Vorschriften des Veranstalters, die die Veranstaltung \u00fcberwachen, einzuhalten. Der Veranstalter ist berechtigt, dem Teilnehmer von Zeit zu Zeit Regeln aufzuerlegen aufzuerlegen, die Teil dieser Bedingungen sind. <\/li>\n\n\n\n<li>Der Veranstalter beh\u00e4lt sich das Recht vor, den Teilnehmer jederzeit von der Veranstaltung zu entfernen oder ihm die Teilnahme an der Veranstaltung zu verweigern, wenn der Veranstalter dies aus Gr\u00fcnden der Sicherheit oder des Vergn\u00fcgens der anderen Teilnehmer und Besucher der Veranstaltung f\u00fcr notwendig erachtet.<\/li>\n\n\n\n<li>Als Gegenleistung daf\u00fcr, dass der Veranstalter die Teilnahme an der Veranstaltung gestattet,<br\/>erkl\u00e4rt sich der Teilnehmer damit einverstanden, dass das Fahrzeug und\/oder der Teilnehmer bei der Veranstaltung fotografiert, gefilmt oder mit anderen Mitteln zur Speicherung von bewegten oder unbewegten Bildern aufgezeichnet wird, und r\u00e4umt dem Veranstalter das Recht ein, die Produkte solcher Aufnahmen ganz oder teilweise in allen bekannten oder k\u00fcnftig entwickelten Medien und Formaten weltweit und dauerhaft zu nutzen. Jeder Film, jedes Foto oder jede andere Aufzeichnung von bewegten oder unbewegten Bildern sowie das gesamte geistige Eigentum in Verbindung damit bleiben Eigentum des Veranstalters, und wenn dieses geistige Eigentum nicht automatisch auf den Veranstalter \u00fcbergeht, stellen diese Bedingungen eine rechtsverbindliche Abtretung desselben dar. Der Teilnehmer willigt ferner in die Verwendung und Vervielf\u00e4ltigung seines Namens, seines Bildes, seines Aussehens und seiner Fotos, Filme und Aufnahmen mit allen Mitteln und in allen Medien zum Zwecke der Werbung, der \u00d6ffentlichkeitsarbeit und in sonstiger Weise im Zusammenhang mit der Nutzung der Veranstaltung und\/oder der F\u00f6rderung der Veranstaltung (und k\u00fcnftiger Veranstaltungen) ein, vorausgesetzt, dass eine solche Verwendung eine solche Verwendung nicht den Eindruck erwecken darf, dass der Teilnehmer einen offiziellen Sponsor oder Lieferanten der Veranstaltung direkt unterst\u00fctzt.  <\/li>\n<\/ol>\n<\/div>\n\n\n\n<div class=\"wp-block-group is-layout-constrained wp-container-core-group-is-layout-92b9201d wp-block-group-is-layout-constrained\">\n<h2 class=\"wp-block-heading\" id=\"liability-and-insurance\">HAFTUNG UND VERSICHERUNG<\/h2>\n\n\n\n<ol start=\"11\" class=\"wp-block-list\">\n<li>Der Teilnehmer nimmt zur Kenntnis, dass der Veranstalter keine Versicherung f\u00fcr den Teilnehmer abschlie\u00dft und dass der Teilnehmer f\u00fcr den Abschluss aller f\u00fcr die Teilnahme an der Veranstaltung erforderlichen Versicherungen verantwortlich ist, einschlie\u00dflich, aber nicht beschr\u00e4nkt auf, eine R\u00fccktritts-, Betriebshaftpflicht- und Arbeitnehmerhaftpflichtversicherung gegen Personensch\u00e4den, Tod und Besch\u00e4digung oder Verlust von Eigentum sowie eine Vollkaskoversicherung f\u00fcr Fahrzeuge, die f\u00fcr die Teilnahme an einer Veranstaltung dieser Art geeignet ist. Der Teilnehmer muss mit diesem Teilnahmeformular eine Kopie der g\u00fcltigen Versicherungsbescheinigung des Teilnehmers als Nachweis f\u00fcr diesen Versicherungsschutz vorlegen. <\/li>\n\n\n\n<li>Vorbehaltlich der nachstehenden Bestimmung 13 ist der Veranstalter nicht haftbar haftet der Veranstalter gegen\u00fcber dem Teilnehmer nicht f\u00fcr tats\u00e4chliche oder angebliche indirekte Verluste oder Folgesch\u00e4den, die dem Teilnehmer in irgendeiner Weise entstehen, einschlie\u00dflich, aber nicht beschr\u00e4nkt auf entgangene Gewinne, erwartete Gewinne, Einsparungen, entgangene Gesch\u00e4ftseinnahmen, Gesch\u00e4ftsverluste, Verlust von Gelegenheiten, Verlust des Firmenwerts oder jede andere Art von wirtschaftlichen Verlusten. Der Veranstalter \u00fcbernimmt keine Verantwortung oder Haftung f\u00fcr den Verlust (oder Diebstahl) oder die Besch\u00e4digung der Person, des Eigentums und der Sachen des Teilnehmers oder seiner G\u00e4ste, Angestellten oder Vertreter, die sich aus der Teilnahme des Teilnehmers an der Veranstaltung ergeben, und der Veranstalter haftet auch nicht f\u00fcr Handlungen von Zuschauern, Besuchern oder anderen Dritten, sofern in diesen Bedingungen nichts anderes festgelegt ist. <\/li>\n\n\n\n<li>Keine Bestimmung dieser Bedingungen schlie\u00dft die Haftung des Veranstalters f\u00fcr Tod oder K\u00f6rperverletzung aus, die durch Fahrl\u00e4ssigkeit des Veranstalters, Betrug oder arglistige T\u00e4uschung verursacht wurden, oder f\u00fcr Angelegenheiten, deren Ausschluss oder Versuch eines Haftungsausschlusses f\u00fcr den Veranstalter rechtswidrig w\u00e4re.<\/li>\n\n\n\n<li>Der Teilnehmer stellt den Veranstalter in vollem Umfang und wirksam von allen Anspr\u00fcchen, Rechtsstreitigkeiten und Klagen frei, insbesondere f\u00fcr den Verlust oder die Besch\u00e4digung von Eigentum oder die Verletzung oder den Tod von Personen, die sich aus einem Versto\u00df des Teilnehmers gegen diese Bedingungen und\/oder aus einer Handlung oder Unterlassung des Teilnehmers, seiner Mitarbeiter, Unterauftragnehmer oder Eingeladenen ergeben, und h\u00e4lt den Veranstalter schadlos. des Teilnehmers, seiner Angestellten, Bevollm\u00e4chtigten, Unterauftragnehmer oder Eingeladenen.<\/li>\n\n\n\n<li>Die Eigent\u00fcmer sind f\u00fcr alle Risiken f\u00fcr sich und ihre Fahrzeuge verantwortlich. Der Veranstalter haftet nicht f\u00fcr Sorgfalt, Verwahrung oder Kontrolle. <\/li>\n<\/ol>\n<\/div>\n\n\n\n<div class=\"wp-block-group is-layout-constrained wp-container-core-group-is-layout-92b9201d wp-block-group-is-layout-constrained\">\n<h2 class=\"wp-block-heading\" id=\"changes-and-cancellation\">\u00c4NDERUNGEN UND VETRAGSK\u00dcNDIGUNG<\/h2>\n\n\n\n<ol start=\"16\" class=\"wp-block-list\">\n<li>Der Veranstalter beh\u00e4lt sich das Recht vor, den Veranstaltungsort und\/oder das Datum der Veranstaltung jederzeit und aus beliebigen Gr\u00fcnden zu stornieren oder zu \u00e4ndern (einschlie\u00dflich, aber nicht beschr\u00e4nkt auf Ereignisse h\u00f6herer Gewalt, die den Veranstalter daran hindern k\u00f6nnen, seinen Verpflichtungen gem\u00e4\u00df diesen Bedingungen nachzukommen). &#8222;H\u00f6here Gewalt&#8220; bedeutet und umfasst Feuer, \u00dcberschwemmung, Naturkatastrophen, Unf\u00e4lle, Aussperrung, Streiks, Arbeitsk\u00e4mpfe, Arbeitskampfma\u00dfnahmen jeglicher Art, unvermeidbare Unf\u00e4lle, Ausr\u00fcstungsausf\u00e4lle, nationale Unruhen oder Aufst\u00e4nde, h\u00f6here Gewalt, alle Ursachen oder Ereignisse, die aus dem Krieg resultieren oder diesem zuzuschreiben sind, oder alle anderen Ursachen oder Ereignisse (gleichg\u00fcltig, ob sie \u00e4hnlicher oder un\u00e4hnlicher Natur sind), die au\u00dferhalb der Kontrolle des Veranstalters liegen.<br\/>Der Veranstalter haftet gegen\u00fcber dem Teilnehmer nicht f\u00fcr Verluste, Versp\u00e4tungen, Sch\u00e4den oder sonstige Haftungen, die sich aus der Absage oder der \u00c4nderung des Termins oder des Veranstaltungsorts der Veranstaltung ergeben oder damit zusammenh\u00e4ngen. <\/li>\n\n\n\n<li>Die Entscheidung des Veranstalters ist in allen Streitf\u00e4llen oder Diskussionen endg\u00fcltig, und alle Troph\u00e4en- und Preisentscheidungen sind endg\u00fcltig, und es wird keine Diskussion oder Korrespondenz mit dem Teilnehmer gef\u00fchrt.<\/li>\n\n\n\n<li>Der Veranstalter beh\u00e4lt sich das Recht vor, jederzeit \u00c4nderungen an den Bedingungen vorzunehmen oder zus\u00e4tzliche Regelungen aufzuerlegen, die er nach eigenem Ermessen f\u00fcr notwendig h\u00e4lt oder die im besten Interesse der Veranstaltung sind.<\/li>\n\n\n\n<li>Um Ihre Teilnahme an der Veranstaltung zu stornieren, m\u00fcssen Sie den Organisator mindestens 60 Tage vor der Veranstaltung schriftlich benachrichtigen.<\/li>\n\n\n\n<li>Stornogeb\u00fchren: 50% bei Unterzeichnung, nicht erstattungsf\u00e4hig, 100% nicht erstattungsf\u00e4hig, wenn die Stornierung weniger als 60 Tage vor der Veranstaltung eingeht.<\/li>\n<\/ol>\n<\/div>\n<\/div>\n<\/div>\n","protected":false},"excerpt":{"rendered":"<p>ALLGEMEINE GESCH\u00c4FSTBEDINGUNGEN Definitionen ANMELDUNG, TEILNAHME UND BEDINGUNGEN TEILNAHME AN DER VERANSTALTUNG HAFTUNG UND VERSICHERUNG \u00c4NDERUNGEN UND VETRAGSK\u00dcNDIGUNG<\/p>\n","protected":false},"author":3,"featured_media":0,"parent":0,"menu_order":0,"comment_status":"closed","ping_status":"closed","template":"","meta":{"ghostkit_customizer_options":"","ghostkit_custom_css":"","ghostkit_custom_js_head":"","ghostkit_custom_js_foot":"","ghostkit_typography":"","footnotes":""},"class_list":["post-10791","page","type-page","status-publish","hentry"],"meta_box":{"zoo_page_banner":""},"_links":{"self":[{"href":"https:\/\/concoursofelegancegermany.com\/de\/wp-json\/wp\/v2\/pages\/10791","targetHints":{"allow":["GET"]}}],"collection":[{"href":"https:\/\/concoursofelegancegermany.com\/de\/wp-json\/wp\/v2\/pages"}],"about":[{"href":"https:\/\/concoursofelegancegermany.com\/de\/wp-json\/wp\/v2\/types\/page"}],"author":[{"embeddable":true,"href":"https:\/\/concoursofelegancegermany.com\/de\/wp-json\/wp\/v2\/users\/3"}],"replies":[{"embeddable":true,"href":"https:\/\/concoursofelegancegermany.com\/de\/wp-json\/wp\/v2\/comments?post=10791"}],"version-history":[{"count":1,"href":"https:\/\/concoursofelegancegermany.com\/de\/wp-json\/wp\/v2\/pages\/10791\/revisions"}],"predecessor-version":[{"id":10793,"href":"https:\/\/concoursofelegancegermany.com\/de\/wp-json\/wp\/v2\/pages\/10791\/revisions\/10793"}],"wp:attachment":[{"href":"https:\/\/concoursofelegancegermany.com\/de\/wp-json\/wp\/v2\/media?parent=10791"}],"curies":[{"name":"wp","href":"https:\/\/api.w.org\/{rel}","templated":true}]}}