
{"id":10807,"date":"2024-09-23T15:53:59","date_gmt":"2024-09-23T15:53:59","guid":{"rendered":"https:\/\/concoursofelegancegermany.com\/schadloshaltungserklaerung\/"},"modified":"2024-09-23T16:02:35","modified_gmt":"2024-09-23T16:02:35","slug":"schadloshaltungserklaerung","status":"publish","type":"page","link":"https:\/\/concoursofelegancegermany.com\/de\/schadloshaltungserklaerung\/","title":{"rendered":"SCHADLOSHALTUNGSERKL\u00c4RUNG"},"content":{"rendered":"\n<div class=\"wp-block-group alignfull banner is-layout-flow wp-container-core-group-is-layout-a70f80f3 wp-block-group-is-layout-flow\" style=\"min-height:700px;margin-top:0;margin-bottom:0;padding-top:0;padding-bottom:0\">\n<div class=\"wp-block-cover banner\" style=\"min-height:700px;aspect-ratio:unset;\"><span aria-hidden=\"true\" class=\"wp-block-cover__background has-background-dim-30 has-background-dim wp-block-cover__gradient-background has-background-gradient\" style=\"background:linear-gradient(180deg,rgb(0,0,0) 0%,rgba(155,81,224,0) 28%)\"><\/span><img loading=\"lazy\" decoding=\"async\" width=\"2560\" height=\"1707\" class=\"wp-block-cover__image-background wp-image-10797\" alt=\"\" src=\"https:\/\/concoursofelegancegermany.com\/wp-content\/uploads\/Feature-Letter-of-Indemnity.jpg\" style=\"object-position:48% 81%\" data-object-fit=\"cover\" data-object-position=\"48% 81%\" srcset=\"https:\/\/concoursofelegancegermany.com\/wp-content\/uploads\/Feature-Letter-of-Indemnity.jpg 2560w, https:\/\/concoursofelegancegermany.com\/wp-content\/uploads\/Feature-Letter-of-Indemnity-300x200.jpg 300w, https:\/\/concoursofelegancegermany.com\/wp-content\/uploads\/Feature-Letter-of-Indemnity-1024x683.jpg 1024w, https:\/\/concoursofelegancegermany.com\/wp-content\/uploads\/Feature-Letter-of-Indemnity-768x512.jpg 768w, https:\/\/concoursofelegancegermany.com\/wp-content\/uploads\/Feature-Letter-of-Indemnity-1536x1024.jpg 1536w, https:\/\/concoursofelegancegermany.com\/wp-content\/uploads\/Feature-Letter-of-Indemnity-2048x1366.jpg 2048w\" sizes=\"auto, (max-width: 2560px) 100vw, 2560px\" \/><div class=\"wp-block-cover__inner-container is-layout-flow wp-block-cover-is-layout-flow\">\n<div style=\"height:100px\" aria-hidden=\"true\" class=\"wp-block-spacer\"><\/div>\n<\/div><\/div>\n\n\n\n<div class=\"wp-block-group is-style-zoo-page-padding ghostkit-custom-Y7MN0 has-white-background-color has-background is-layout-constrained wp-container-core-group-is-layout-c121a3eb wp-block-group-is-layout-constrained\">\n<h1 class=\"wp-block-heading\" id=\"letter-of-indemnity\">SCHADLOSHALTUNGSERKL\u00c4RUNG<\/h1>\n\n\n\n<ul class=\"wp-block-list is-style-zoo-bullet-red\">\n<li>Mit dem Absenden des Anmeldeformulars best\u00e4tige ich, dass ich die im Anmeldeformular enthaltenen Informationen \u00fcber die Veranstaltung und die Teilnahmebedingungen gelesen und verstanden habe.<\/li>\n\n\n\n<li>Ich erkenne die Bedingungen sowie alle Regeln und Vorschriften an, die mir der Veranstalter in den Wochen vor der Veranstaltung von Zeit zu Zeit mitteilt.<\/li>\n\n\n\n<li>Ich nehme zur Kenntnis, dass der Veranstalter keine Versicherungen f\u00fcr mich abschlie\u00dft, und best\u00e4tige, dass ich alle f\u00fcr meine Teilnahme an der Veranstaltung erforderlichen Versicherungen abgeschlossen habe, insbesondere eine R\u00fccktritts-, Betriebshaftpflicht- und Arbeitnehmerhaftpflichtversicherung gegen Personensch\u00e4den, Tod und Besch\u00e4digung oder Verlust von Eigentum sowie eine Vollkaskoversicherung f\u00fcr mein Fahrzeug, die f\u00fcr die Teilnahme an einer Veranstaltung dieser Art geeignet ist.<\/li>\n\n\n\n<li>Ich best\u00e4tige, dass ich gesund bin und keine gesundheitlichen Beeintr\u00e4chtigungen habe, die mich von der Teilnahme an der Veranstaltung abhalten k\u00f6nnten, und erkl\u00e4re mich damit einverstanden, dass ich die alleinige Verantwortung f\u00fcr meine Handlungen trage und dass der Veranstalter, seine Vertreter, leitenden Angestellten, Mitarbeiter, Lieferanten und\/oder Sponsoren und\/oder Personen, f\u00fcr die die Organisation verantwortlich ist oder denen gegen\u00fcber sie Rechenschaft ablegt (&#8222;verbundene Parteien&#8220;), nicht f\u00fcr Verluste, Verletzungen oder Krankheiten verantwortlich sind, die ich infolge meiner Teilnahme an der Veranstaltung erleide (es sei denn, sie wurden durch Fahrl\u00e4ssigkeit des Veranstalters oder der Verbundenen Parteien verursacht).<\/li>\n\n\n\n<li>Der Veranstalter haftet nicht f\u00fcr tats\u00e4chliche oder angebliche indirekte Verluste oder Folgesch\u00e4den, die ich erleide, einschlie\u00dflich, aber nicht beschr\u00e4nkt auf entgangene Gewinne, erwartete Gewinne, Einsparungen, entgangene Gesch\u00e4ftseinnahmen, Gesch\u00e4ftsverluste, Verlust von Gelegenheiten, Verlust des Firmenwerts oder jede andere Art von wirtschaftlichen Verlusten. Der Veranstalter \u00fcbernimmt keine Verantwortung oder Haftung f\u00fcr den Verlust (oder Diebstahl) meiner Person, meines Eigentums und meiner Sachen oder der meiner G\u00e4ste, Angestellten oder Vertreter, die sich aus meiner Teilnahme an der Veranstaltung ergeben, noch haftet der Veranstalter f\u00fcr Handlungen von Zuschauern, Besuchern oder anderen Dritten bei der Veranstaltung. <\/li>\n\n\n\n<li>In Anbetracht der Tatsache, dass der Veranstalter meine Teilnahme an der Veranstaltung akzeptiert, erkl\u00e4re ich mich damit einverstanden, den Veranstalter schadlos zu halten und ihn in vollem Umfang und wirksam von allen Anspr\u00fcchen, Gerichtsverfahren und Klagegr\u00fcnden freizustellen, einschlie\u00dflich und ohne Einschr\u00e4nkung f\u00fcr den Verlust oder die Besch\u00e4digung von Eigentum oder die Verletzung oder den Tod von Personen, die sich aus einem Versto\u00df des Teilnehmers gegen diese Bedingungen und\/oder aus einer Handlung oder Unterlassung des Teilnehmers, seiner Angestellten, Vertreter, Subunternehmer oder Eingeladenen ergeben.<\/li>\n\n\n\n<li>Die Haftung des Veranstalters, die von Gesetzes wegen nicht ausgeschlossen werden kann, wird durch nichts ausgeschlossen oder beschr\u00e4nkt.<\/li>\n<\/ul>\n\n\n\n<div class=\"wp-block-group is-layout-constrained wp-block-group-is-layout-constrained\">\n<p>DAS TEILNAHMEFORMULAR, DIE ALLGEMEINEN GESCH\u00c4FTSBEDINGUNGEN UND DIE ENTSCH\u00c4DIGUNGSERKL\u00c4RUNG BILDEN ZUSAMMEN DEN &#8222;VERTRAG&#8220;. DIE BESTIMMUNGEN DER VEREINBARUNG UND JEGLICHE \u00c4NDERUNGEN DARAN UNTERLIEGEN DEUTSCHEN RECHT UND DIE GERICHTE DER BUNDESREPUBLIK DEUTSCHLAND SIND AUSSCHLIESSLICH ZUST\u00c4NDIG F\u00dcR DIE ENTSCHEIDUNG VON STREITIGKEITEN ODER ANSPR\u00dcCHEN, DIE SICH AUS ODER IN VERBINDUNG MIT DIESER VEREINBARUNG ERGEBEN. <\/p>\n\n\n\n<p>(EINSCHLIESSLICH AUSSERVERTRAGLICHER STREITIGKEITEN ODER ANSPR\u00dcCHE).<\/p>\n<\/div>\n<\/div>\n<\/div>\n","protected":false},"excerpt":{"rendered":"<p>SCHADLOSHALTUNGSERKL\u00c4RUNG DAS TEILNAHMEFORMULAR, DIE ALLGEMEINEN GESCH\u00c4FTSBEDINGUNGEN UND DIE ENTSCH\u00c4DIGUNGSERKL\u00c4RUNG BILDEN ZUSAMMEN DEN &#8222;VERTRAG&#8220;. DIE BESTIMMUNGEN DER VEREINBARUNG UND JEGLICHE \u00c4NDERUNGEN DARAN UNTERLIEGEN DEUTSCHEN RECHT UND DIE GERICHTE DER BUNDESREPUBLIK DEUTSCHLAND SIND AUSSCHLIESSLICH ZUST\u00c4NDIG F\u00dcR DIE ENTSCHEIDUNG VON STREITIGKEITEN ODER ANSPR\u00dcCHEN, DIE SICH AUS ODER IN VERBINDUNG MIT DIESER VEREINBARUNG ERGEBEN. (EINSCHLIESSLICH AUSSERVERTRAGLICHER STREITIGKEITEN ODER ANSPR\u00dcCHE).<\/p>\n","protected":false},"author":3,"featured_media":0,"parent":0,"menu_order":0,"comment_status":"closed","ping_status":"closed","template":"","meta":{"ghostkit_customizer_options":"","ghostkit_custom_css":"","ghostkit_custom_js_head":"","ghostkit_custom_js_foot":"","ghostkit_typography":"","footnotes":""},"class_list":["post-10807","page","type-page","status-publish","hentry"],"meta_box":{"zoo_page_banner":""},"_links":{"self":[{"href":"https:\/\/concoursofelegancegermany.com\/de\/wp-json\/wp\/v2\/pages\/10807","targetHints":{"allow":["GET"]}}],"collection":[{"href":"https:\/\/concoursofelegancegermany.com\/de\/wp-json\/wp\/v2\/pages"}],"about":[{"href":"https:\/\/concoursofelegancegermany.com\/de\/wp-json\/wp\/v2\/types\/page"}],"author":[{"embeddable":true,"href":"https:\/\/concoursofelegancegermany.com\/de\/wp-json\/wp\/v2\/users\/3"}],"replies":[{"embeddable":true,"href":"https:\/\/concoursofelegancegermany.com\/de\/wp-json\/wp\/v2\/comments?post=10807"}],"version-history":[{"count":2,"href":"https:\/\/concoursofelegancegermany.com\/de\/wp-json\/wp\/v2\/pages\/10807\/revisions"}],"predecessor-version":[{"id":10813,"href":"https:\/\/concoursofelegancegermany.com\/de\/wp-json\/wp\/v2\/pages\/10807\/revisions\/10813"}],"wp:attachment":[{"href":"https:\/\/concoursofelegancegermany.com\/de\/wp-json\/wp\/v2\/media?parent=10807"}],"curies":[{"name":"wp","href":"https:\/\/api.w.org\/{rel}","templated":true}]}}