
{"id":11303,"date":"2024-12-12T18:54:07","date_gmt":"2024-12-12T18:54:07","guid":{"rendered":"https:\/\/concoursofelegancegermany.com\/geschichten\/"},"modified":"2025-05-08T09:34:45","modified_gmt":"2025-05-08T09:34:45","slug":"geschichten","status":"publish","type":"page","link":"https:\/\/concoursofelegancegermany.com\/de\/geschichten\/","title":{"rendered":"Geschichten"},"content":{"rendered":"\n<div class=\"wp-block-group alignfull is-layout-constrained wp-block-group-is-layout-constrained\">\n<div class=\"wp-block-cover alignfull banner\"><img loading=\"lazy\" decoding=\"async\" width=\"1024\" height=\"520\" class=\"wp-block-cover__image-background wp-image-12975 size-large\" alt=\"\" src=\"https:\/\/concoursofelegancegermany.com\/wp-content\/uploads\/Header-Concours-of-Elegance-Germany-Stories-1024x520.jpg\" style=\"object-position:50% 65%\" data-object-fit=\"cover\" data-object-position=\"50% 65%\" srcset=\"https:\/\/concoursofelegancegermany.com\/wp-content\/uploads\/Header-Concours-of-Elegance-Germany-Stories-1024x520.jpg 1024w, https:\/\/concoursofelegancegermany.com\/wp-content\/uploads\/Header-Concours-of-Elegance-Germany-Stories-300x152.jpg 300w, https:\/\/concoursofelegancegermany.com\/wp-content\/uploads\/Header-Concours-of-Elegance-Germany-Stories-768x390.jpg 768w, https:\/\/concoursofelegancegermany.com\/wp-content\/uploads\/Header-Concours-of-Elegance-Germany-Stories-1536x780.jpg 1536w, https:\/\/concoursofelegancegermany.com\/wp-content\/uploads\/Header-Concours-of-Elegance-Germany-Stories-2048x1040.jpg 2048w\" sizes=\"auto, (max-width: 1024px) 100vw, 1024px\" \/><span aria-hidden=\"true\" class=\"wp-block-cover__background has-background-dim-30 has-background-dim wp-block-cover__gradient-background has-background-gradient\" style=\"background:linear-gradient(135deg,rgb(5,31,0) 12%,rgba(155,81,224,0) 83%)\"><\/span><div class=\"wp-block-cover__inner-container is-layout-flow wp-block-cover-is-layout-flow\">\n<div style=\"height:100px\" aria-hidden=\"true\" class=\"wp-block-spacer\"><\/div>\n<\/div><\/div>\n\n\n\n<div class=\"wp-block-group alignfull is-style-zoo-page-padding is-layout-constrained wp-container-core-group-is-layout-4383d167 wp-block-group-is-layout-constrained\">\n<div class=\"wp-block-group is-layout-constrained wp-container-core-group-is-layout-92b9201d wp-block-group-is-layout-constrained\">\n<h1 class=\"wp-block-heading alignwide has-text-align-center\" id=\"concours-stories-in-the-driver-s-seat\"><strong>CONCOURS STORIES: IN THE DRIVER&#8217;S SEAT <\/strong><\/h1>\n\n\n\n<p class=\"has-text-align-center\">Die Perspektiven &amp; Geschichten hinter den Fahrzeugen &amp; dem Concours<\/p>\n<\/div>\n\n\n\n<div class=\"wp-block-group is-layout-constrained wp-container-core-group-is-layout-d272793b wp-block-group-is-layout-constrained\" style=\"padding-top:var(--wp--preset--spacing--40)\">                    \n                    <div class=\"post-grid is-preview\">\n                        \n                        <div class=\"block-post-list load-more\" data-num=\"3\" data-load=\"more-button\" data-style=\"masonry\" data-lang=\"de\">\n\t\t\t\t\n\t\t\t\t\n<div class=\"item\">\n\t<div class=\"post-item post-14151 editor-preview\">\n\t\t\n\t\t<div class=\"news-image\">\n\t\t\t\n\t\t\t<a class=\"no-pointer\" href=\"https:\/\/concoursofelegancegermany.com\/de\/stories\/interview-in-the-drivers-seat-mit-zwei-generationen-von-leidenschaftlichen-fahrzeugsammlern-dr-manfred-wolf-felix-wolf\/\" title=\"Interview: In the Driver&#8217;s Seat mit zwei Generationen von leidenschaftlichen Fahrzeugsammlern &#8211; Dr. Manfred Wolf &amp; Felix Wolf\">\n\t\t\t\t<img loading=\"lazy\" decoding=\"async\" width=\"1024\" height=\"576\" src=\"https:\/\/concoursofelegancegermany.com\/wp-content\/uploads\/Manfred-and-Felix-Wolf-1024x576.jpg\" class=\"attachment-large size-large wp-post-image\" alt=\"Manfred and Felix Wolf\" srcset=\"https:\/\/concoursofelegancegermany.com\/wp-content\/uploads\/Manfred-and-Felix-Wolf-1024x576.jpg 1024w, https:\/\/concoursofelegancegermany.com\/wp-content\/uploads\/Manfred-and-Felix-Wolf-300x169.jpg 300w, https:\/\/concoursofelegancegermany.com\/wp-content\/uploads\/Manfred-and-Felix-Wolf-768x432.jpg 768w, https:\/\/concoursofelegancegermany.com\/wp-content\/uploads\/Manfred-and-Felix-Wolf-1536x864.jpg 1536w, https:\/\/concoursofelegancegermany.com\/wp-content\/uploads\/Manfred-and-Felix-Wolf-2048x1152.jpg 2048w\" sizes=\"auto, (max-width: 1024px) 100vw, 1024px\" \/>\t\t\t<\/a>\n\t\t\n\t\t<\/div>\n  \n\t\t<div class=\"post-details\">\n   \n\t\t\t<div class=\"post-date\"> 27 Juni 2025<\/div>\n\t\t\t<h4>Interview: In the Driver&#8217;s Seat mit zwei Generationen von leidenschaftlichen Fahrzeugsammlern &#8211; Dr. Manfred Wolf &amp; Felix Wolf<\/h4>\n\t\t\t<p>Zwei Generationen, zwei Concours, eine Leidenschaft: classic cars Herr Wolf, in diesem Jahr pr\u00e4sentieren Sie im Main Concours einen Lamborghini&hellip;<\/p>\n    \n\t\t<\/div>\n  \n\t\t<a href=\"https:\/\/concoursofelegancegermany.com\/de\/stories\/interview-in-the-drivers-seat-mit-zwei-generationen-von-leidenschaftlichen-fahrzeugsammlern-dr-manfred-wolf-felix-wolf\/\" class=\"readmore no-pointer\">Mehr lesen<\/a>\n  \n\t<\/div>\n<\/div>\n<div class=\"item\">\n\t<div class=\"post-item post-14063 editor-preview\">\n\t\t\n\t\t<div class=\"news-image\">\n\t\t\t\n\t\t\t<a class=\"no-pointer\" href=\"https:\/\/concoursofelegancegermany.com\/de\/stories\/interview-in-the-drivers-seat-with-hans-joerg-huebner\/\" title=\"Interview: In the Driver\u2019s Seat with Hans-J\u00f6rg H\u00fcbner\">\n\t\t\t\t<img loading=\"lazy\" decoding=\"async\" width=\"1024\" height=\"576\" src=\"https:\/\/concoursofelegancegermany.com\/wp-content\/uploads\/Concours-of-Elegance-2024-Winner-Best-Of-Show-1024x576.jpg\" class=\"attachment-large size-large wp-post-image\" alt=\"Best of Show Winner 2024\" srcset=\"https:\/\/concoursofelegancegermany.com\/wp-content\/uploads\/Concours-of-Elegance-2024-Winner-Best-Of-Show-1024x576.jpg 1024w, https:\/\/concoursofelegancegermany.com\/wp-content\/uploads\/Concours-of-Elegance-2024-Winner-Best-Of-Show-300x169.jpg 300w, https:\/\/concoursofelegancegermany.com\/wp-content\/uploads\/Concours-of-Elegance-2024-Winner-Best-Of-Show-768x432.jpg 768w, https:\/\/concoursofelegancegermany.com\/wp-content\/uploads\/Concours-of-Elegance-2024-Winner-Best-Of-Show-1536x864.jpg 1536w, https:\/\/concoursofelegancegermany.com\/wp-content\/uploads\/Concours-of-Elegance-2024-Winner-Best-Of-Show-2048x1152.jpg 2048w\" sizes=\"auto, (max-width: 1024px) 100vw, 1024px\" \/>\t\t\t<\/a>\n\t\t\n\t\t<\/div>\n  \n\t\t<div class=\"post-details\">\n   \n\t\t\t<div class=\"post-date\"> 23 Juni 2025<\/div>\n\t\t\t<h4>Interview: In the Driver\u2019s Seat with Hans-J\u00f6rg H\u00fcbner<\/h4>\n\t\t\t<p>Best of Show Gewinner des Concours of Elegance Germany 2024 1. Nochmals herzlichen Gl\u00fcckwunsch, Herr H\u00fcbner! Was hat es f\u00fcr&hellip;<\/p>\n    \n\t\t<\/div>\n  \n\t\t<a href=\"https:\/\/concoursofelegancegermany.com\/de\/stories\/interview-in-the-drivers-seat-with-hans-joerg-huebner\/\" class=\"readmore no-pointer\">Mehr lesen<\/a>\n  \n\t<\/div>\n<\/div>\n<div class=\"item\">\n\t<div class=\"post-item post-13093 editor-preview\">\n\t\t\n\t\t<div class=\"news-image\">\n\t\t\t\n\t\t\t<a class=\"no-pointer\" href=\"https:\/\/concoursofelegancegermany.com\/de\/stories\/in-the-drivers-seat-mit-michael-kaefer\/\" title=\"In the driver&#8217;s seat mit Michael K\u00e4fer\">\n\t\t\t\t<img loading=\"lazy\" decoding=\"async\" width=\"1024\" height=\"683\" src=\"https:\/\/concoursofelegancegermany.com\/wp-content\/uploads\/Michael-Kafer-Interview-Holder-1024x683.jpg\" class=\"attachment-large size-large wp-post-image\" alt=\"Michael Kafer Interview Holder\" srcset=\"https:\/\/concoursofelegancegermany.com\/wp-content\/uploads\/Michael-Kafer-Interview-Holder-1024x683.jpg 1024w, https:\/\/concoursofelegancegermany.com\/wp-content\/uploads\/Michael-Kafer-Interview-Holder-300x200.jpg 300w, https:\/\/concoursofelegancegermany.com\/wp-content\/uploads\/Michael-Kafer-Interview-Holder-768x512.jpg 768w, https:\/\/concoursofelegancegermany.com\/wp-content\/uploads\/Michael-Kafer-Interview-Holder-1536x1024.jpg 1536w, https:\/\/concoursofelegancegermany.com\/wp-content\/uploads\/Michael-Kafer-Interview-Holder.jpg 1920w\" sizes=\"auto, (max-width: 1024px) 100vw, 1024px\" \/>\t\t\t<\/a>\n\t\t\n\t\t<\/div>\n  \n\t\t<div class=\"post-details\">\n   \n\t\t\t<div class=\"post-date\"> 9 Mai 2025<\/div>\n\t\t\t<h4>In the driver&#8217;s seat mit Michael K\u00e4fer<\/h4>\n\t\t\t<p>In unserem neuesten In the Driver\u2019s Seat Interview teilt Michael K\u00e4fer seine Leidenschaft f\u00fcr bezaubernde Gastfreundschaft und erkl\u00e4rt, warum Gut&hellip;<\/p>\n    \n\t\t<\/div>\n  \n\t\t<a href=\"https:\/\/concoursofelegancegermany.com\/de\/stories\/in-the-drivers-seat-mit-michael-kaefer\/\" class=\"readmore no-pointer\">Mehr lesen<\/a>\n  \n\t<\/div>\n<\/div>                        \n                        <\/div>\n\t\n\t                            \n                            <div class=\"wp-block-buttons is-layout-flex is-content-justification-center\">\n                                <div class=\"wp-block-button\">\n                                    <a href=\"#\" class=\"load-posts wp-block-button__link wp-element-button no-pointer\">MEHR LADEN<\/a>\n                                <\/div>\n                            <\/div>\n\t\n\t                                        \n                    <\/div>\n\t\t\n\t\t<\/div>\n<\/div>\n<\/div>\n","protected":false},"excerpt":{"rendered":"<p>CONCOURS STORIES: IN THE DRIVER&#8217;S SEAT Die Perspektiven &amp; Geschichten hinter den Fahrzeugen &amp; dem Concours<\/p>\n","protected":false},"author":3,"featured_media":0,"parent":0,"menu_order":0,"comment_status":"closed","ping_status":"closed","template":"","meta":{"ghostkit_customizer_options":"","ghostkit_custom_css":"","ghostkit_custom_js_head":"","ghostkit_custom_js_foot":"","ghostkit_typography":"","footnotes":""},"class_list":["post-11303","page","type-page","status-publish","hentry"],"meta_box":{"zoo_page_banner":""},"_links":{"self":[{"href":"https:\/\/concoursofelegancegermany.com\/de\/wp-json\/wp\/v2\/pages\/11303","targetHints":{"allow":["GET"]}}],"collection":[{"href":"https:\/\/concoursofelegancegermany.com\/de\/wp-json\/wp\/v2\/pages"}],"about":[{"href":"https:\/\/concoursofelegancegermany.com\/de\/wp-json\/wp\/v2\/types\/page"}],"author":[{"embeddable":true,"href":"https:\/\/concoursofelegancegermany.com\/de\/wp-json\/wp\/v2\/users\/3"}],"replies":[{"embeddable":true,"href":"https:\/\/concoursofelegancegermany.com\/de\/wp-json\/wp\/v2\/comments?post=11303"}],"version-history":[{"count":3,"href":"https:\/\/concoursofelegancegermany.com\/de\/wp-json\/wp\/v2\/pages\/11303\/revisions"}],"predecessor-version":[{"id":13009,"href":"https:\/\/concoursofelegancegermany.com\/de\/wp-json\/wp\/v2\/pages\/11303\/revisions\/13009"}],"wp:attachment":[{"href":"https:\/\/concoursofelegancegermany.com\/de\/wp-json\/wp\/v2\/media?parent=11303"}],"curies":[{"name":"wp","href":"https:\/\/api.w.org\/{rel}","templated":true}]}}