
{"id":12649,"date":"2025-05-03T17:45:48","date_gmt":"2025-05-03T17:45:48","guid":{"rendered":"https:\/\/concoursofelegancegermany.com\/die-wundercar-collection\/"},"modified":"2025-10-20T14:19:45","modified_gmt":"2025-10-20T14:19:45","slug":"die-wundercar-collection","status":"publish","type":"page","link":"https:\/\/concoursofelegancegermany.com\/de\/die-wundercar-collection\/","title":{"rendered":"DIE WUNDERCAR COLLECTION"},"content":{"rendered":"\n<div class=\"wp-block-group alignfull banner is-layout-flow wp-container-core-group-is-layout-a70f80f3 wp-block-group-is-layout-flow\" style=\"min-height:700px;margin-top:0;margin-bottom:0;padding-top:0;padding-bottom:0\">\n<div class=\"wp-block-cover banner\" style=\"min-height:700px;aspect-ratio:unset;\"><img loading=\"lazy\" decoding=\"async\" width=\"2360\" height=\"1000\" class=\"wp-block-cover__image-background wp-image-12605\" alt=\"The Wunder Car Collection Header\" src=\"https:\/\/concoursofelegancegermany.com\/wp-content\/uploads\/The-Wundercar-Collection-Header.jpg\" data-object-fit=\"cover\" srcset=\"https:\/\/concoursofelegancegermany.com\/wp-content\/uploads\/The-Wundercar-Collection-Header.jpg 2360w, https:\/\/concoursofelegancegermany.com\/wp-content\/uploads\/The-Wundercar-Collection-Header-300x127.jpg 300w, https:\/\/concoursofelegancegermany.com\/wp-content\/uploads\/The-Wundercar-Collection-Header-1024x434.jpg 1024w, https:\/\/concoursofelegancegermany.com\/wp-content\/uploads\/The-Wundercar-Collection-Header-768x325.jpg 768w, https:\/\/concoursofelegancegermany.com\/wp-content\/uploads\/The-Wundercar-Collection-Header-1536x651.jpg 1536w, https:\/\/concoursofelegancegermany.com\/wp-content\/uploads\/The-Wundercar-Collection-Header-2048x868.jpg 2048w\" sizes=\"auto, (max-width: 2360px) 100vw, 2360px\" \/><span aria-hidden=\"true\" class=\"wp-block-cover__background has-background-dim-30 has-background-dim wp-block-cover__gradient-background has-background-gradient\" style=\"background:linear-gradient(180deg,rgb(6,147,227) 0%,rgba(0,0,0,0) 26%)\"><\/span><div class=\"wp-block-cover__inner-container is-layout-flow wp-block-cover-is-layout-flow\">\n<div style=\"height:100px\" aria-hidden=\"true\" class=\"wp-block-spacer\"><\/div>\n<\/div><\/div>\n\n\n\n<div class=\"wp-block-group is-style-zoo-page-padding ghostkit-custom-Y7MN0 has-white-background-color has-background is-layout-constrained wp-container-core-group-is-layout-d3543a3b wp-block-group-is-layout-constrained\">\n<div class=\"wp-block-group is-style-default is-layout-constrained wp-container-core-group-is-layout-58fd5b92 wp-block-group-is-layout-constrained\" style=\"padding-bottom:0\">\n<div class=\"wp-block-group is-layout-constrained wp-container-core-group-is-layout-5e950483 wp-block-group-is-layout-constrained\" style=\"padding-top:var(--wp--preset--spacing--20)\">\n<h1 class=\"wp-block-heading has-text-align-center ghostkit-custom-182Ljd has-foreground-color has-text-color has-link-color wp-elements-30032da963c027a010e13eb75c17f068\" id=\"junior-concours\">DIE WUNDERCAR COLLECTION<\/h1>\n\n\n\n<h2 class=\"wp-block-heading has-text-align-center ghostkit-custom-153qav has-primary-color has-text-color has-link-color wp-elements-d37c482ad3f9758dc4f57ed9034e4917\" id=\"junior-concours\"><em>CONCOURS SPECIAL FEATURE AUSSTELLUNG<\/em><\/h2>\n<\/div>\n<\/div>\n\n\n\n<div class=\"wp-block-group is-layout-constrained wp-container-core-group-is-layout-ebe15cfa wp-block-group-is-layout-constrained\">\n<p class=\"has-text-align-center\">Ein wahrhaft seltenes Erlebnis erwartet die G\u00e4ste des Concours of Elegance Germany in diesem Sommer: Zum allerersten Mal wird die <em>Wundercar Collection <\/em>als vollst\u00e4ndiges Ensemble aus vier au\u00dfergew\u00f6hnlichen Fahrzeugen pr\u00e4sentiert \u2013 eine einmalige Zusammenf\u00fchrung von Design, Vision und Emotion.<\/p>\n\n\n\n<p class=\"has-text-align-center\">Erschaffen vom Frankfurter Juristen und Kunstf\u00f6rderer Christian Zschocke ist die Wundercar Collection nicht nur eine Hommage an BMWs ikonische E3-Serie, sondern auch eine tiefgr\u00fcndige Auseinandersetzung mit der emotionalen und k\u00fcnstlerischen Kraft des Automobils. Jedes Fahrzeug wurde unter seiner Regie gebaut, um eine spezifische menschliche Emotion auszudr\u00fccken \u2013 Kunst, Eleganz, Racing, Sport und Leisure \u2013 und l\u00e4dt Besucher dazu ein, das weniger Technische, das Seelische der Mobilit\u00e4t zu entdecken. <\/p>\n<\/div>\n\n\n\n<div class=\"ghostkit-grid ghostkit-grid-gap-sm\"><div class=\"ghostkit-grid-inner\">\n<div class=\"ghostkit-col ghostkit-col-md-12 ghostkit-col-lg-6 ghostkit-col-6\"><div class=\"ghostkit-col-content is-layout-flow wp-block-ghostkit-grid-column-is-layout-flow\">\n<figure class=\"wp-block-image aligncenter size-full\"><img loading=\"lazy\" decoding=\"async\" width=\"1430\" height=\"953\" src=\"https:\/\/concoursofelegancegermany.com\/wp-content\/uploads\/Orange-BMW-Front-Grill.jpg\" alt=\"Orange BMW Front Grill\" class=\"wp-image-12611\" srcset=\"https:\/\/concoursofelegancegermany.com\/wp-content\/uploads\/Orange-BMW-Front-Grill.jpg 1430w, https:\/\/concoursofelegancegermany.com\/wp-content\/uploads\/Orange-BMW-Front-Grill-300x200.jpg 300w, https:\/\/concoursofelegancegermany.com\/wp-content\/uploads\/Orange-BMW-Front-Grill-1024x682.jpg 1024w, https:\/\/concoursofelegancegermany.com\/wp-content\/uploads\/Orange-BMW-Front-Grill-768x512.jpg 768w\" sizes=\"auto, (max-width: 1430px) 100vw, 1430px\" \/><figcaption class=\"wp-element-caption\">Group 1: Racing \u00a9Wundercar Collection<\/figcaption><\/figure>\n<\/div><\/div>\n\n\n\n<div class=\"ghostkit-col ghostkit-col-md-12 ghostkit-col-lg-6 ghostkit-col-6\"><div class=\"ghostkit-col-content is-layout-flow wp-block-ghostkit-grid-column-is-layout-flow\">\n<figure class=\"wp-block-image aligncenter size-full\"><img loading=\"lazy\" decoding=\"async\" width=\"1430\" height=\"953\" src=\"https:\/\/concoursofelegancegermany.com\/wp-content\/uploads\/Pink-Panther-BMW.jpg\" alt=\"Pink Panther BMW\" class=\"wp-image-12615\" srcset=\"https:\/\/concoursofelegancegermany.com\/wp-content\/uploads\/Pink-Panther-BMW.jpg 1430w, https:\/\/concoursofelegancegermany.com\/wp-content\/uploads\/Pink-Panther-BMW-300x200.jpg 300w, https:\/\/concoursofelegancegermany.com\/wp-content\/uploads\/Pink-Panther-BMW-1024x682.jpg 1024w, https:\/\/concoursofelegancegermany.com\/wp-content\/uploads\/Pink-Panther-BMW-768x512.jpg 768w\" sizes=\"auto, (max-width: 1430px) 100vw, 1430px\" \/><figcaption class=\"wp-element-caption\">New Horizon: Art \u00a9Wundercar Collection<\/figcaption><\/figure>\n<\/div><\/div>\n<\/div><\/div>\n\n\n\n<div class=\"wp-block-group is-layout-constrained wp-container-core-group-is-layout-ebe15cfa wp-block-group-is-layout-constrained\">\n<h2 class=\"wp-block-heading has-text-align-center\" id=\"central-to-the-collection-is-new-horizon-a-project-born-from-christian-s-belief-in-the-power-of-ambition\">Im Mittelpunkt der Sammlung steht <em>NEW HORIZON,<\/em> ein Projekt, das aus Christians \u00dcberzeugung an die Kraft von Ambition entstanden ist:<\/h2>\n\n\n\n<div class=\"wp-block-group is-layout-constrained wp-container-core-group-is-layout-9721dc39 wp-block-group-is-layout-constrained\" style=\"padding-top:var(--wp--preset--spacing--20)\">\n<div class=\"ghostkit-divider ghostkit-divider-type-solid ghostkit-custom-s6AtM\"><\/div>\n<\/div>\n\n\n\n<blockquote class=\"wp-block-quote is-layout-flow wp-block-quote-is-layout-flow\" style=\"padding-top:var(--wp--preset--spacing--10)\">\n<p class=\"has-text-align-center has-mid-grey-color has-text-color has-link-color wp-elements-694eda09bb9fa238af83de6df55054ae\"> \u201eIch w\u00fcnsche mir mehr Mut, mehr positive Vorhaben, mehr Freiheit. Und dass jeder seine eigenen Horizonte und Ziele definiert.\u201c<\/p>\n<\/blockquote>\n\n\n\n<div class=\"wp-block-group is-layout-constrained wp-container-core-group-is-layout-c1b9d737 wp-block-group-is-layout-constrained\" style=\"padding-bottom:var(--wp--preset--spacing--20)\">\n<div class=\"ghostkit-divider ghostkit-divider-type-solid ghostkit-custom-12DgGq\"><\/div>\n<\/div>\n\n\n\n<p class=\"has-text-align-center\">Inspiriert von BMWs k\u00fchner Entscheidung in den sp\u00e4ten 1960er-Jahren mit dem E3 einen mutigen Schritt in die Zukunft zu wagen, ermutigt <em>NEW HORIZON<\/em> Menschen dazu, ihren eigenen Weg zu definieren und zu verfolgen.<\/p>\n\n\n\n<p class=\"has-text-align-center\">Zur Kollektion geh\u00f6ren au\u00dferdem <em>The California<\/em>, <em>The Group 1<\/em>, <em>The Inka<\/em> und <em>The Vision Paul Bracq<\/em> \u2013 jedes ein individuelles Statement f\u00fcr Sch\u00f6nheit, Tradition und Innovation. Alle Wundercars basieren auf der legend\u00e4ren BMW E3-Plattform und werden von M30-Sechszylindermotoren angetrieben. <\/p>\n\n\n\n<p class=\"has-text-align-center\">Nach Stationen auf Kunstmessen, Automobilausstellungen, in Museen und bei internationalen Concours von Miami bis Los Angeles kommt die Wundercar Collection nun an den Tegernsee \u2013 und bietet Enthusiasten einen seltenen Moment, diese mutigen Interpretationen automobiler Kunst in ihrer Gesamtheit zu erleben.<\/p>\n\n\n\n<p class=\"has-text-align-center\">Ein besonderes Highlight des Concours am 25<sup>.<\/sup> &amp; 26<sup>.<\/sup> Juli, welches Sammler und Tr\u00e4umer gleicherma\u00dfen begeistern wird.<\/p>\n<\/div>\n\n\n\n<div class=\"ghostkit-grid ghostkit-grid-gap-sm ghostkit-custom-1AKKRL\"><div class=\"ghostkit-grid-inner\">\n<div class=\"ghostkit-col ghostkit-col-md-12 ghostkit-col-lg-6 ghostkit-col-6\"><div class=\"ghostkit-col-content is-layout-flow wp-block-ghostkit-grid-column-is-layout-flow\">\n<figure class=\"wp-block-image aligncenter size-full\"><img loading=\"lazy\" decoding=\"async\" width=\"1600\" height=\"1066\" src=\"https:\/\/concoursofelegancegermany.com\/wp-content\/uploads\/Wundercar-Collection-The-California.jpg\" alt=\"Wundercar Collection The California\" class=\"wp-image-12619\" srcset=\"https:\/\/concoursofelegancegermany.com\/wp-content\/uploads\/Wundercar-Collection-The-California.jpg 1600w, https:\/\/concoursofelegancegermany.com\/wp-content\/uploads\/Wundercar-Collection-The-California-300x200.jpg 300w, https:\/\/concoursofelegancegermany.com\/wp-content\/uploads\/Wundercar-Collection-The-California-1024x682.jpg 1024w, https:\/\/concoursofelegancegermany.com\/wp-content\/uploads\/Wundercar-Collection-The-California-768x512.jpg 768w, https:\/\/concoursofelegancegermany.com\/wp-content\/uploads\/Wundercar-Collection-The-California-1536x1023.jpg 1536w\" sizes=\"auto, (max-width: 1600px) 100vw, 1600px\" \/><figcaption class=\"wp-element-caption\">The California: Elegance \u00a9Wundercar Collection<\/figcaption><\/figure>\n<\/div><\/div>\n\n\n\n<div class=\"ghostkit-col ghostkit-col-md-12 ghostkit-col-lg-6 ghostkit-col-6\"><div class=\"ghostkit-col-content is-layout-flow wp-block-ghostkit-grid-column-is-layout-flow\">\n<figure class=\"wp-block-image aligncenter size-full\"><img loading=\"lazy\" decoding=\"async\" width=\"1600\" height=\"1077\" src=\"https:\/\/concoursofelegancegermany.com\/wp-content\/uploads\/Wundercar-Collection-The-Inka.jpg\" alt=\"Wundercar Collection The Inka\" class=\"wp-image-12623\" srcset=\"https:\/\/concoursofelegancegermany.com\/wp-content\/uploads\/Wundercar-Collection-The-Inka.jpg 1600w, https:\/\/concoursofelegancegermany.com\/wp-content\/uploads\/Wundercar-Collection-The-Inka-300x202.jpg 300w, https:\/\/concoursofelegancegermany.com\/wp-content\/uploads\/Wundercar-Collection-The-Inka-1024x689.jpg 1024w, https:\/\/concoursofelegancegermany.com\/wp-content\/uploads\/Wundercar-Collection-The-Inka-768x517.jpg 768w, https:\/\/concoursofelegancegermany.com\/wp-content\/uploads\/Wundercar-Collection-The-Inka-1536x1034.jpg 1536w\" sizes=\"auto, (max-width: 1600px) 100vw, 1600px\" \/><figcaption class=\"wp-element-caption\">The Inka: Sport \u00a9Wundercar Collection<\/figcaption><\/figure>\n<\/div><\/div>\n<\/div><\/div>\n\n\n\n<div class=\"wp-block-group is-layout-constrained wp-container-core-group-is-layout-6487be07 wp-block-group-is-layout-constrained\" style=\"padding-bottom:0\">\n<div class=\"ghostkit-divider ghostkit-divider-type-solid ghostkit-custom-Z25xzTQ\"><\/div>\n<\/div>\n\n\n\n<div class=\"wp-block-group is-layout-constrained wp-container-core-group-is-layout-ebe15cfa wp-block-group-is-layout-constrained\">\n<h2 class=\"wp-block-heading has-text-align-center\" id=\"central-to-the-collection-is-new-horizon-a-project-born-from-christian-s-belief-in-the-power-of-ambition\">INTERVIEW:<br class=\"m-hide\"\/>IN THE DRIVER\u2019S SEAT MIT DR. CHRISTIAN ZSCHOCKE<\/h2>\n<\/div>\n\n\n\n<div class=\"wp-block-group is-layout-constrained wp-block-group-is-layout-constrained\"><div style=\"padding:56.25% 0 0 0;position:relative\"><iframe src=\"https:\/\/play.gumlet.io\/embed\/68d1327143b21a129d159f89?caption=true&#038;\" id=\"gumlet-1309385621\" loading=\"lazy\" title=\"Gumlet video player\" style=\"border:none; position: absolute; top:0; left:0; height: 100%; width: 100%;\" allow=\"accelerometer; gyroscope; autoplay; encrypted-media; picture-in-picture; fullscreen;\" frameborder=\"0\"><\/iframe><\/div><\/div>\n\n\n\n<div class=\"wp-block-group is-layout-constrained wp-container-core-group-is-layout-9ca17218 wp-block-group-is-layout-constrained\" style=\"padding-top:var(--wp--preset--spacing--10);padding-bottom:var(--wp--preset--spacing--70)\">\n<p class=\"has-text-align-left has-dark-grey-color has-text-color has-link-color wp-elements-39c6c5f6049b29e11cfaf1e39edffde2\"><strong>Was ist die Wundercar Collection, wenn Sie sie in wenigen S\u00e4tzen beschreiben?<\/strong><\/p>\n\n\n\n<p><strong>CZ:<\/strong> Die Wundercar Collection ist eine Sammlung automobiler Emotionen, ein Museum auf R\u00e4dern (\u201eEmotion on Wheels\u201c).<\/p>\n\n\n\n<p class=\"has-dark-grey-color has-text-color has-link-color wp-elements-c3a4caa32a3298844e395dd8de08b3e7\"><strong>Wieso haben Sie sich auf die E3-Baureihe von BMW konzentriert?<\/strong><\/p>\n\n\n\n<p><strong>CZ:<\/strong> : Der E3 verk\u00f6rpert die Idee des \u201eNew Horizon\u201c, also des sich Setzens und Erreichens neuer eigener Herausforderungen. Dies haben die Ingenieure des E3 getan und diese Ziele erfolgreich erreicht; hierzu soll der <em>New Horizon<\/em> anregen.  <\/p>\n\n\n\n<p class=\"has-dark-grey-color has-text-color has-link-color wp-elements-54f68ecec332c15e3ea055b711e42c8f\"><strong>Welche Verbindung haben Sie zu ihren Fahrzeugen und w\u00fcrden Sie jemals eines verkaufen?<\/strong><\/p>\n\n\n\n<p><strong>CZ:<\/strong> Jedes Fahrzeug ist ein selbst gestaltetes Einzelst\u00fcck, zu dem man nat\u00fcrlich eine besondere Verbindung hat.<\/p>\n\n\n\n<p class=\"has-dark-grey-color has-text-color has-link-color wp-elements-1c0ebc5b3626c56a358146b03b7b624a\"><strong>Welche ist die sch\u00f6nste Erfahrung mit Ihrer Wundercar Collection?<\/strong><\/p>\n\n\n\n<p><strong>CZ:<\/strong> Da\u00df es den Wundercars gelungen ist, weltweit das Publikum f\u00fcr sich zu gewinnen, und zwar wo auch immer sie ausgestellt wurden, in Europa, den USA. Die Wundercars bereichern offensichtlich den Betrachter und regen vielleicht sogar zu <g id=\"gid_1\">New Horizons<\/g> an. Der <em>New Horizon<\/em> war auf der Art Miami in Florida, der gr\u00f6\u00dften amerikanischen Kunstmesse, nach Aussagen der Messe das meist photographierte Kunstwerk.  <\/p>\n\n\n\n<p class=\"has-dark-grey-color has-text-color has-link-color wp-elements-61fe3debb06a50af90f8688d99dc0707\"><strong>Sie haben ein E3 zum Cabriolet umgebaut \u2013 wie aufwendig war die Verwandlung des Fahrzeugs?<\/strong><\/p>\n\n\n\n<p><strong>CZ:<\/strong> Genau gesagt, ist der umgebaute E3 ein <em>\u201eCalifornia\u201c<\/em>, da er kein Dach hat. Der Bau dieses Einzelst\u00fccks hat mehrere tausend Arbeitsstunden erfordert. <\/p>\n\n\n\n<p class=\"has-dark-grey-color has-text-color has-link-color wp-elements-9c3c7909c908b5a518cb7815bf267c42\"><strong>Der <em>\u201eNew Horizon\u201c<\/em> tr\u00e4gt einen Namen mit besonderer Bedeutung. Welchen Entstehungshintergrund hat das Fahrzeug? <\/strong><\/p>\n\n\n\n<p><strong>CZ:<\/strong> Wie erw\u00e4hnt soll der <em>New Horizon<\/em> zu einer positiven Einstellung zur eigenen Zukunft anregen. Daf\u00fcr transportiert der New Horizon in einer Zeitreise das Aufbruch-Jahr 1969 (u.a. Mondlandung) in die Gegenwart. <\/p>\n\n\n\n<p class=\"has-dark-grey-color has-text-color has-link-color wp-elements-731d5007232cc7b64e6a99a277ff639a\"><strong>Der <em>\u201eNew Horizon\u201c<\/em> orientiert sich an den legend\u00e4ren BMW Art Cars. Wie ist die einzigartige Lackierung Ihres E3 entstanden? <\/strong><\/p>\n\n\n\n<p><strong>CZ:<\/strong> Der <em>New Horizon<\/em> verfolgt ein eigenst\u00e4ndiges Konzept der Zeitreise und unterscheidet sich insofern von den contempor\u00e4ren BMW Art Cars. Die einzigartige Mehrfach-Lackierung verdanken wir Walter Maurer, einem international renommierten Lackk\u00fcnstler, der auch diverse BMW Art Cars lackiert hat. <\/p>\n\n\n\n<p class=\"has-dark-grey-color has-text-color has-link-color wp-elements-8685ad4ecb11213e3b6bcaf1ae9e4f61\"><strong>Ist die Wundercar Collection komplett, oder an welchen Ideen arbeiten Sie in der Zukunft?<\/strong><\/p>\n\n\n\n<p><strong>CZ:<\/strong> Die Sammlung wird mit dem <em>\u201eVision\u201c<\/em> vervollst\u00e4ndigt, den der ehemalige Chefdesigner von BMW, Paul Bracq, als 2+2 Shooting Brake gezeichnet hat und der sich in der Fertigstellung befindet. Der <em>Vision<\/em> steht f\u00fcr die Emotion \u201eLeisure\u201c.<\/p>\n\n\n\n<p class=\"has-dark-grey-color has-text-color has-link-color wp-elements-3f160dbdf755470c6f55d8d7ff3a0b14\"><strong>Welche Emotionen m\u00f6chten Sie bei den Betrachtern Ihrer Fahrzeuge erzielen?<\/strong><\/p>\n\n\n\n<p><strong>CZ:<\/strong> Jeder Wundercar repr\u00e4sentiert eine Emotion: Kunst (<em>The New Horizon<\/em>), Eleganz (<em>The California<\/em>), Sport (<em>The Inka<\/em>), Racing (<em>The Group <\/em>1) und Leisure (<em>The Vision<\/em>).<\/p>\n\n\n\n<p class=\"has-dark-grey-color has-text-color has-link-color wp-elements-2f44e0dd6772276d5f11addc87df93db\"><strong>Wieso passt Ihre exklusive Sammlung zum Concours of Elegance am Tegernsee?<\/strong><\/p>\n\n\n\n<p class=\"has-text-align-left\"><strong>CZ:<\/strong> Die Wundercar Collection ist f\u00fcr sich einzigartig und passt zu dem hochklassigen Tegernsee Concours mit seinem entsprechend interessierten Publikum.<\/p>\n<\/div>\n<\/div>\n<\/div>\n","protected":false},"excerpt":{"rendered":"<p>DIE WUNDERCAR COLLECTION CONCOURS SPECIAL FEATURE AUSSTELLUNG Ein wahrhaft seltenes Erlebnis erwartet die G\u00e4ste des Concours of Elegance Germany in diesem Sommer: Zum allerersten Mal wird die Wundercar Collection als vollst\u00e4ndiges Ensemble aus vier au\u00dfergew\u00f6hnlichen Fahrzeugen pr\u00e4sentiert \u2013 eine einmalige Zusammenf\u00fchrung von Design, Vision und Emotion. Erschaffen vom Frankfurter Juristen und Kunstf\u00f6rderer Christian Zschocke ist [&hellip;]<\/p>\n","protected":false},"author":3,"featured_media":0,"parent":0,"menu_order":0,"comment_status":"closed","ping_status":"closed","template":"","meta":{"ghostkit_customizer_options":"","ghostkit_custom_css":"","ghostkit_custom_js_head":"","ghostkit_custom_js_foot":"","ghostkit_typography":"","footnotes":""},"class_list":["post-12649","page","type-page","status-publish","hentry"],"meta_box":{"zoo_page_banner":""},"_links":{"self":[{"href":"https:\/\/concoursofelegancegermany.com\/de\/wp-json\/wp\/v2\/pages\/12649","targetHints":{"allow":["GET"]}}],"collection":[{"href":"https:\/\/concoursofelegancegermany.com\/de\/wp-json\/wp\/v2\/pages"}],"about":[{"href":"https:\/\/concoursofelegancegermany.com\/de\/wp-json\/wp\/v2\/types\/page"}],"author":[{"embeddable":true,"href":"https:\/\/concoursofelegancegermany.com\/de\/wp-json\/wp\/v2\/users\/3"}],"replies":[{"embeddable":true,"href":"https:\/\/concoursofelegancegermany.com\/de\/wp-json\/wp\/v2\/comments?post=12649"}],"version-history":[{"count":3,"href":"https:\/\/concoursofelegancegermany.com\/de\/wp-json\/wp\/v2\/pages\/12649\/revisions"}],"predecessor-version":[{"id":15851,"href":"https:\/\/concoursofelegancegermany.com\/de\/wp-json\/wp\/v2\/pages\/12649\/revisions\/15851"}],"wp:attachment":[{"href":"https:\/\/concoursofelegancegermany.com\/de\/wp-json\/wp\/v2\/media?parent=12649"}],"curies":[{"name":"wp","href":"https:\/\/api.w.org\/{rel}","templated":true}]}}