
{"id":12771,"date":"2025-05-06T09:17:18","date_gmt":"2025-05-06T09:17:18","guid":{"rendered":"https:\/\/concoursofelegancegermany.com\/future-classics\/"},"modified":"2025-12-03T16:18:22","modified_gmt":"2025-12-03T16:18:22","slug":"future-classics","status":"publish","type":"page","link":"https:\/\/concoursofelegancegermany.com\/de\/future-classics\/","title":{"rendered":"Future Classics"},"content":{"rendered":"\n<div class=\"wp-block-group alignfull banner is-layout-flow wp-container-core-group-is-layout-a70f80f3 wp-block-group-is-layout-flow\" style=\"min-height:700px;margin-top:0;margin-bottom:0;padding-top:0;padding-bottom:0\">\n<div class=\"wp-block-cover banner\" style=\"min-height:700px;aspect-ratio:unset;\"><img loading=\"lazy\" decoding=\"async\" width=\"2560\" height=\"1741\" class=\"wp-block-cover__image-background wp-image-24193 size-full\" alt=\"COEG Future Classics Header 2025\" src=\"https:\/\/concoursofelegancegermany.com\/wp-content\/uploads\/COEG-Future-Classics-Header-2025.jpg\" style=\"object-position:50% 75%\" data-object-fit=\"cover\" data-object-position=\"50% 75%\" srcset=\"https:\/\/concoursofelegancegermany.com\/wp-content\/uploads\/COEG-Future-Classics-Header-2025.jpg 2560w, https:\/\/concoursofelegancegermany.com\/wp-content\/uploads\/COEG-Future-Classics-Header-2025-300x204.jpg 300w, https:\/\/concoursofelegancegermany.com\/wp-content\/uploads\/COEG-Future-Classics-Header-2025-1024x696.jpg 1024w, https:\/\/concoursofelegancegermany.com\/wp-content\/uploads\/COEG-Future-Classics-Header-2025-768x522.jpg 768w, https:\/\/concoursofelegancegermany.com\/wp-content\/uploads\/COEG-Future-Classics-Header-2025-1536x1045.jpg 1536w, https:\/\/concoursofelegancegermany.com\/wp-content\/uploads\/COEG-Future-Classics-Header-2025-2048x1393.jpg 2048w\" sizes=\"auto, (max-width: 2560px) 100vw, 2560px\" \/><span aria-hidden=\"true\" class=\"wp-block-cover__background has-background-dim-30 has-background-dim wp-block-cover__gradient-background has-background-gradient\" style=\"background:linear-gradient(180deg,rgb(0,55,87) 4%,rgba(0,0,0,0) 44%)\"><\/span><div class=\"wp-block-cover__inner-container is-layout-flow wp-block-cover-is-layout-flow\">\n<div style=\"height:100px\" aria-hidden=\"true\" class=\"wp-block-spacer\"><\/div>\n<\/div><\/div>\n\n\n\n<div class=\"wp-block-group is-style-zoo-page-padding ghostkit-custom-Y7MN0 has-white-background-color has-background is-layout-constrained wp-container-core-group-is-layout-d3543a3b wp-block-group-is-layout-constrained\">\n<div class=\"wp-block-group is-style-default is-layout-constrained wp-container-core-group-is-layout-bc6a78d8 wp-block-group-is-layout-constrained\" style=\"padding-bottom:var(--wp--preset--spacing--10)\">\n<div class=\"wp-block-group is-layout-constrained wp-container-core-group-is-layout-346627ba wp-block-group-is-layout-constrained\">\n<h1 class=\"wp-block-heading has-text-align-center ghostkit-custom-182Ljd has-foreground-color has-text-color has-link-color wp-elements-18c6d43bfea0847e8c6796e2875ee436\" id=\"junior-concours\">FUTURE CLASSICS &amp; CARS OF THE FUTURE<\/h1>\n<\/div>\n<\/div>\n\n\n\n<div class=\"wp-block-group is-layout-constrained wp-container-core-group-is-layout-f62a2c2e wp-block-group-is-layout-constrained\" style=\"padding-top:0;padding-bottom:0\">\n<hr class=\"wp-block-separator has-alpha-channel-opacity\"\/>\n<\/div>\n\n\n\n<div class=\"wp-block-group is-layout-constrained wp-container-core-group-is-layout-605fea88 wp-block-group-is-layout-constrained\" style=\"padding-top:var(--wp--preset--spacing--10)\">\n<h2 class=\"wp-block-heading has-text-align-center\" id=\"junior-concours\"><strong>FUTURE CLASSICS \u2013 DIE IKONEN VON MORGEN<\/strong><\/h2>\n\n\n\n<p class=\"has-text-align-center\">Die Future Classics feiern die kommenden Klassiker \u2013 moderne Fahrzeuge, die schon heute Sammlerherzen h\u00f6herschlagen lassen. Diese Autos sind mehr als nur Fortbewegungsmittel. Sie sind Meilensteine: die letzten analogen Meisterwerke, vision\u00e4re Elektromodelle und seltene Sondereditionen, die Design, Performance und kulturelle Bedeutung vereinen. Ob perfekt ausgewogener Sportwagen oder charakterstarker Supersportler, jedes Fahrzeug in dieser Ausstellung erz\u00e4hlt eine Geschichte von Stil und Emotion. Das sind die Fahrzeuge, die ein ganzes Zeitalter pr\u00e4gen werden. Schon heute bewundert, und morgen verehrt.     <\/p>\n<\/div>\n\n\n\n<div class=\"wp-block-group is-layout-constrained wp-container-core-group-is-layout-704e782a wp-block-group-is-layout-constrained\">\n<figure class=\"wp-block-image aligncenter size-full\"><img loading=\"lazy\" decoding=\"async\" width=\"1200\" height=\"748\" src=\"https:\/\/concoursofelegancegermany.com\/wp-content\/uploads\/Ferrari-Daytona-SP3.jpg\" alt=\"Ferrari Daytona SP3\" class=\"wp-image-12741\" srcset=\"https:\/\/concoursofelegancegermany.com\/wp-content\/uploads\/Ferrari-Daytona-SP3.jpg 1200w, https:\/\/concoursofelegancegermany.com\/wp-content\/uploads\/Ferrari-Daytona-SP3-300x187.jpg 300w, https:\/\/concoursofelegancegermany.com\/wp-content\/uploads\/Ferrari-Daytona-SP3-1024x638.jpg 1024w, https:\/\/concoursofelegancegermany.com\/wp-content\/uploads\/Ferrari-Daytona-SP3-768x479.jpg 768w\" sizes=\"auto, (max-width: 1200px) 100vw, 1200px\" \/><figcaption class=\"wp-element-caption\">\u00a9 Miriam Mayer<\/figcaption><\/figure>\n<\/div>\n\n\n\n<div class=\"wp-block-group is-layout-constrained wp-container-core-group-is-layout-68d60905 wp-block-group-is-layout-constrained\" style=\"padding-top:var(--wp--preset--spacing--10);padding-bottom:var(--wp--preset--spacing--10)\">\n<hr class=\"wp-block-separator has-alpha-channel-opacity\"\/>\n<\/div>\n\n\n\n<div class=\"wp-block-group is-layout-constrained wp-container-core-group-is-layout-ebe15cfa wp-block-group-is-layout-constrained\">\n<h2 class=\"wp-block-heading has-text-align-center\" id=\"junior-concours\"><strong><strong>CARS OF THE FUTURE \u2013 SONDERAUSSTELLUNG<\/strong><\/strong><\/h2>\n\n\n\n<p class=\"has-text-align-center\">Willkommen in der Welt von morgen: Cars of the Future pr\u00e4sentiert eine kuratierte Auswahl an bahnbrechenden Innovationen im Bereich Supersportwagen, von vision\u00e4rem Design bis hin zu neuester Ingenieurskunst. Diese Sonderausstellung zeigt die spannendsten Fortschritte und definiert neu, was moderne automobile Exzellenz bedeutet. Ob Konzept-Hypercar oder exklusive Kleinserie, hier erleben Sie die vision\u00e4re Kraft der Mobilit\u00e4t von morgen in voller Eleganz und atemberaubender Form. F\u00fcr alle, die sich f\u00fcr die Zukunft des Fahrens begeistern, ein absolutes Highlight.     <\/p>\n<\/div>\n\n\n\n<div class=\"wp-block-group is-layout-constrained wp-container-core-group-is-layout-704e782a wp-block-group-is-layout-constrained\">\n<div class=\"ghostkit-grid ghostkit-grid-gap-sm\"><div class=\"ghostkit-grid-inner\">\n<div class=\"ghostkit-col ghostkit-col-md-12 ghostkit-col-lg-6 ghostkit-col-4\"><div class=\"ghostkit-col-content is-layout-flow wp-block-ghostkit-grid-column-is-layout-flow\">\n<figure class=\"wp-block-image aligncenter size-large\"><img loading=\"lazy\" decoding=\"async\" width=\"651\" height=\"1024\" src=\"https:\/\/concoursofelegancegermany.com\/wp-content\/uploads\/Bugatti-Veyron-651x1024.jpg\" alt=\"Bugatti Veyron\" class=\"wp-image-12737\" srcset=\"https:\/\/concoursofelegancegermany.com\/wp-content\/uploads\/Bugatti-Veyron-651x1024.jpg 651w, https:\/\/concoursofelegancegermany.com\/wp-content\/uploads\/Bugatti-Veyron-191x300.jpg 191w, https:\/\/concoursofelegancegermany.com\/wp-content\/uploads\/Bugatti-Veyron-768x1209.jpg 768w, https:\/\/concoursofelegancegermany.com\/wp-content\/uploads\/Bugatti-Veyron-976x1536.jpg 976w, https:\/\/concoursofelegancegermany.com\/wp-content\/uploads\/Bugatti-Veyron.jpg 1000w\" sizes=\"auto, (max-width: 651px) 100vw, 651px\" \/><figcaption class=\"wp-element-caption\">A&amp;L Spots<\/figcaption><\/figure>\n<\/div><\/div>\n\n\n\n<div class=\"ghostkit-col ghostkit-col-md-12 ghostkit-col-lg-6 ghostkit-col-4\"><div class=\"ghostkit-col-content is-layout-flow wp-block-ghostkit-grid-column-is-layout-flow\">\n<figure class=\"wp-block-image aligncenter size-large\"><img loading=\"lazy\" decoding=\"async\" width=\"651\" height=\"1024\" src=\"https:\/\/concoursofelegancegermany.com\/wp-content\/uploads\/koenigsegg-agera-651x1024.jpg\" alt=\"koenigsegg agera\" class=\"wp-image-12753\" srcset=\"https:\/\/concoursofelegancegermany.com\/wp-content\/uploads\/koenigsegg-agera-651x1024.jpg 651w, https:\/\/concoursofelegancegermany.com\/wp-content\/uploads\/koenigsegg-agera-191x300.jpg 191w, https:\/\/concoursofelegancegermany.com\/wp-content\/uploads\/koenigsegg-agera-768x1209.jpg 768w, https:\/\/concoursofelegancegermany.com\/wp-content\/uploads\/koenigsegg-agera-976x1536.jpg 976w, https:\/\/concoursofelegancegermany.com\/wp-content\/uploads\/koenigsegg-agera.jpg 1000w\" sizes=\"auto, (max-width: 651px) 100vw, 651px\" \/><figcaption class=\"wp-element-caption\">A&amp;L Spots<\/figcaption><\/figure>\n<\/div><\/div>\n\n\n\n<div class=\"ghostkit-col ghostkit-col-md-12 ghostkit-col-lg-12 ghostkit-col-4\"><div class=\"ghostkit-col-content is-layout-flow wp-block-ghostkit-grid-column-is-layout-flow\">\n<figure class=\"wp-block-image aligncenter size-large\"><img loading=\"lazy\" decoding=\"async\" width=\"651\" height=\"1024\" src=\"https:\/\/concoursofelegancegermany.com\/wp-content\/uploads\/Alpha-Romeo-651x1024.jpg\" alt=\"Alpha Romeo\" class=\"wp-image-12733\" srcset=\"https:\/\/concoursofelegancegermany.com\/wp-content\/uploads\/Alpha-Romeo-651x1024.jpg 651w, https:\/\/concoursofelegancegermany.com\/wp-content\/uploads\/Alpha-Romeo-191x300.jpg 191w, https:\/\/concoursofelegancegermany.com\/wp-content\/uploads\/Alpha-Romeo-768x1209.jpg 768w, https:\/\/concoursofelegancegermany.com\/wp-content\/uploads\/Alpha-Romeo-976x1536.jpg 976w, https:\/\/concoursofelegancegermany.com\/wp-content\/uploads\/Alpha-Romeo.jpg 1000w\" sizes=\"auto, (max-width: 651px) 100vw, 651px\" \/><figcaption class=\"wp-element-caption\">A&amp;L Spots<\/figcaption><\/figure>\n<\/div><\/div>\n<\/div><\/div>\n<\/div>\n\n\n\n<div class=\"wp-block-columns is-layout-flex wp-container-core-columns-is-layout-28f84493 wp-block-columns-is-layout-flex\">\n<div class=\"wp-block-column is-layout-flow wp-block-column-is-layout-flow\" style=\"flex-basis:33.34%\">\n<div class=\"wp-block-group ghostkit-custom-Z5T2oK is-layout-constrained wp-container-core-group-is-layout-e6beab3a wp-block-group-is-layout-constrained\" style=\"padding-top:0;padding-right:0;padding-bottom:0;padding-left:0\"><\/div>\n<\/div>\n\n\n\n<div class=\"wp-block-column is-layout-flow wp-block-column-is-layout-flow\" style=\"flex-basis:33.33%\"><\/div>\n\n\n\n<div class=\"wp-block-column is-layout-flow wp-block-column-is-layout-flow\" style=\"flex-basis:33.33%\"><\/div>\n<\/div>\n<\/div>\n<\/div>\n\n<p><\/p>\n","protected":false},"excerpt":{"rendered":"<p>FUTURE CLASSICS &amp; CARS OF THE FUTURE FUTURE CLASSICS \u2013 DIE IKONEN VON MORGEN Die Future Classics feiern die kommenden Klassiker \u2013 moderne Fahrzeuge, die schon heute Sammlerherzen h\u00f6herschlagen lassen. Diese Autos sind mehr als nur Fortbewegungsmittel. Sie sind Meilensteine: die letzten analogen Meisterwerke, vision\u00e4re Elektromodelle und seltene Sondereditionen, die Design, Performance und kulturelle Bedeutung [&hellip;]<\/p>\n","protected":false},"author":3,"featured_media":0,"parent":0,"menu_order":0,"comment_status":"closed","ping_status":"closed","template":"","meta":{"ghostkit_customizer_options":"","ghostkit_custom_css":"","ghostkit_custom_js_head":"","ghostkit_custom_js_foot":"","ghostkit_typography":"","footnotes":""},"class_list":["post-12771","page","type-page","status-publish","hentry"],"meta_box":{"zoo_page_banner":""},"_links":{"self":[{"href":"https:\/\/concoursofelegancegermany.com\/de\/wp-json\/wp\/v2\/pages\/12771","targetHints":{"allow":["GET"]}}],"collection":[{"href":"https:\/\/concoursofelegancegermany.com\/de\/wp-json\/wp\/v2\/pages"}],"about":[{"href":"https:\/\/concoursofelegancegermany.com\/de\/wp-json\/wp\/v2\/types\/page"}],"author":[{"embeddable":true,"href":"https:\/\/concoursofelegancegermany.com\/de\/wp-json\/wp\/v2\/users\/3"}],"replies":[{"embeddable":true,"href":"https:\/\/concoursofelegancegermany.com\/de\/wp-json\/wp\/v2\/comments?post=12771"}],"version-history":[{"count":2,"href":"https:\/\/concoursofelegancegermany.com\/de\/wp-json\/wp\/v2\/pages\/12771\/revisions"}],"predecessor-version":[{"id":24399,"href":"https:\/\/concoursofelegancegermany.com\/de\/wp-json\/wp\/v2\/pages\/12771\/revisions\/24399"}],"wp:attachment":[{"href":"https:\/\/concoursofelegancegermany.com\/de\/wp-json\/wp\/v2\/media?parent=12771"}],"curies":[{"name":"wp","href":"https:\/\/api.w.org\/{rel}","templated":true}]}}