
{"id":12891,"date":"2025-05-06T15:32:45","date_gmt":"2025-05-06T15:32:45","guid":{"rendered":"https:\/\/concoursofelegancegermany.com\/steering-committee-judging\/"},"modified":"2026-03-26T19:17:18","modified_gmt":"2026-03-26T19:17:18","slug":"steering-committee-judging","status":"publish","type":"page","link":"https:\/\/concoursofelegancegermany.com\/de\/steering-committee-judging\/","title":{"rendered":"Steering Committee &amp; Judging"},"content":{"rendered":"\n<div class=\"wp-block-group alignfull has-foreground-color has-text-color has-link-color wp-elements-bb7ff7d961801e157dd741d0c1de00ba is-layout-flow wp-container-core-group-is-layout-a70f80f3 wp-block-group-is-layout-flow\" style=\"margin-top:0;margin-bottom:0;padding-top:0;padding-bottom:0\">\n<div class=\"wp-block-cover banner\"><img loading=\"lazy\" decoding=\"async\" width=\"2360\" height=\"1573\" class=\"wp-block-cover__image-background wp-image-12805\" alt=\"\" src=\"https:\/\/concoursofelegancegermany.com\/wp-content\/uploads\/Steering-Committee-Header.jpg\" style=\"object-position:50% 100%\" data-object-fit=\"cover\" data-object-position=\"50% 100%\" srcset=\"https:\/\/concoursofelegancegermany.com\/wp-content\/uploads\/Steering-Committee-Header.jpg 2360w, https:\/\/concoursofelegancegermany.com\/wp-content\/uploads\/Steering-Committee-Header-300x200.jpg 300w, https:\/\/concoursofelegancegermany.com\/wp-content\/uploads\/Steering-Committee-Header-1024x683.jpg 1024w, https:\/\/concoursofelegancegermany.com\/wp-content\/uploads\/Steering-Committee-Header-768x512.jpg 768w, https:\/\/concoursofelegancegermany.com\/wp-content\/uploads\/Steering-Committee-Header-1536x1024.jpg 1536w, https:\/\/concoursofelegancegermany.com\/wp-content\/uploads\/Steering-Committee-Header-2048x1365.jpg 2048w\" sizes=\"auto, (max-width: 2360px) 100vw, 2360px\" \/><span aria-hidden=\"true\" class=\"wp-block-cover__background has-background-dim-40 has-background-dim wp-block-cover__gradient-background has-background-gradient\" style=\"background:linear-gradient(180deg,rgb(3,41,63) 0%,rgba(64,146,194,0) 46%)\"><\/span><div class=\"wp-block-cover__inner-container is-layout-flow wp-block-cover-is-layout-flow\">\n<div style=\"height:100px\" aria-hidden=\"true\" class=\"wp-block-spacer\"><\/div>\n<\/div><\/div>\n\n\n\n<div class=\"wp-block-group ghostkit-custom-Y7MN0 is-style-zoo-responsive-padding has-white-background-color has-background is-layout-constrained wp-container-core-group-is-layout-2f23b1a8 wp-block-group-is-layout-constrained\">\n<h1 class=\"wp-block-heading has-text-align-center ghostkit-custom-nHyh7 has-dark-grey-color has-text-color has-link-color wp-elements-c4c768419453766ef74701a52ea3dc0d\" id=\"the-steering-committee-judging-owner-led-awarding\">DAS STEERING COMMITTEE &amp; BEWERTUNGSPROZESS:<br class=\"m-hide\"\/>TEILNEHMER-GEF\u00dcHRT<\/h1>\n\n\n\n<div class=\"wp-block-group is-layout-constrained wp-container-core-group-is-layout-9e8dd607 wp-block-group-is-layout-constrained\" style=\"padding-top:var(--wp--preset--spacing--30)\">\n<h2 class=\"wp-block-heading has-text-align-center has-dark-grey-color has-text-color has-link-color wp-elements-c44e94612d4a6d8dd38dc4f53d6353b2\" id=\"the-curators-flavien-vanessa-marcais\"><strong>DIE KURATOREN \u2013 FLAVIEN &amp; VANESSA MAR\u00c7AIS<\/strong><\/h2>\n\n\n\n<p class=\"has-text-align-center\">Flavien und Vanessa Mar\u00e7ais sind international anerkannte Kuratoren, Concours-Juroren und Experten f\u00fcr historische Automobile, bekannt f\u00fcr ihr unfehlbares Gesp\u00fcr f\u00fcr Design, Herkunft und Seltenheit. Als Ehepaar bringen sie jahrzehntelange Erfahrung in der Auswahl und Pr\u00e4sentation der weltweit bedeutendsten Automobile auf unsere f\u00fchrenden Concours-Veranstaltungen in Gro\u00dfbritannien und nun auch am Tegernsee mit. <\/p>\n\n\n\n<p class=\"has-text-align-center\">Mit tiefen Wurzeln in der Welt klassischer Fahrzeuge und einer gemeinsamen Leidenschaft f\u00fcr automobile Geschichte kuratieren sie den Concours of Elegance Germany und stellen dabei ein au\u00dfergew\u00f6hnliches Feld an Fahrzeugen zusammen, das zeitlose Eleganz und historische Bedeutung auf eindrucksvolle Weise vereint.<\/p>\n<\/div>\n\n\n\n<div class=\"wp-block-group is-layout-constrained wp-container-core-group-is-layout-2e18bcfd wp-block-group-is-layout-constrained\" style=\"padding-top:0\">\n<figure class=\"wp-block-image aligncenter size-large\" style=\"margin-top:var(--wp--preset--spacing--50)\"><img loading=\"lazy\" decoding=\"async\" width=\"1024\" height=\"683\" src=\"https:\/\/concoursofelegancegermany.com\/wp-content\/uploads\/Vanessa-Flavien-Marcais-1024x683.jpg\" alt=\"Vanessa &amp;amp; Flavien Marcais\" class=\"wp-image-12853\" srcset=\"https:\/\/concoursofelegancegermany.com\/wp-content\/uploads\/Vanessa-Flavien-Marcais-1024x683.jpg 1024w, https:\/\/concoursofelegancegermany.com\/wp-content\/uploads\/Vanessa-Flavien-Marcais-300x200.jpg 300w, https:\/\/concoursofelegancegermany.com\/wp-content\/uploads\/Vanessa-Flavien-Marcais-768x512.jpg 768w, https:\/\/concoursofelegancegermany.com\/wp-content\/uploads\/Vanessa-Flavien-Marcais-1536x1024.jpg 1536w, https:\/\/concoursofelegancegermany.com\/wp-content\/uploads\/Vanessa-Flavien-Marcais.jpg 1600w\" sizes=\"auto, (max-width: 1024px) 100vw, 1024px\" \/><\/figure>\n<\/div>\n<\/div>\n\n\n\n<div class=\"wp-block-group is-style-zoo-responsive-padding is-layout-constrained wp-container-core-group-is-layout-f36bc466 wp-block-group-is-layout-constrained\">\n<hr class=\"wp-block-separator has-alpha-channel-opacity\"\/>\n<\/div>\n\n\n\n<div class=\"wp-block-group is-style-zoo-responsive-padding is-layout-constrained wp-container-core-group-is-layout-f36bc466 wp-block-group-is-layout-constrained\">\n<div class=\"wp-block-group is-layout-constrained wp-container-core-group-is-layout-e8dcf4c6 wp-block-group-is-layout-constrained\" style=\"padding-bottom:var(--wp--preset--spacing--50)\">\n<h1 class=\"wp-block-heading has-text-align-center has-dark-grey-color has-text-color has-link-color wp-elements-6ccf92c5da0db5b2d6094dced467d4f1\" id=\"the-steering-committee\">DAS STEERING COMMIITTEE<\/h1>\n\n\n\n<p class=\"has-text-align-center\">Ein besonderes Highlight des Concours of Elegance Germany ist unser einzigartiger, von den Eigent\u00fcmern gef\u00fchrter Bewertungsprozess. Anders als bei klassischen Concours-Veranstaltungen, bei denen eine Jury entscheidet, w\u00e4hlen bei uns die Teilnehmer selbst das <em>Best of Show<\/em>-Fahrzeug. Jeder Fahrzeugbesitzer hat eine Stimme \u2013 und stimmt f\u00fcr den Wagen ab, den er am liebsten gleich mit in seine Sammlung stellen w\u00fcrde.  <\/p>\n\n\n\n<p class=\"has-text-align-center\">Auch jedes Mitglied unseres hochkar\u00e4tigen Steering Committee hat eine Stimme. Doch im Mittelpunkt stehen bei uns die Teilnehmer selbst, die mit ihrer Leidenschaft und ihrem Fachwissen wahre H\u00fcter der Automobilgeschichte sind. Sie kennen jedes Detail, jede Geschichte und jede Besonderheit ihrer wundervollen Fahrzeuge \u2013 und genau diese Perspektive m\u00f6chten wir w\u00fcrdigen.  <\/p>\n\n\n\n<p class=\"has-text-align-center\">Wir glauben: Wer k\u00f6nnte die Exzellenz eines Fahrzeugs besser beurteilen als jene, die sie selbst mit Hingabe erhalten und bewahren? Dieser Ansatz verleiht unserem Concours eine ganz besondere Tiefe und Authentizit\u00e4t \u2013 ein Fest von Sammlern, f\u00fcr Sammler. <\/p>\n<\/div>\n\n\n\n<div class=\"ghostkit-grid ghostkit-grid-gap-custom ghostkit-custom-ZvTG7l\"><div class=\"ghostkit-grid-inner\">\n<div class=\"ghostkit-col ghostkit-col-sm-6 ghostkit-col-md-4 ghostkit-col-4\"><div class=\"ghostkit-col-content is-layout-flow wp-block-ghostkit-grid-column-is-layout-flow\">\n<figure class=\"wp-block-image size-full has-custom-border\"><img loading=\"lazy\" decoding=\"async\" width=\"800\" height=\"800\" src=\"https:\/\/concoursofelegancegermany.com\/wp-content\/uploads\/COEG-Headshots-Richard-Charlesworth.jpg\" alt=\"Richard Charlesworth\" class=\"wp-image-12845\" style=\"border-style:none;border-width:0px\" srcset=\"https:\/\/concoursofelegancegermany.com\/wp-content\/uploads\/COEG-Headshots-Richard-Charlesworth.jpg 800w, https:\/\/concoursofelegancegermany.com\/wp-content\/uploads\/COEG-Headshots-Richard-Charlesworth-300x300.jpg 300w, https:\/\/concoursofelegancegermany.com\/wp-content\/uploads\/COEG-Headshots-Richard-Charlesworth-150x150.jpg 150w, https:\/\/concoursofelegancegermany.com\/wp-content\/uploads\/COEG-Headshots-Richard-Charlesworth-768x768.jpg 768w\" sizes=\"auto, (max-width: 800px) 100vw, 800px\" \/><\/figure>\n\n\n\n<p class=\"has-text-align-center\"><strong>Richard Charlesworth<\/strong><\/p>\n\n\n\n<p class=\"has-text-align-center\">Vorsitzender des Lenkungsausschusses. Ehemaliger Direktor f\u00fcr k\u00f6nigliche und VIP-Beziehungen, Leiter der Heritage Collection bei Bentley Motors. <\/p>\n<\/div><\/div>\n\n\n\n<div class=\"ghostkit-col ghostkit-col-sm-6 ghostkit-col-md-4 ghostkit-col-4\"><div class=\"ghostkit-col-content is-layout-flow wp-block-ghostkit-grid-column-is-layout-flow\">\n<figure class=\"wp-block-image size-full has-custom-border\"><img decoding=\"async\" src=\"https:\/\/londonconcours.co.uk\/wp-content\/uploads\/London-Concours-Headshots-Flavien.jpg\" alt=\"Flavien\" class=\"wp-image-4261\" style=\"border-style:none;border-width:0px\"\/><\/figure>\n\n\n\n<p class=\"has-text-align-center\"><strong><strong>Flavien Mar\u00e7ais<\/strong><\/strong><\/p>\n\n\n\n<p class=\"has-text-align-center\">Kurator des Concours of Elegance<\/p>\n<\/div><\/div>\n\n\n\n<div class=\"ghostkit-col ghostkit-col-sm-6 ghostkit-col-md-4 ghostkit-col-4\"><div class=\"ghostkit-col-content is-layout-flow wp-block-ghostkit-grid-column-is-layout-flow\">\n<figure class=\"wp-block-image size-full has-custom-border\"><img decoding=\"async\" src=\"https:\/\/londonconcours.co.uk\/wp-content\/uploads\/London-Concours-Headshots-Vanessa.jpg\" alt=\"Vanessa\" class=\"wp-image-4263\" style=\"border-style:none;border-width:0px\"\/><\/figure>\n\n\n\n<p class=\"has-text-align-center\"><strong>Vanessa Mar\u00e7ais<\/strong><\/p>\n\n\n\n<p class=\"has-text-align-center\">Kurator des Concours of Elegance<\/p>\n<\/div><\/div>\n\n\n\n<div class=\"ghostkit-col ghostkit-col-sm-6 ghostkit-col-md-4 ghostkit-col-4\"><div class=\"ghostkit-col-content is-layout-flow wp-block-ghostkit-grid-column-is-layout-flow\">\n<figure class=\"wp-block-image size-full has-custom-border\"><img loading=\"lazy\" decoding=\"async\" width=\"800\" height=\"800\" src=\"https:\/\/concoursofelegancegermany.com\/wp-content\/uploads\/COEG-Headshots-James-Brooks-Ward.jpg\" alt=\"James Brooks-Ward\" class=\"wp-image-12821\" style=\"border-style:none;border-width:0px\" srcset=\"https:\/\/concoursofelegancegermany.com\/wp-content\/uploads\/COEG-Headshots-James-Brooks-Ward.jpg 800w, https:\/\/concoursofelegancegermany.com\/wp-content\/uploads\/COEG-Headshots-James-Brooks-Ward-300x300.jpg 300w, https:\/\/concoursofelegancegermany.com\/wp-content\/uploads\/COEG-Headshots-James-Brooks-Ward-150x150.jpg 150w, https:\/\/concoursofelegancegermany.com\/wp-content\/uploads\/COEG-Headshots-James-Brooks-Ward-768x768.jpg 768w\" sizes=\"auto, (max-width: 800px) 100vw, 800px\" \/><\/figure>\n\n\n\n<p class=\"has-text-align-center\"><strong>James Brooks-Ward<\/strong><\/p>\n\n\n\n<p class=\"has-text-align-center\">James ist CEO von Thorough Events Limited und James ist CEO der Thorough Events GmbH.<\/p>\n<\/div><\/div>\n\n\n\n<div class=\"ghostkit-col ghostkit-col-sm-6 ghostkit-col-md-4 ghostkit-col-4\"><div class=\"ghostkit-col-content is-layout-flow wp-block-ghostkit-grid-column-is-layout-flow\">\n<figure class=\"wp-block-image size-full has-custom-border\"><img loading=\"lazy\" decoding=\"async\" width=\"800\" height=\"800\" src=\"https:\/\/concoursofelegancegermany.com\/wp-content\/uploads\/COEG-Headshots-Sandra-Martin-Button.jpg\" alt=\"Martin und Sandra Button\" class=\"wp-image-12849\" style=\"border-style:none;border-width:0px\" srcset=\"https:\/\/concoursofelegancegermany.com\/wp-content\/uploads\/COEG-Headshots-Sandra-Martin-Button.jpg 800w, https:\/\/concoursofelegancegermany.com\/wp-content\/uploads\/COEG-Headshots-Sandra-Martin-Button-300x300.jpg 300w, https:\/\/concoursofelegancegermany.com\/wp-content\/uploads\/COEG-Headshots-Sandra-Martin-Button-150x150.jpg 150w, https:\/\/concoursofelegancegermany.com\/wp-content\/uploads\/COEG-Headshots-Sandra-Martin-Button-768x768.jpg 768w\" sizes=\"auto, (max-width: 800px) 100vw, 800px\" \/><\/figure>\n\n\n\n<p class=\"has-text-align-center\"><strong>Martin und Sandra Button<\/strong><\/p>\n\n\n\n<p class=\"has-text-align-center\">Sandra is the Chairman of the Pebble Beach Concours Tour d\u2019Elegance and Martin is a member of their Selection Committee.<\/p>\n<\/div><\/div>\n\n\n\n<div class=\"ghostkit-col ghostkit-col-sm-6 ghostkit-col-md-4 ghostkit-col-4 ghostkit-d-none\"><div class=\"ghostkit-col-content is-layout-flow wp-block-ghostkit-grid-column-is-layout-flow\">\n<p class=\"has-text-align-center\"><strong><strong>Andrew Hall<\/strong><\/strong><\/p>\n<\/div><\/div>\n\n\n\n<div class=\"ghostkit-col ghostkit-col-sm-6 ghostkit-col-md-4 ghostkit-col-4\"><div class=\"ghostkit-col-content is-layout-flow wp-block-ghostkit-grid-column-is-layout-flow\">\n<figure class=\"wp-block-image size-full has-custom-border\"><img loading=\"lazy\" decoding=\"async\" width=\"800\" height=\"800\" src=\"https:\/\/concoursofelegancegermany.com\/wp-content\/uploads\/COEG-Headshots-Marcus-Gorig.jpg\" alt=\"Marcus G&#xF6;rig \" class=\"wp-image-12837\" style=\"border-style:none;border-width:0px\" srcset=\"https:\/\/concoursofelegancegermany.com\/wp-content\/uploads\/COEG-Headshots-Marcus-Gorig.jpg 800w, https:\/\/concoursofelegancegermany.com\/wp-content\/uploads\/COEG-Headshots-Marcus-Gorig-300x300.jpg 300w, https:\/\/concoursofelegancegermany.com\/wp-content\/uploads\/COEG-Headshots-Marcus-Gorig-150x150.jpg 150w, https:\/\/concoursofelegancegermany.com\/wp-content\/uploads\/COEG-Headshots-Marcus-Gorig-768x768.jpg 768w\" sizes=\"auto, (max-width: 800px) 100vw, 800px\" \/><\/figure>\n\n\n\n<p class=\"has-text-align-center\"><strong>Marcus G\u00f6rig<\/strong><\/p>\n\n\n\n<p class=\"has-text-align-center\">Autospezialist RM Sotheby\u2019s<\/p>\n<\/div><\/div>\n\n\n\n<div class=\"ghostkit-col ghostkit-col-sm-6 ghostkit-col-md-4 ghostkit-col-4\"><div class=\"ghostkit-col-content is-layout-flow wp-block-ghostkit-grid-column-is-layout-flow\">\n<figure class=\"wp-block-image size-full has-custom-border\"><img loading=\"lazy\" decoding=\"async\" width=\"800\" height=\"800\" src=\"https:\/\/concoursofelegancegermany.com\/wp-content\/uploads\/COEG-Headshots-Christian-Geistdorfer.jpg\" alt=\"Christian Geistd&#xF6;rfer \" class=\"wp-image-12817\" style=\"border-style:none;border-width:0px\" srcset=\"https:\/\/concoursofelegancegermany.com\/wp-content\/uploads\/COEG-Headshots-Christian-Geistdorfer.jpg 800w, https:\/\/concoursofelegancegermany.com\/wp-content\/uploads\/COEG-Headshots-Christian-Geistdorfer-300x300.jpg 300w, https:\/\/concoursofelegancegermany.com\/wp-content\/uploads\/COEG-Headshots-Christian-Geistdorfer-150x150.jpg 150w, https:\/\/concoursofelegancegermany.com\/wp-content\/uploads\/COEG-Headshots-Christian-Geistdorfer-768x768.jpg 768w\" sizes=\"auto, (max-width: 800px) 100vw, 800px\" \/><\/figure>\n\n\n\n<p class=\"has-text-align-center\"><strong>Christian Geistd\u00f6rfer<\/strong><\/p>\n\n\n\n<p class=\"has-text-align-center\">Tourdirektor &amp; ehemaliger Rallye-Weltmeister<\/p>\n<\/div><\/div>\n\n\n\n<div class=\"ghostkit-col ghostkit-col-sm-6 ghostkit-col-md-4 ghostkit-col-4 ghostkit-d-none\"><div class=\"ghostkit-col-content is-layout-flow wp-block-ghostkit-grid-column-is-layout-flow\">\n<p class=\"has-text-align-center\"><strong>Stephen Archer<\/strong><\/p>\n<\/div><\/div>\n\n\n\n<div class=\"ghostkit-col ghostkit-col-sm-6 ghostkit-col-md-4 ghostkit-col-4 ghostkit-d-none ghostkit-d-xl-none ghostkit-d-lg-none ghostkit-d-md-none ghostkit-d-sm-none\"><div class=\"ghostkit-col-content is-layout-flow wp-block-ghostkit-grid-column-is-layout-flow\">\n<figure class=\"wp-block-image size-full has-custom-border\"><img loading=\"lazy\" decoding=\"async\" width=\"800\" height=\"800\" src=\"https:\/\/concoursofelegancegermany.com\/wp-content\/uploads\/COEG-Headshots-Moritz-Hardieck.jpg\" alt=\"Moritz Hardieck \" class=\"wp-image-12841\" style=\"border-style:none;border-width:0px\" srcset=\"https:\/\/concoursofelegancegermany.com\/wp-content\/uploads\/COEG-Headshots-Moritz-Hardieck.jpg 800w, https:\/\/concoursofelegancegermany.com\/wp-content\/uploads\/COEG-Headshots-Moritz-Hardieck-300x300.jpg 300w, https:\/\/concoursofelegancegermany.com\/wp-content\/uploads\/COEG-Headshots-Moritz-Hardieck-150x150.jpg 150w, https:\/\/concoursofelegancegermany.com\/wp-content\/uploads\/COEG-Headshots-Moritz-Hardieck-768x768.jpg 768w\" sizes=\"auto, (max-width: 800px) 100vw, 800px\" \/><\/figure>\n\n\n\n<p class=\"has-text-align-center\"><strong>Moritz Hardieck<\/strong><\/p>\n\n\n\n<p class=\"has-text-align-center\">CEO of Gut Kaltenbrunn<\/p>\n<\/div><\/div>\n\n\n\n<div class=\"ghostkit-col ghostkit-col-sm-6 ghostkit-col-md-4 ghostkit-col-4\"><div class=\"ghostkit-col-content is-layout-flow wp-block-ghostkit-grid-column-is-layout-flow\">\n<figure class=\"wp-block-image size-full has-custom-border\"><img loading=\"lazy\" decoding=\"async\" width=\"800\" height=\"800\" src=\"https:\/\/concoursofelegancegermany.com\/wp-content\/uploads\/COEG-Headshots-Jens-Rasloff.jpg\" alt=\"Jens Rasloff \" class=\"wp-image-12825\" style=\"border-style:none;border-width:0px\" srcset=\"https:\/\/concoursofelegancegermany.com\/wp-content\/uploads\/COEG-Headshots-Jens-Rasloff.jpg 800w, https:\/\/concoursofelegancegermany.com\/wp-content\/uploads\/COEG-Headshots-Jens-Rasloff-300x300.jpg 300w, https:\/\/concoursofelegancegermany.com\/wp-content\/uploads\/COEG-Headshots-Jens-Rasloff-150x150.jpg 150w, https:\/\/concoursofelegancegermany.com\/wp-content\/uploads\/COEG-Headshots-Jens-Rasloff-768x768.jpg 768w\" sizes=\"auto, (max-width: 800px) 100vw, 800px\" \/><\/figure>\n\n\n\n<p class=\"has-text-align-center\"><strong>Jens Rasloff<\/strong><\/p>\n\n\n\n<p class=\"has-text-align-center\">Chairman of Coparion Capital &amp; British Car Enthusiast<\/p>\n<\/div><\/div>\n\n\n\n<div class=\"ghostkit-col ghostkit-col-sm-6 ghostkit-col-md-4 ghostkit-col-4\"><div class=\"ghostkit-col-content is-layout-flow wp-block-ghostkit-grid-column-is-layout-flow\">\n<figure class=\"wp-block-image size-full has-custom-border\"><img loading=\"lazy\" decoding=\"async\" width=\"800\" height=\"800\" src=\"https:\/\/concoursofelegancegermany.com\/wp-content\/uploads\/COEG-Headshots-Tanja-Benedic.jpg\" alt=\"Tanja Benedic\" class=\"wp-image-13173\" style=\"border-style:none;border-width:0px\" srcset=\"https:\/\/concoursofelegancegermany.com\/wp-content\/uploads\/COEG-Headshots-Tanja-Benedic.jpg 800w, https:\/\/concoursofelegancegermany.com\/wp-content\/uploads\/COEG-Headshots-Tanja-Benedic-300x300.jpg 300w, https:\/\/concoursofelegancegermany.com\/wp-content\/uploads\/COEG-Headshots-Tanja-Benedic-150x150.jpg 150w, https:\/\/concoursofelegancegermany.com\/wp-content\/uploads\/COEG-Headshots-Tanja-Benedic-768x768.jpg 768w\" sizes=\"auto, (max-width: 800px) 100vw, 800px\" \/><\/figure>\n\n\n\n<p class=\"has-text-align-center\"><strong>Tanja Benedic<\/strong><\/p>\n\n\n\n<p class=\"has-text-align-center\">Unternehmerin, Consultant, Markenbotschafterin Staatliche Porzellan-Manufaktur MEISSEN<\/p>\n<\/div><\/div>\n\n\n\n<div class=\"ghostkit-col ghostkit-col-sm-6 ghostkit-col-md-4 ghostkit-col-4\"><div class=\"ghostkit-col-content is-layout-flow wp-block-ghostkit-grid-column-is-layout-flow\">\n<figure class=\"wp-block-image size-full has-custom-border\"><img loading=\"lazy\" decoding=\"async\" width=\"800\" height=\"800\" src=\"https:\/\/concoursofelegancegermany.com\/wp-content\/uploads\/COEG-Headshots-Kevin-Braun.jpg\" alt=\"Kevin Braun\" class=\"wp-image-13475\" style=\"border-style:none;border-width:0px\" srcset=\"https:\/\/concoursofelegancegermany.com\/wp-content\/uploads\/COEG-Headshots-Kevin-Braun.jpg 800w, https:\/\/concoursofelegancegermany.com\/wp-content\/uploads\/COEG-Headshots-Kevin-Braun-300x300.jpg 300w, https:\/\/concoursofelegancegermany.com\/wp-content\/uploads\/COEG-Headshots-Kevin-Braun-150x150.jpg 150w, https:\/\/concoursofelegancegermany.com\/wp-content\/uploads\/COEG-Headshots-Kevin-Braun-768x768.jpg 768w\" sizes=\"auto, (max-width: 800px) 100vw, 800px\" \/><\/figure>\n\n\n\n<p class=\"has-text-align-center\"><strong>Kevin Braun<\/strong><\/p>\n\n\n\n<p class=\"has-text-align-center\">Founder Schaltkulisse <\/p>\n<\/div><\/div>\n\n\n\n<div class=\"ghostkit-col ghostkit-col-sm-6 ghostkit-col-md-4 ghostkit-col-4\"><div class=\"ghostkit-col-content is-layout-flow wp-block-ghostkit-grid-column-is-layout-flow\">\n<figure class=\"wp-block-image size-full has-custom-border\"><img loading=\"lazy\" decoding=\"async\" width=\"800\" height=\"800\" src=\"https:\/\/concoursofelegancegermany.com\/wp-content\/uploads\/Till-Waitzinger.jpg\" alt=\"Till Waitzinger\" class=\"wp-image-34575\" style=\"border-style:none;border-width:0px\" srcset=\"https:\/\/concoursofelegancegermany.com\/wp-content\/uploads\/Till-Waitzinger.jpg 800w, https:\/\/concoursofelegancegermany.com\/wp-content\/uploads\/Till-Waitzinger-300x300.jpg 300w, https:\/\/concoursofelegancegermany.com\/wp-content\/uploads\/Till-Waitzinger-150x150.jpg 150w, https:\/\/concoursofelegancegermany.com\/wp-content\/uploads\/Till-Waitzinger-768x768.jpg 768w\" sizes=\"auto, (max-width: 800px) 100vw, 800px\" \/><\/figure>\n\n\n\n<p class=\"has-text-align-center\"><strong>Till Waitzinger<\/strong><\/p>\n\n\n\n<p class=\"has-text-align-center\">CRO. Chief Representation Officer. Unser Insider in der Oldtimer-Szene, Autoliebhaber und Versicherungsspezialist. Till vertritt das Unternehmen in der Sammler- und Liebhabergemeinschaft.   <\/p>\n<\/div><\/div>\n<\/div><\/div>\n\n\n\n<div class=\"wp-block-group is-layout-constrained wp-container-core-group-is-layout-9372827a wp-block-group-is-layout-constrained\" style=\"padding-top:var(--wp--preset--spacing--60);padding-bottom:var(--wp--preset--spacing--50)\"><\/div>\n<\/div>\n<\/div>\n","protected":false},"excerpt":{"rendered":"<p>DAS STEERING COMMITTEE &amp; BEWERTUNGSPROZESS:TEILNEHMER-GEF\u00dcHRT DIE KURATOREN \u2013 FLAVIEN &amp; VANESSA MAR\u00c7AIS Flavien und Vanessa Mar\u00e7ais sind international anerkannte Kuratoren, Concours-Juroren und Experten f\u00fcr historische Automobile, bekannt f\u00fcr ihr unfehlbares Gesp\u00fcr f\u00fcr Design, Herkunft und Seltenheit. Als Ehepaar bringen sie jahrzehntelange Erfahrung in der Auswahl und Pr\u00e4sentation der weltweit bedeutendsten Automobile auf unsere f\u00fchrenden Concours-Veranstaltungen [&hellip;]<\/p>\n","protected":false},"author":3,"featured_media":0,"parent":0,"menu_order":0,"comment_status":"closed","ping_status":"closed","template":"","meta":{"ghostkit_customizer_options":"","ghostkit_custom_css":"","ghostkit_custom_js_head":"","ghostkit_custom_js_foot":"","ghostkit_typography":"","footnotes":""},"class_list":["post-12891","page","type-page","status-publish","hentry"],"meta_box":{"zoo_page_banner":""},"_links":{"self":[{"href":"https:\/\/concoursofelegancegermany.com\/de\/wp-json\/wp\/v2\/pages\/12891","targetHints":{"allow":["GET"]}}],"collection":[{"href":"https:\/\/concoursofelegancegermany.com\/de\/wp-json\/wp\/v2\/pages"}],"about":[{"href":"https:\/\/concoursofelegancegermany.com\/de\/wp-json\/wp\/v2\/types\/page"}],"author":[{"embeddable":true,"href":"https:\/\/concoursofelegancegermany.com\/de\/wp-json\/wp\/v2\/users\/3"}],"replies":[{"embeddable":true,"href":"https:\/\/concoursofelegancegermany.com\/de\/wp-json\/wp\/v2\/comments?post=12891"}],"version-history":[{"count":6,"href":"https:\/\/concoursofelegancegermany.com\/de\/wp-json\/wp\/v2\/pages\/12891\/revisions"}],"predecessor-version":[{"id":34579,"href":"https:\/\/concoursofelegancegermany.com\/de\/wp-json\/wp\/v2\/pages\/12891\/revisions\/34579"}],"wp:attachment":[{"href":"https:\/\/concoursofelegancegermany.com\/de\/wp-json\/wp\/v2\/media?parent=12891"}],"curies":[{"name":"wp","href":"https:\/\/api.w.org\/{rel}","templated":true}]}}