
{"id":13083,"date":"2025-05-08T14:43:06","date_gmt":"2025-05-08T14:43:06","guid":{"rendered":"https:\/\/concoursofelegancegermany.com\/feinkost-kaefer\/"},"modified":"2025-11-28T12:55:50","modified_gmt":"2025-11-28T12:55:50","slug":"feinkost-kaefer","status":"publish","type":"page","link":"https:\/\/concoursofelegancegermany.com\/de\/feinkost-kaefer\/","title":{"rendered":"Feinkost K\u00e4fer"},"content":{"rendered":"\n<div class=\"wp-block-group alignfull is-layout-constrained wp-block-group-is-layout-constrained\">\n<div class=\"wp-block-cover alignfull banner\"><img loading=\"lazy\" decoding=\"async\" width=\"2560\" height=\"1300\" class=\"wp-block-cover__image-background wp-image-12975 size-full\" alt=\"\" src=\"https:\/\/concoursofelegancegermany.com\/wp-content\/uploads\/Header-Concours-of-Elegance-Germany-Stories.jpg\" style=\"object-position:50% 65%\" data-object-fit=\"cover\" data-object-position=\"50% 65%\" srcset=\"https:\/\/concoursofelegancegermany.com\/wp-content\/uploads\/Header-Concours-of-Elegance-Germany-Stories.jpg 2560w, https:\/\/concoursofelegancegermany.com\/wp-content\/uploads\/Header-Concours-of-Elegance-Germany-Stories-300x152.jpg 300w, https:\/\/concoursofelegancegermany.com\/wp-content\/uploads\/Header-Concours-of-Elegance-Germany-Stories-1024x520.jpg 1024w, https:\/\/concoursofelegancegermany.com\/wp-content\/uploads\/Header-Concours-of-Elegance-Germany-Stories-768x390.jpg 768w, https:\/\/concoursofelegancegermany.com\/wp-content\/uploads\/Header-Concours-of-Elegance-Germany-Stories-1536x780.jpg 1536w, https:\/\/concoursofelegancegermany.com\/wp-content\/uploads\/Header-Concours-of-Elegance-Germany-Stories-2048x1040.jpg 2048w\" sizes=\"auto, (max-width: 2560px) 100vw, 2560px\" \/><span aria-hidden=\"true\" class=\"wp-block-cover__background has-background-dim-30 has-background-dim wp-block-cover__gradient-background has-background-gradient\" style=\"background:linear-gradient(135deg,rgb(5,31,0) 12%,rgba(155,81,224,0) 83%)\"><\/span><div class=\"wp-block-cover__inner-container is-layout-flow wp-block-cover-is-layout-flow\">\n<div style=\"height:100px\" aria-hidden=\"true\" class=\"wp-block-spacer\"><\/div>\n<\/div><\/div>\n\n\n\n<div class=\"wp-block-group alignfull is-style-zoo-page-padding is-layout-constrained wp-container-core-group-is-layout-4383d167 wp-block-group-is-layout-constrained\">\n<div class=\"wp-block-group is-layout-constrained wp-container-core-group-is-layout-aa5ca682 wp-block-group-is-layout-constrained\">\n<h1 class=\"wp-block-heading alignwide has-text-align-center\" id=\"in-the-driver-s-seat-with-michael-kafer\"><strong>In the driver&#8217;s seat mit Michael K\u00e4fer<\/strong><\/h1>\n\n\n\n<p class=\"has-text-align-center\">In unserem neuesten <em>In the Driver\u2019s Sea<\/em>t Interview teilt Michael K\u00e4fer seine Leidenschaft f\u00fcr bezaubernde Gastfreundschaft und erkl\u00e4rt, warum Gut Kaltenbrunn das perfekte Zuhause f\u00fcr den Concours of Elegance Germany ist. Entdecken Sie seine Vision, seine Liebe zum Detail und warum kulinarische Exzellenz im Mittelpunkt unseres unvergesslichen G\u00e4steerlebnisses steht. <\/p>\n<\/div>\n\n\n\n<div class=\"wp-block-group is-layout-flow wp-container-core-group-is-layout-43e65af6 wp-block-group-is-layout-flow\" style=\"padding-top:var(--wp--preset--spacing--40)\"><div style=\"padding:56.25% 0 0 0;position:relative\"><iframe src=\"https:\/\/play.gumlet.io\/embed\/68d132712b33c1c8577c72d1?caption=true&#038;\" id=\"gumlet-3576402079\" loading=\"lazy\" title=\"Gumlet video player\" style=\"border:none; position: absolute; top:0; left:0; height: 100%; width: 100%;\" allow=\"accelerometer; gyroscope; autoplay; encrypted-media; picture-in-picture; fullscreen;\" frameborder=\"0\"><\/iframe><\/div><\/div>\n<\/div>\n<\/div>\n","protected":false},"excerpt":{"rendered":"<p>In the driver&#8217;s seat mit Michael K\u00e4fer In unserem neuesten In the Driver\u2019s Seat Interview teilt Michael K\u00e4fer seine Leidenschaft f\u00fcr bezaubernde Gastfreundschaft und erkl\u00e4rt, warum Gut Kaltenbrunn das perfekte Zuhause f\u00fcr den Concours of Elegance Germany ist. Entdecken Sie seine Vision, seine Liebe zum Detail und warum kulinarische Exzellenz im Mittelpunkt unseres unvergesslichen G\u00e4steerlebnisses [&hellip;]<\/p>\n","protected":false},"author":3,"featured_media":0,"parent":0,"menu_order":0,"comment_status":"closed","ping_status":"closed","template":"","meta":{"ghostkit_customizer_options":"","ghostkit_custom_css":"","ghostkit_custom_js_head":"","ghostkit_custom_js_foot":"","ghostkit_typography":"","footnotes":""},"class_list":["post-13083","page","type-page","status-publish","hentry"],"meta_box":{"zoo_page_banner":""},"_links":{"self":[{"href":"https:\/\/concoursofelegancegermany.com\/de\/wp-json\/wp\/v2\/pages\/13083","targetHints":{"allow":["GET"]}}],"collection":[{"href":"https:\/\/concoursofelegancegermany.com\/de\/wp-json\/wp\/v2\/pages"}],"about":[{"href":"https:\/\/concoursofelegancegermany.com\/de\/wp-json\/wp\/v2\/types\/page"}],"author":[{"embeddable":true,"href":"https:\/\/concoursofelegancegermany.com\/de\/wp-json\/wp\/v2\/users\/3"}],"replies":[{"embeddable":true,"href":"https:\/\/concoursofelegancegermany.com\/de\/wp-json\/wp\/v2\/comments?post=13083"}],"version-history":[{"count":7,"href":"https:\/\/concoursofelegancegermany.com\/de\/wp-json\/wp\/v2\/pages\/13083\/revisions"}],"predecessor-version":[{"id":24087,"href":"https:\/\/concoursofelegancegermany.com\/de\/wp-json\/wp\/v2\/pages\/13083\/revisions\/24087"}],"wp:attachment":[{"href":"https:\/\/concoursofelegancegermany.com\/de\/wp-json\/wp\/v2\/media?parent=13083"}],"curies":[{"name":"wp","href":"https:\/\/api.w.org\/{rel}","templated":true}]}}