
{"id":1821,"date":"2023-11-19T08:24:32","date_gmt":"2023-11-19T08:24:32","guid":{"rendered":"https:\/\/concoursofelegancegermany.com\/das-event\/"},"modified":"2025-12-02T15:33:01","modified_gmt":"2025-12-02T15:33:01","slug":"das-event","status":"publish","type":"page","link":"https:\/\/concoursofelegancegermany.com\/de\/das-event\/","title":{"rendered":"Die Veranstaltung"},"content":{"rendered":"\n<div class=\"wp-block-group alignfull is-layout-flow wp-container-core-group-is-layout-a70f80f3 wp-block-group-is-layout-flow\" style=\"margin-top:0;margin-bottom:0;padding-top:0;padding-bottom:0\">\n<div class=\"wp-block-cover banner\"><img loading=\"lazy\" decoding=\"async\" width=\"2560\" height=\"1707\" class=\"wp-block-cover__image-background wp-image-9783\" alt=\"Concours of Elegance Germany The Event\" src=\"https:\/\/concoursofelegancegermany.com\/wp-content\/uploads\/Feature-Concours-of-Elegance-Germany-The-Event.jpg\" data-object-fit=\"cover\" srcset=\"https:\/\/concoursofelegancegermany.com\/wp-content\/uploads\/Feature-Concours-of-Elegance-Germany-The-Event.jpg 2560w, https:\/\/concoursofelegancegermany.com\/wp-content\/uploads\/Feature-Concours-of-Elegance-Germany-The-Event-300x200.jpg 300w, https:\/\/concoursofelegancegermany.com\/wp-content\/uploads\/Feature-Concours-of-Elegance-Germany-The-Event-1024x683.jpg 1024w, https:\/\/concoursofelegancegermany.com\/wp-content\/uploads\/Feature-Concours-of-Elegance-Germany-The-Event-768x512.jpg 768w, https:\/\/concoursofelegancegermany.com\/wp-content\/uploads\/Feature-Concours-of-Elegance-Germany-The-Event-1536x1024.jpg 1536w, https:\/\/concoursofelegancegermany.com\/wp-content\/uploads\/Feature-Concours-of-Elegance-Germany-The-Event-2048x1366.jpg 2048w\" sizes=\"auto, (max-width: 2560px) 100vw, 2560px\" \/><span aria-hidden=\"true\" class=\"wp-block-cover__background has-background-dim-30 has-background-dim wp-block-cover__gradient-background has-background-gradient\" style=\"background:linear-gradient(180deg,rgb(6,147,227) 0%,rgba(155,81,224,0) 28%)\"><\/span><div class=\"wp-block-cover__inner-container is-layout-flow wp-block-cover-is-layout-flow\">\n<div style=\"height:100px\" aria-hidden=\"true\" class=\"wp-block-spacer\"><\/div>\n<\/div><\/div>\n\n\n\n<div class=\"wp-block-group is-style-zoo-page-padding has-white-background-color has-background is-layout-constrained wp-container-core-group-is-layout-d3543a3b wp-block-group-is-layout-constrained\">\n<div class=\"wp-block-group is-layout-constrained wp-container-core-group-is-layout-52fd8420 wp-block-group-is-layout-constrained\">\n<h1 class=\"wp-block-heading has-text-align-center\" id=\"junior-concours\">DIE VERANSTALTUNG<\/h1>\n\n\n\n<div class=\"wp-block-group is-layout-constrained wp-container-core-group-is-layout-51603274 wp-block-group-is-layout-constrained\">\n<blockquote class=\"wp-block-quote is-layout-flow wp-block-quote-is-layout-flow\">\n<p class=\"has-text-align-center\"><mark style=\"background-color:rgba(0, 0, 0, 0)\" class=\"has-inline-color has-gold-color\">Eine Feier der Automobil-Exzellenz f\u00fcr Menschen mit Tatendrang und Stil<\/mark><\/p>\n<\/blockquote>\n<\/div>\n\n\n\n<p class=\"has-text-align-center\">Der Concours of Elegance Germany 2026 findet am Samstag, den 4. Juli und Sonntag, den 5. Juli 2026 auf Gut Kaltenbrunn am Tegernsee statt. Der Concours, der von den Organisatoren des Concours of Elegance Hampton Court Palace veranstaltet wird, ist international ausgerichtet und bringt die wichtigsten Sammler der Welt zusammen, um ihre Fahrzeuge in einem spektakul\u00e4ren Rahmen zu feiern. <\/p>\n\n\n\n<p class=\"has-text-align-center\">Der Concours of Elegance Germany ist eine exklusive Automobil- und Lifestyle-Veranstaltung, die am atemberaubenden azurblauen Tegernsee stattfindet und bei der 50 der sch\u00f6nsten Oldtimer und Luxusfahrzeuge der Welt pr\u00e4sentiert werden. Der prestigetr\u00e4chtige Concours zelebriert automobile Exzellenz und stellt seltene Fahrzeuge ber\u00fchmter Hersteller und privater Sammlungen vor. <\/p>\n\n\n\n<p class=\"has-text-align-center\">Vor der atemberaubenden Kulisse der bayerischen Alpen bietet die Veranstaltung ein raffiniertes Erlebnis f\u00fcr Sammler und Liebhaber, das Kunst, Design und Geschichte miteinander verbindet. Bei der ersten Ausgabe kamen die 50 atemberaubenden Exemplare aus ganz Europa, Indien, dem Vereinigten K\u00f6nigreich und den Vereinigten Staaten. <\/p>\n\n\n\n<p class=\"has-text-align-center\">Neben den Autos genie\u00dfen die G\u00e4ste Gourmet-Restaurants, High-End-Mode und luxuri\u00f6se Ausstellungen, die die Veranstaltung zu einem wahren Fest des Stils, der Handwerkskunst und des elit\u00e4ren Erbes der Automobilwelt machen. Ein Reiseziel, das f\u00fcr seine Sch\u00f6nheit bekannt ist, ist ein , zeigt f\u00fcnfzig bezaubernde Beispiele automobiler Eleganz und Exzellenz, die sich im Besitz der weltweit f\u00fchrenden Sammler befinden &#8211; viele davon waren noch nie zuvor in Deutschland zu sehen.<\/p>\n<\/div>\n\n\n\n<div class=\"wp-block-group alignfull is-style-default is-layout-constrained wp-container-core-group-is-layout-a5e2a670 wp-block-group-is-layout-constrained\" style=\"padding-top:var(--wp--preset--spacing--50);padding-bottom:var(--wp--preset--spacing--50)\">\n<div class=\"wp-block-group ghostkit-custom-1iU3q4 has-light-grey-background-color has-background is-layout-flow wp-container-core-group-is-layout-96ba16c3 wp-block-group-is-layout-flow\" style=\"border-style:none;border-width:0px;margin-top:0;margin-bottom:0;padding-top:var(--wp--preset--spacing--60);padding-right:var(--wp--preset--spacing--60);padding-bottom:var(--wp--preset--spacing--60);padding-left:var(--wp--preset--spacing--60)\"><div style=\"padding:56.25% 0 0 0;position:relative\"><iframe src=\"https:\/\/play.gumlet.io\/embed\/68cd844c2b33c1c8575d43c6?caption=true&#038;\" id=\"gumlet-2562888830\" loading=\"lazy\" title=\"Gumlet video player\" style=\"border:none; position: absolute; top:0; left:0; height: 100%; width: 100%;\" allow=\"accelerometer; gyroscope; autoplay; encrypted-media; picture-in-picture; fullscreen;\" frameborder=\"0\"><\/iframe><\/div><\/div>\n<\/div>\n\n\n\n<div class=\"wp-block-group is-layout-constrained wp-container-core-group-is-layout-f36bc466 wp-block-group-is-layout-constrained\">\n<blockquote class=\"wp-block-quote is-layout-flow wp-block-quote-is-layout-flow\">\n<p class=\"has-text-align-center\">\u201eDer Standort des Concours of Elegance Germany am Ufer des Tegernsees in Bayern war wie aus einem M\u00e4rchen.\u201c<\/p>\n\n\n\n<h2 class=\"wp-block-heading has-text-align-center has-gold-color has-text-color has-link-color wp-elements-d601be312410e5f41a265d81d6391433\" id=\"magneto\">Magneto<\/h2>\n<\/blockquote>\n<\/div>\n\n\n\n<div class=\"wp-block-group is-layout-constrained wp-block-group-is-layout-constrained\">\n<div class=\"wp-block-group is-layout-constrained wp-container-core-group-is-layout-ef1f330b wp-block-group-is-layout-constrained\" style=\"padding-bottom:var(--wp--preset--spacing--20)\">\n<p class=\"has-text-align-center\">Deutschland kann auf eine lange Geschichte automobiler Erfindungen zur\u00fcckblicken und ist der perfekte Ort, um 50 der seltensten Autos der Welt und ihre Besitzer willkommen zu hei\u00dfen, erg\u00e4nzt durch die Ausstellung von weiteren 150 sch\u00f6nen Automobilen des Spezial-Concours und der Automobilclubs. Viele der Concours-Autos werden auch an der Bavarian Tour teilnehmen, einem sorgf\u00e4ltig zusammengestellten viert\u00e4gigen Fahrabenteuer, bei dem man das Beste, was Bayern zu bieten hat, erleben kann. <\/p>\n\n\n\n<p class=\"has-text-align-center\">Wie beim Concours of Elegance im Hampton Court Palace wird der Gewinner nicht von einer Jury, sondern von den Besitzern der Fahrzeuge selbst ausgew\u00e4hlt. Jeder Teilnehmer wird gebeten, \u00fcber die anderen ausgestellten Modelle abzustimmen, um zu entscheiden, welches Auto als &#8222;Best of Show&#8220; angesehen wird.<\/p>\n<\/div>\n\n\n\n<div class=\"wp-block-group is-layout-constrained wp-container-core-group-is-layout-e28cce13 wp-block-group-is-layout-constrained\" style=\"padding-top:var(--wp--preset--spacing--40);padding-bottom:var(--wp--preset--spacing--40)\">\n<div class=\"ghostkit-divider ghostkit-divider-type-solid ghostkit-custom-T3Vik\"><\/div>\n<\/div>\n\n\n\n<div class=\"wp-block-group is-layout-constrained wp-container-core-group-is-layout-b61aa297 wp-block-group-is-layout-constrained\" style=\"padding-bottom:var(--wp--preset--spacing--20)\">\n<h2 class=\"wp-block-heading has-text-align-center ghostkit-custom-s7gkT\" id=\"the-concours-car-parade-best-of-show\"><strong><mark style=\"background-color:rgba(0, 0, 0, 0)\" class=\"has-inline-color has-primary-color\">Samstag Juli<\/mark><\/strong> <strong><mark style=\"background-color:rgba(0, 0, 0, 0)\" class=\"has-inline-color has-primary-color\">4. PLATZ<\/mark><br\/>Der Concours-Autokorso <\/strong><mark style=\"background-color:rgba(0, 0, 0, 0)\" class=\"has-inline-color has-mid-grey-color\">|<\/mark><strong> Das Beste der Show<\/strong><\/h2>\n\n\n\n<p class=\"has-text-align-center\">Willkommen beim Concours Car Show: Best of Show Awards, der ultimativen Feier der Automobilkunst und Perfektion. Diese prestigetr\u00e4chtige Veranstaltung ehrt die besten Fahrzeuge aus der ganzen Welt und w\u00fcrdigt diejenigen, die beispiellose Handwerkskunst, Design und Innovation verk\u00f6rpern. <\/p>\n\n\n\n<p class=\"has-text-align-center\">Die Best of Show Awards sind mehr als nur ein Wettbewerb; Es ist eine Hommage an das Engagement, die Leidenschaft und die Exzellenz, die die Automobilwelt ausmachen. Jedes hier ausgestellte Fahrzeug ist ein Beweis f\u00fcr das Engagement seines Besitzers, die Kunst des Automobils zu bewahren und zu verbessern. <\/p>\n\n\n\n<p class=\"has-text-align-center\">Von zeitlosen Klassikern bis hin zu modernen Wunderwerken vereinen die Best of Show Awards eine au\u00dfergew\u00f6hnliche Sammlung von Fahrzeugen, die das Beste der Automobilgeschichte und des Automobildesigns repr\u00e4sentieren. Diese Fahrzeuge werden von einer Jury aus angesehenen Experten nach Kriterien wie Originalit\u00e4t, Eleganz und technischem Wert beurteilt. <\/p>\n\n\n\n<p class=\"has-text-align-center\">Wenn wir zusammenkommen, um diese gro\u00dfartigen Maschinen zu ehren, feiern wir nicht nur ihre individuelle Sch\u00f6nheit und Leistung, sondern auch das reiche Erbe und den Innovationsgeist, den sie verk\u00f6rpern. Die Best of Show Awards sind eine Anerkennung f\u00fcr das Au\u00dfergew\u00f6hnliche, ein Moment, in dem die beste Automobil-Exzellenz im Mittelpunkt steht. <\/p>\n\n\n\n<p class=\"has-text-align-center\">Nehmen Sie an dieser gro\u00dfen Feier der bedeutendsten Errungenschaften der Automobilwelt teil. Der Concours Car Show: Best of Show Awards ist eine Hommage an die Leidenschaft, Vision und Kunstfertigkeit, die die Entwicklung des Automobils weiterhin vorantreiben. Im Einklang mit unseren Schwesterwettbewerben Hampton Court Concours of Elegance und London Concours wird der Gewinner ausgew\u00e4hlt durch die Teilnehmer des Autobesitzers selbst. <\/p>\n\n\n\n<p class=\"has-text-align-center\">Herzlichen Gl\u00fcckwunsch an alle Teilnehmer und Gewinner, die neue Ma\u00dfst\u00e4be f\u00fcr Exzellenz gesetzt und zuk\u00fcnftige Generationen von Autoliebhabern inspiriert haben. Auf die Legenden der Vergangenheit, die Wunder der Gegenwart und die Innovationen der Zukunft. <\/p>\n<\/div>\n\n\n\n<div class=\"wp-block-group is-layout-constrained wp-container-core-group-is-layout-e28cce13 wp-block-group-is-layout-constrained\" style=\"padding-top:var(--wp--preset--spacing--40);padding-bottom:var(--wp--preset--spacing--40)\">\n<div class=\"ghostkit-divider ghostkit-divider-type-solid ghostkit-custom-1XkbJ9\"><\/div>\n<\/div>\n\n\n\n<div class=\"wp-block-group is-layout-constrained wp-container-core-group-is-layout-588e6013 wp-block-group-is-layout-constrained\">\n<div class=\"wp-block-group is-layout-constrained wp-container-core-group-is-layout-41c06ba8 wp-block-group-is-layout-constrained\">\n<h2 class=\"wp-block-heading has-text-align-center ghostkit-custom-Z2qNDNX\" id=\"the-concours-car-parade-best-of-show\"><strong><mark style=\"background-color:rgba(0, 0, 0, 0)\" class=\"has-inline-color has-primary-color\">SONNTAG,<\/mark><\/strong> <strong><mark style=\"background-color:rgba(0, 0, 0, 0)\" class=\"has-inline-color has-primary-color\">5.<\/mark> Juli<\/strong><br\/>THE DECADE AWARDS: <strong>FEIERN AUTOMOBILE GENERATIONS<\/strong><\/h2>\n<\/div>\n\n\n\n<p class=\"has-text-align-center\">Willkommen bei den Concours of Elegance Germany Car Show Decade Awards, bei denen wir den H\u00f6hepunkt der Automobilkunst und Innovation \u00fcber Generationen hinweg feiern. Diese prestigetr\u00e4chtige Veranstaltung ehrt die besten Fahrzeuge jedes Jahrzehnts und zeigt die Entwicklung von Design, Technik und Luxus, die die Automobilwelt gepr\u00e4gt hat. <\/p>\n\n\n\n<p class=\"has-text-align-center\">Von der klassischen Eleganz der 1920er Jahre bis zur Spitzentechnologie von heute: Die Decade Awards vereinen eine atemberaubende Sammlung von Autos, die das Beste ihrer Zeit repr\u00e4sentieren. Jedes Fahrzeug erz\u00e4hlt eine einzigartige Geschichte und spiegelt die Leidenschaft, Handwerkskunst und Vision wider, die die Branche vorangetrieben haben.<\/p>\n\n\n\n<p class=\"has-text-align-center\">Wenn wir zusammenkommen, um diese Meisterwerke zu bewundern, feiern wir nicht nur ihre historische Bedeutung, sondern auch das bleibende Erbe, das sie hinterlassen. Die Decade Awards w\u00fcrdigen die bemerkenswerten Leistungen, die unsere Vergangenheit gepr\u00e4gt haben und weiterhin die Zukunft der Automobilkompetenz inspirieren. <\/p>\n\n\n\n<p class=\"has-text-align-center\">Begleiten Sie uns an einem Tag zur Ehrung der Generationen mit spannenden Auszeichnungen auf der B\u00fchne f\u00fcr den Junior-, Emerging und Ladies Concours.<\/p>\n<\/div>\n<\/div>\n\n\n\n<p class=\"has-text-align-center has-small-font-size\">*Bitte beachten Sie, dass dieser Reiseplan \u00c4nderungen und Verbesserungen unterliegt<\/p>\n<\/div>\n<\/div>\n","protected":false},"excerpt":{"rendered":"<p>DIE VERANSTALTUNG Eine Feier der Automobil-Exzellenz f\u00fcr Menschen mit Tatendrang und Stil Der Concours of Elegance Germany 2026 findet am Samstag, den 4. Juli und Sonntag, den 5. Juli 2026 auf Gut Kaltenbrunn am Tegernsee statt. Der Concours, der von den Organisatoren des Concours of Elegance Hampton Court Palace veranstaltet wird, ist international ausgerichtet und [&hellip;]<\/p>\n","protected":false},"author":3,"featured_media":0,"parent":0,"menu_order":0,"comment_status":"closed","ping_status":"closed","template":"","meta":{"ghostkit_customizer_options":"","ghostkit_custom_css":"","ghostkit_custom_js_head":"","ghostkit_custom_js_foot":"","ghostkit_typography":"","footnotes":""},"class_list":["post-1821","page","type-page","status-publish","hentry"],"meta_box":{"zoo_page_banner":""},"_links":{"self":[{"href":"https:\/\/concoursofelegancegermany.com\/de\/wp-json\/wp\/v2\/pages\/1821","targetHints":{"allow":["GET"]}}],"collection":[{"href":"https:\/\/concoursofelegancegermany.com\/de\/wp-json\/wp\/v2\/pages"}],"about":[{"href":"https:\/\/concoursofelegancegermany.com\/de\/wp-json\/wp\/v2\/types\/page"}],"author":[{"embeddable":true,"href":"https:\/\/concoursofelegancegermany.com\/de\/wp-json\/wp\/v2\/users\/3"}],"replies":[{"embeddable":true,"href":"https:\/\/concoursofelegancegermany.com\/de\/wp-json\/wp\/v2\/comments?post=1821"}],"version-history":[{"count":10,"href":"https:\/\/concoursofelegancegermany.com\/de\/wp-json\/wp\/v2\/pages\/1821\/revisions"}],"predecessor-version":[{"id":24267,"href":"https:\/\/concoursofelegancegermany.com\/de\/wp-json\/wp\/v2\/pages\/1821\/revisions\/24267"}],"wp:attachment":[{"href":"https:\/\/concoursofelegancegermany.com\/de\/wp-json\/wp\/v2\/media?parent=1821"}],"curies":[{"name":"wp","href":"https:\/\/api.w.org\/{rel}","templated":true}]}}