
{"id":1841,"date":"2023-11-19T09:40:36","date_gmt":"2023-11-19T09:40:36","guid":{"rendered":"https:\/\/concoursofelegancegermany.com\/junior-concours\/"},"modified":"2025-11-13T11:32:22","modified_gmt":"2025-11-13T11:32:22","slug":"junior-concours","status":"publish","type":"page","link":"https:\/\/concoursofelegancegermany.com\/de\/junior-concours\/","title":{"rendered":"Junior Concours"},"content":{"rendered":"\n<div class=\"wp-block-group alignfull is-layout-flow wp-container-core-group-is-layout-a70f80f3 wp-block-group-is-layout-flow\" style=\"margin-top:0;margin-bottom:0;padding-top:0;padding-bottom:0\">\n<div class=\"wp-block-cover banner\" style=\"min-height:700px;aspect-ratio:unset;\"><img loading=\"lazy\" decoding=\"async\" width=\"2560\" height=\"1707\" class=\"wp-block-cover__image-background wp-image-15223 size-full\" alt=\"\" src=\"https:\/\/concoursofelegancegermany.com\/wp-content\/uploads\/Junior-Concours-Header-2025.jpg\" style=\"object-position:50% 25%\" data-object-fit=\"cover\" data-object-position=\"50% 25%\" srcset=\"https:\/\/concoursofelegancegermany.com\/wp-content\/uploads\/Junior-Concours-Header-2025.jpg 2560w, https:\/\/concoursofelegancegermany.com\/wp-content\/uploads\/Junior-Concours-Header-2025-300x200.jpg 300w, https:\/\/concoursofelegancegermany.com\/wp-content\/uploads\/Junior-Concours-Header-2025-1024x683.jpg 1024w, https:\/\/concoursofelegancegermany.com\/wp-content\/uploads\/Junior-Concours-Header-2025-768x512.jpg 768w, https:\/\/concoursofelegancegermany.com\/wp-content\/uploads\/Junior-Concours-Header-2025-1536x1024.jpg 1536w, https:\/\/concoursofelegancegermany.com\/wp-content\/uploads\/Junior-Concours-Header-2025-2048x1366.jpg 2048w\" sizes=\"auto, (max-width: 2560px) 100vw, 2560px\" \/><span aria-hidden=\"true\" class=\"wp-block-cover__background has-background-dim-40 has-background-dim wp-block-cover__gradient-background has-background-gradient\" style=\"background:linear-gradient(180deg,rgb(71,71,71) 4%,rgba(255,255,255,0) 49%)\"><\/span><div class=\"wp-block-cover__inner-container is-layout-constrained wp-block-cover-is-layout-constrained\">\n<div style=\"height:100px\" aria-hidden=\"true\" class=\"wp-block-spacer\"><\/div>\n<\/div><\/div>\n\n\n\n<div class=\"wp-block-group is-style-zoo-page-padding has-white-background-color has-background is-layout-constrained wp-container-core-group-is-layout-d3543a3b wp-block-group-is-layout-constrained\">\n<div class=\"wp-block-group is-style-default is-layout-constrained wp-container-core-group-is-layout-98871894 wp-block-group-is-layout-constrained\" style=\"padding-bottom:var(--wp--preset--spacing--30)\">\n<div class=\"wp-block-group is-layout-constrained wp-container-core-group-is-layout-c19476fc wp-block-group-is-layout-constrained\">\n<h1 class=\"wp-block-heading has-text-align-center\" id=\"junior-concours\">JUNIOR CONCOURS<\/h1>\n\n\n\n<h2 class=\"wp-block-heading has-text-align-center has-primary-color has-text-color has-link-color wp-elements-574afd1510f53796c77883efaac4ac0b\" id=\"junior-concours\">SONNTAG, 5. JULI 2026<\/h2>\n<\/div>\n\n\n\n<h2 class=\"wp-block-heading has-text-align-center has-dark-grey-color has-text-color has-link-color wp-elements-7e642cbe109a628845c8431fe0aa4218\" id=\"junior-concours\">DIE BESTEN HANDGEFERTIGTEN TRET-, ELEKTRO- UND BENZINBETRIEBENEN AUTOS ALLER ALTERSGRUPPEN WERDEN VORGESTELLT<\/h2>\n\n\n\n<p class=\"has-text-align-center\">GEF\u00d6RDERT DURCH<\/p>\n\n\n\n<figure class=\"wp-block-image aligncenter size-full is-resized\"><img loading=\"lazy\" decoding=\"async\" width=\"2560\" height=\"397\" src=\"https:\/\/concoursofelegancegermany.com\/wp-content\/uploads\/Tegernsee_SIR_Horz_BLK-2-scaled.png\" alt=\"Sothebys Logo\" class=\"wp-image-14689\" style=\"width:350px\" srcset=\"https:\/\/concoursofelegancegermany.com\/wp-content\/uploads\/Tegernsee_SIR_Horz_BLK-2-scaled.png 2560w, https:\/\/concoursofelegancegermany.com\/wp-content\/uploads\/Tegernsee_SIR_Horz_BLK-2-300x47.png 300w, https:\/\/concoursofelegancegermany.com\/wp-content\/uploads\/Tegernsee_SIR_Horz_BLK-2-1024x159.png 1024w, https:\/\/concoursofelegancegermany.com\/wp-content\/uploads\/Tegernsee_SIR_Horz_BLK-2-768x119.png 768w, https:\/\/concoursofelegancegermany.com\/wp-content\/uploads\/Tegernsee_SIR_Horz_BLK-2-1536x238.png 1536w, https:\/\/concoursofelegancegermany.com\/wp-content\/uploads\/Tegernsee_SIR_Horz_BLK-2-2048x317.png 2048w\" sizes=\"auto, (max-width: 2560px) 100vw, 2560px\" \/><\/figure>\n<\/div>\n\n\n\n<div class=\"ghostkit-grid ghostkit-grid-gap-custom column-divide ghostkit-custom-Z9iDo2\"><div class=\"ghostkit-grid-inner\">\n<div class=\"ghostkit-col ghostkit-col-md-12 ghostkit-col-7\"><div class=\"ghostkit-col-content is-layout-flow wp-block-ghostkit-grid-column-is-layout-flow\">\n<div class=\"wp-block-group ghostkit-custom-1jdMw5 is-layout-constrained wp-container-core-group-is-layout-bea02a06 wp-block-group-is-layout-constrained\">\n<p class=\"has-text-align-left\">Der Concours of Elegance Germany begr\u00fc\u00dft am Sonntag, den 5. Juli den Junior Concours auf Gut Kaltenbrunn am Tegernsee.<\/p>\n\n\n\n<p class=\"has-text-align-left\">Der mit Spannung erwartete Junior Concours, der von Tegernsee | Sotheby&#8217;s International Realty gesponsert wird, feiert die besten handgefertigten Tret-, Elektro- und benzinbetriebenen Autos aller Altersgruppen und l\u00e4sst Eltern und ihre Kinder in die Rollen von Mechanikern und Werksfahrern schl\u00fcpfen. Die Preise werden von Michael Reiss, dem Gesch\u00e4ftsf\u00fchrer von Tegernsee | Sotheby&#8217;s International Realty, vergeben. <\/p>\n\n\n\n<p class=\"has-text-align-left\">Maximal 20 Autos im Halb- und Dreiviertelma\u00dfstab werden sich beim Concours of Elegance in eine unbezahlbare Sammlung der seltensten Autos der Welt einreihen.<\/p>\n\n\n\n<p class=\"has-text-align-left\">\u00c4hnlich wie ihre gro\u00dfen Vorbilder sind die Junior Concours-Autos gr\u00f6\u00dftenteils handgefertigt, wobei sie komplizierte Details von legend\u00e4ren Autos wie dem Bugatti T52, Jaguar E-Type, Ferrari F1 Dino und Mercedes 300SLR \u00fcbernehmen.<\/p>\n\n\n\n<p class=\"has-text-align-left\">Die originalgetreuen Nachbildungen variieren in ihrer Komplexit\u00e4t: Einige ben\u00f6tigen Pedalkraft, w\u00e4hrend andere mit Elektromotoren oder Zweitakt-Benzinmotoren und Fliehkraftkupplungen ausgestattet sind.<\/p>\n<\/div>\n<\/div><\/div>\n\n\n\n<div class=\"ghostkit-col ghostkit-col-md-12 ghostkit-col-5\"><div class=\"ghostkit-col-content is-layout-flow wp-block-ghostkit-grid-column-is-layout-flow\">\n<div class=\"wp-block-group is-layout-constrained wp-container-core-group-is-layout-bea02a06 wp-block-group-is-layout-constrained\">\n<h2 class=\"wp-block-heading has-text-align-left has-foreground-color has-text-color has-link-color wp-elements-aee1ccadc9ad203fbd32d8eb7055259a\" id=\"junior-concours\">KLASSEN<\/h2>\n\n\n\n<p>Im Laufe des Tages werden die Autos von ihren Werksfahrern (nat\u00fcrlich unterst\u00fctzt von ihren Mechanikern!) auf die Concours-Live-B\u00fchne gelotst.<\/p>\n\n\n\n<p>Die Teilnehmer erhalten Preise f\u00fcr:<\/p>\n\n\n\n<h3 class=\"wp-block-heading has-text-align-left is-style-zoo-script-font has-primary-color has-text-color has-link-color wp-elements-08e440f8e9a53a34089c3b2c6ff631fd\" id=\"junior-concours\" style=\"text-transform:capitalize\">Bestes Tretauto<\/h3>\n\n\n\n<h3 class=\"wp-block-heading has-text-align-left is-style-zoo-script-font has-primary-color has-text-color has-link-color wp-elements-8c2f5e2645e4dc256335271822e154c8\" id=\"junior-concours\" style=\"text-transform:capitalize\">Bestes Elektroauto<\/h3>\n\n\n\n<h3 class=\"wp-block-heading has-text-align-left is-style-zoo-script-font has-primary-color has-text-color has-link-color wp-elements-ee3095f6ba782055db6a6f64daf86682\" id=\"junior-concours\" style=\"text-transform:capitalize\">Bestes Benzinauto<\/h3>\n\n\n\n<h3 class=\"wp-block-heading has-text-align-left is-style-zoo-script-font has-primary-color has-text-color has-link-color wp-elements-334d1f675dea94b51b9e2a3df03f0c92\" id=\"junior-concours\" style=\"text-transform:capitalize\">Originellstes Auto<\/h3>\n\n\n\n<h3 class=\"wp-block-heading has-text-align-left is-style-zoo-script-font has-primary-color has-text-color has-link-color wp-elements-3df05dc1905e69f16e796477ebae1fe1\" id=\"junior-concours\" style=\"text-transform:capitalize\">Am besten gekleideter Fahrer\/Mechaniker<\/h3>\n<\/div>\n<\/div><\/div>\n<\/div><\/div>\n\n\n\n<div class=\"ghostkit-grid ghostkit-grid-gap-sm\"><div class=\"ghostkit-grid-inner\">\n<div class=\"ghostkit-col ghostkit-col-md-12 ghostkit-col-lg-6 ghostkit-col-4\"><div class=\"ghostkit-col-content is-layout-flow wp-block-ghostkit-grid-column-is-layout-flow\">\n<div class=\"wp-block-cover is-light\" style=\"min-height:360px;aspect-ratio:unset;\"><img loading=\"lazy\" decoding=\"async\" width=\"1480\" height=\"1200\" class=\"wp-block-cover__image-background wp-image-9425\" alt=\"\" src=\"https:\/\/concoursofelegancegermany.com\/wp-content\/uploads\/Junior-Concours-1.jpg\" style=\"object-position:35% 72%\" data-object-fit=\"cover\" data-object-position=\"35% 72%\" srcset=\"https:\/\/concoursofelegancegermany.com\/wp-content\/uploads\/Junior-Concours-1.jpg 1480w, https:\/\/concoursofelegancegermany.com\/wp-content\/uploads\/Junior-Concours-1-300x243.jpg 300w, https:\/\/concoursofelegancegermany.com\/wp-content\/uploads\/Junior-Concours-1-1024x830.jpg 1024w, https:\/\/concoursofelegancegermany.com\/wp-content\/uploads\/Junior-Concours-1-768x623.jpg 768w\" sizes=\"auto, (max-width: 1480px) 100vw, 1480px\" \/><span aria-hidden=\"true\" class=\"wp-block-cover__background has-background-dim-0 has-background-dim\" style=\"background-color:#7c858c\"><\/span><div class=\"wp-block-cover__inner-container is-layout-flow wp-block-cover-is-layout-flow\">\n<div style=\"height:100px\" aria-hidden=\"true\" class=\"wp-block-spacer\"><\/div>\n<\/div><\/div>\n<\/div><\/div>\n\n\n\n<div class=\"ghostkit-col ghostkit-col-md-12 ghostkit-col-lg-6 ghostkit-col-4\"><div class=\"ghostkit-col-content is-layout-flow wp-block-ghostkit-grid-column-is-layout-flow\">\n<div class=\"wp-block-cover\" style=\"min-height:360px;aspect-ratio:unset;\"><img loading=\"lazy\" decoding=\"async\" width=\"1480\" height=\"1200\" class=\"wp-block-cover__image-background wp-image-9429\" alt=\"\" src=\"https:\/\/concoursofelegancegermany.com\/wp-content\/uploads\/Junior-Concours-2.jpg\" style=\"object-position:42% 24%\" data-object-fit=\"cover\" data-object-position=\"42% 24%\" srcset=\"https:\/\/concoursofelegancegermany.com\/wp-content\/uploads\/Junior-Concours-2.jpg 1480w, https:\/\/concoursofelegancegermany.com\/wp-content\/uploads\/Junior-Concours-2-300x243.jpg 300w, https:\/\/concoursofelegancegermany.com\/wp-content\/uploads\/Junior-Concours-2-1024x830.jpg 1024w, https:\/\/concoursofelegancegermany.com\/wp-content\/uploads\/Junior-Concours-2-768x623.jpg 768w\" sizes=\"auto, (max-width: 1480px) 100vw, 1480px\" \/><span aria-hidden=\"true\" class=\"wp-block-cover__background has-background-dim-0 has-background-dim\" style=\"background-color:#796a6d\"><\/span><div class=\"wp-block-cover__inner-container is-layout-flow wp-block-cover-is-layout-flow\">\n<div style=\"height:100px\" aria-hidden=\"true\" class=\"wp-block-spacer\"><\/div>\n<\/div><\/div>\n<\/div><\/div>\n\n\n\n<div class=\"ghostkit-col ghostkit-col-md-12 ghostkit-col-lg-12 ghostkit-col-4\"><div class=\"ghostkit-col-content is-layout-flow wp-block-ghostkit-grid-column-is-layout-flow\">\n<div class=\"wp-block-cover\" style=\"min-height:360px;aspect-ratio:unset;\"><img loading=\"lazy\" decoding=\"async\" width=\"1480\" height=\"1200\" class=\"wp-block-cover__image-background wp-image-9433\" alt=\"\" src=\"https:\/\/concoursofelegancegermany.com\/wp-content\/uploads\/Junior-Concours-3.jpg\" style=\"object-position:100% 91%\" data-object-fit=\"cover\" data-object-position=\"100% 91%\" srcset=\"https:\/\/concoursofelegancegermany.com\/wp-content\/uploads\/Junior-Concours-3.jpg 1480w, https:\/\/concoursofelegancegermany.com\/wp-content\/uploads\/Junior-Concours-3-300x243.jpg 300w, https:\/\/concoursofelegancegermany.com\/wp-content\/uploads\/Junior-Concours-3-1024x830.jpg 1024w, https:\/\/concoursofelegancegermany.com\/wp-content\/uploads\/Junior-Concours-3-768x623.jpg 768w\" sizes=\"auto, (max-width: 1480px) 100vw, 1480px\" \/><span aria-hidden=\"true\" class=\"wp-block-cover__background has-background-dim-0 has-background-dim\" style=\"background-color:#6c6d6c\"><\/span><div class=\"wp-block-cover__inner-container is-layout-flow wp-block-cover-is-layout-flow\">\n<div style=\"height:100px\" aria-hidden=\"true\" class=\"wp-block-spacer\"><\/div>\n<\/div><\/div>\n<\/div><\/div>\n<\/div><\/div>\n\n\n\n<hr class=\"wp-block-separator has-alpha-channel-opacity\"\/>\n\n\n\n<div class=\"wp-block-group is-layout-constrained wp-container-core-group-is-layout-346627ba wp-block-group-is-layout-constrained\">\n<h2 class=\"wp-block-heading has-text-align-center\" id=\"the-best-1920-s-car\">JUNIOR CONCOURS WINNERs<\/h2>\n\n\n\n<div class=\"ghostkit-grid ghostkit-grid-gap-sm ghostkit-grid-justify-content-center\"><div class=\"ghostkit-grid-inner\">\n<div class=\"ghostkit-col ghostkit-col-sm-12 ghostkit-col-md-6 ghostkit-col-4 ghostkit-col-with-bg\"><div class=\"nk-awb\"><div class=\"nk-awb-wrap\" data-awb-type=\"color\"><div class=\"nk-awb-overlay\" style=\"background-color:#cee2d8\"><\/div><\/div><\/div><div class=\"ghostkit-col-content is-layout-flow wp-container-ghostkit-grid-column-is-layout-8a368f38 wp-block-ghostkit-grid-column-is-layout-flow\">\n<figure class=\"wp-block-image size-full\"><img loading=\"lazy\" decoding=\"async\" width=\"1200\" height=\"1226\" src=\"https:\/\/concoursofelegancegermany.com\/wp-content\/uploads\/Junior-Concours-Winner.jpg\" alt=\"\" class=\"wp-image-15233\" srcset=\"https:\/\/concoursofelegancegermany.com\/wp-content\/uploads\/Junior-Concours-Winner.jpg 1200w, https:\/\/concoursofelegancegermany.com\/wp-content\/uploads\/Junior-Concours-Winner-294x300.jpg 294w, https:\/\/concoursofelegancegermany.com\/wp-content\/uploads\/Junior-Concours-Winner-1002x1024.jpg 1002w, https:\/\/concoursofelegancegermany.com\/wp-content\/uploads\/Junior-Concours-Winner-768x785.jpg 768w\" sizes=\"auto, (max-width: 1200px) 100vw, 1200px\" \/><\/figure>\n\n\n\n<p class=\"has-text-align-center ghostkit-custom-WSoFT\">Winner:<br\/><strong><strong>Jeep Willy*s 2022 (inspired by 1945 edition)<\/strong><\/strong><\/p>\n<\/div><\/div>\n\n\n\n<div class=\"ghostkit-col ghostkit-col-sm-12 ghostkit-col-md-6 ghostkit-col-4 ghostkit-col-with-bg\"><div class=\"nk-awb\"><div class=\"nk-awb-wrap\" data-awb-type=\"color\"><div class=\"nk-awb-overlay\" style=\"background-color:#cee2d8\"><\/div><\/div><\/div><div class=\"ghostkit-col-content is-layout-flow wp-container-ghostkit-grid-column-is-layout-8a368f38 wp-block-ghostkit-grid-column-is-layout-flow\">\n<figure class=\"wp-block-image size-full\"><img loading=\"lazy\" decoding=\"async\" width=\"1333\" height=\"1362\" src=\"https:\/\/concoursofelegancegermany.com\/wp-content\/uploads\/Junior-Concours-Runner-Up.jpg\" alt=\"\" class=\"wp-image-15237\" srcset=\"https:\/\/concoursofelegancegermany.com\/wp-content\/uploads\/Junior-Concours-Runner-Up.jpg 1333w, https:\/\/concoursofelegancegermany.com\/wp-content\/uploads\/Junior-Concours-Runner-Up-294x300.jpg 294w, https:\/\/concoursofelegancegermany.com\/wp-content\/uploads\/Junior-Concours-Runner-Up-1002x1024.jpg 1002w, https:\/\/concoursofelegancegermany.com\/wp-content\/uploads\/Junior-Concours-Runner-Up-768x785.jpg 768w\" sizes=\"auto, (max-width: 1333px) 100vw, 1333px\" \/><\/figure>\n\n\n\n<p class=\"has-text-align-center ghostkit-custom-Z1sfbO9\">Runner Up:<br\/><strong>Mercedes 300S<\/strong><\/p>\n<\/div><\/div>\n<\/div><\/div>\n<\/div>\n<\/div>\n<\/div>\n\n<div style=\"height:100px\" aria-hidden=\"true\" class=\"wp-block-spacer\"><\/div>\n","protected":false},"excerpt":{"rendered":"<p>JUNIOR CONCOURS SONNTAG, 5. JULI 2026 DIE BESTEN HANDGEFERTIGTEN TRET-, ELEKTRO- UND BENZINBETRIEBENEN AUTOS ALLER ALTERSGRUPPEN WERDEN VORGESTELLT GEF\u00d6RDERT DURCH Der Concours of Elegance Germany begr\u00fc\u00dft am Sonntag, den 5. Juli den Junior Concours auf Gut Kaltenbrunn am Tegernsee. Der mit Spannung erwartete Junior Concours, der von Tegernsee | Sotheby&#8217;s International Realty gesponsert wird, feiert [&hellip;]<\/p>\n","protected":false},"author":3,"featured_media":0,"parent":0,"menu_order":0,"comment_status":"closed","ping_status":"closed","template":"","meta":{"ghostkit_customizer_options":"","ghostkit_custom_css":"","ghostkit_custom_js_head":"","ghostkit_custom_js_foot":"","ghostkit_typography":"","footnotes":""},"class_list":["post-1841","page","type-page","status-publish","hentry"],"meta_box":{"zoo_page_banner":"has_banner"},"_links":{"self":[{"href":"https:\/\/concoursofelegancegermany.com\/de\/wp-json\/wp\/v2\/pages\/1841","targetHints":{"allow":["GET"]}}],"collection":[{"href":"https:\/\/concoursofelegancegermany.com\/de\/wp-json\/wp\/v2\/pages"}],"about":[{"href":"https:\/\/concoursofelegancegermany.com\/de\/wp-json\/wp\/v2\/types\/page"}],"author":[{"embeddable":true,"href":"https:\/\/concoursofelegancegermany.com\/de\/wp-json\/wp\/v2\/users\/3"}],"replies":[{"embeddable":true,"href":"https:\/\/concoursofelegancegermany.com\/de\/wp-json\/wp\/v2\/comments?post=1841"}],"version-history":[{"count":28,"href":"https:\/\/concoursofelegancegermany.com\/de\/wp-json\/wp\/v2\/pages\/1841\/revisions"}],"predecessor-version":[{"id":23813,"href":"https:\/\/concoursofelegancegermany.com\/de\/wp-json\/wp\/v2\/pages\/1841\/revisions\/23813"}],"wp:attachment":[{"href":"https:\/\/concoursofelegancegermany.com\/de\/wp-json\/wp\/v2\/media?parent=1841"}],"curies":[{"name":"wp","href":"https:\/\/api.w.org\/{rel}","templated":true}]}}