
{"id":1859,"date":"2023-11-19T13:38:13","date_gmt":"2023-11-19T13:38:13","guid":{"rendered":"https:\/\/concoursofelegancegermany.com\/gastfreundschaft\/"},"modified":"2025-12-03T16:52:36","modified_gmt":"2025-12-03T16:52:36","slug":"vip-hospitality","status":"publish","type":"page","link":"https:\/\/concoursofelegancegermany.com\/de\/vip-hospitality\/","title":{"rendered":"VIP-Hospitality"},"content":{"rendered":"\n<div class=\"wp-block-group alignfull banner is-layout-flow wp-container-core-group-is-layout-a70f80f3 wp-block-group-is-layout-flow\" style=\"min-height:700px;margin-top:0;margin-bottom:0;padding-top:0;padding-bottom:0\">\n<div class=\"wp-block-cover banner overlay-multiply\" style=\"min-height:700px;aspect-ratio:unset;\"><img loading=\"lazy\" decoding=\"async\" width=\"2560\" height=\"1707\" class=\"wp-block-cover__image-background wp-image-11257\" alt=\"\" src=\"https:\/\/concoursofelegancegermany.com\/wp-content\/uploads\/53910104190_533e4e3bc4_o-scaled.jpg\" style=\"object-position:51% 38%\" data-object-fit=\"cover\" data-object-position=\"51% 38%\" srcset=\"https:\/\/concoursofelegancegermany.com\/wp-content\/uploads\/53910104190_533e4e3bc4_o-scaled.jpg 2560w, https:\/\/concoursofelegancegermany.com\/wp-content\/uploads\/53910104190_533e4e3bc4_o-300x200.jpg 300w, https:\/\/concoursofelegancegermany.com\/wp-content\/uploads\/53910104190_533e4e3bc4_o-1024x683.jpg 1024w, https:\/\/concoursofelegancegermany.com\/wp-content\/uploads\/53910104190_533e4e3bc4_o-768x512.jpg 768w, https:\/\/concoursofelegancegermany.com\/wp-content\/uploads\/53910104190_533e4e3bc4_o-1536x1024.jpg 1536w, https:\/\/concoursofelegancegermany.com\/wp-content\/uploads\/53910104190_533e4e3bc4_o-2048x1365.jpg 2048w\" sizes=\"auto, (max-width: 2560px) 100vw, 2560px\" \/><span aria-hidden=\"true\" class=\"wp-block-cover__background has-background-dim-90 has-background-dim wp-block-cover__gradient-background has-background-gradient\" style=\"background:linear-gradient(180deg,rgb(195,219,242) 6%,rgba(222,220,220,0) 36%)\"><\/span><div class=\"wp-block-cover__inner-container is-layout-flow wp-block-cover-is-layout-flow\">\n<div style=\"height:100px\" aria-hidden=\"true\" class=\"wp-block-spacer\"><\/div>\n<\/div><\/div>\n\n\n\n<div class=\"wp-block-group is-style-zoo-page-padding has-white-background-color has-background is-layout-constrained wp-container-core-group-is-layout-d3543a3b wp-block-group-is-layout-constrained\">\n<div class=\"wp-block-group is-layout-constrained wp-container-core-group-is-layout-de157e7a wp-block-group-is-layout-constrained\">\n<div class=\"wp-block-group is-layout-constrained wp-container-core-group-is-layout-e0082cf6 wp-block-group-is-layout-constrained\">\n<h1 class=\"wp-block-heading has-text-align-center has-foreground-color has-text-color has-link-color wp-elements-1f6c70a7219cd3c6d106d2ef38a285b7\" id=\"junior-concours\">Erleben Sie einen Tag automobiler Pracht und Eleganz und werden sie zu einem der unter 300 VIP-G\u00e4ste mit einem VIP-Hospitality Ticket<\/h1>\n<\/div>\n\n\n\n<div class=\"wp-block-group is-layout-constrained wp-container-core-group-is-layout-e0082cf6 wp-block-group-is-layout-constrained\">\n<p class=\"has-text-align-center\">Unsere ganzt\u00e4gigen VIP-Hospitality-Tickets in der Owners&#8216; Enclosure &#8222;Club Concours&#8220; beinhalten<\/p>\n\n\n\n<div class=\"ghostkit-divider ghostkit-divider-type-solid is-style-wide ghostkit-custom-GK1NS\"><\/div>\n\n\n\n<div class=\"wp-block-group is-layout-constrained wp-container-core-group-is-layout-a099c240 wp-block-group-is-layout-constrained\">\n<p class=\"has-text-align-center\"><mark style=\"background-color:rgba(0, 0, 0, 0)\" class=\"has-inline-color has-gold-color\">Einen k\u00f6stlichen Tee und Kaffee am Morgen und ein leckeres leichtes Fr\u00fchst\u00fcck<\/mark><\/p>\n\n\n\n<p class=\"has-text-align-center\"><mark style=\"background-color:rgba(0, 0, 0, 0)\" class=\"has-inline-color has-gold-color\">Den Laurent Perrier Champagner-Empfang<\/mark><\/p>\n\n\n\n<p class=\"has-text-align-center\"><mark style=\"background-color:rgba(0, 0, 0, 0)\" class=\"has-inline-color has-gold-color\">Ein zauberhaftes 3-G\u00e4nge-Mittagessen mit erlesenen Weinen zubereitet von K\u00e4fer<\/mark><\/p>\n\n\n\n<p class=\"has-text-align-center\"><mark style=\"background-color:rgba(0, 0, 0, 0)\" class=\"has-inline-color has-gold-color\">Ein Afternoon Tea mit britisch-bayerischem Einschlag<\/mark><\/p>\n\n\n\n<p class=\"has-text-align-center\"><mark style=\"background-color:rgba(0, 0, 0, 0)\" class=\"has-inline-color has-gold-color\">Der j\u00e4hrliche Souvenirkatalog (1 pro 2 G\u00e4ste)<\/mark><\/p>\n<\/div>\n\n\n\n<div class=\"ghostkit-divider ghostkit-divider-type-solid is-style-wide ghostkit-custom-Z1ScHjN\"><\/div>\n\n\n\n<p class=\"has-text-align-center\"><strong>Samstag, 4. Juli:<\/strong> Verf\u00fcgbar f\u00fcr 395 \u20ac pro Person<\/p>\n\n\n\n<p class=\"has-text-align-center\"><strong>Sonntag, 5. Juli:<\/strong> verf\u00fcgbar f\u00fcr 395 \u20ac pro Person<\/p>\n\n\n\n<p class=\"has-text-align-center\">Dies ist der richtige Ort f\u00fcr alle, die Stil, Drive und Leidenschaft f\u00fcr moderne und klassische Autos haben. Sie befinden sich in dem Bereich, der sonst ausschlie\u00dflich Concours Fahrzeug-Besitzern und -Sammlern vorbehalten ist. Als unser VIP-Gast genie\u00dfen Sie das gleiche Erlebnis wie unsere Fahrzeugsammler &#8211; mit Blick auf den See und in unmittelbarer N\u00e4he der Pr\u00e4sentation und der B\u00fchne ist dies das Ziel in einem Ziel mit perfekter Sicht auf die Autos.  <\/p>\n\n\n\n<p class=\"has-text-align-center\">Dieser exklusive Hospitality-Bereich bietet Inhabern einer Plakette den perfekten Ort, um sich zu unterhalten oder unterhalten zu werden und die feinste bayerische Gastfreundschaft von K\u00e4fer zu genie\u00dfen &#8211; ein idealer Ort, um neue und dauerhafte Kontakte zu kn\u00fcpfen und sich an Gespr\u00e4chen mit den Besitzern der Concours-Autos, anderen Enthusiasten und VIP-G\u00e4sten zu erfreuen.<\/p>\n\n\n\n<p class=\"has-text-align-center ghostkit-custom-211fM9\">Ein VIP-&#8222;Club Concours&#8220;-Hospitality-Pass verschafft Ihnen Zugang zum exklusivsten Hospitality-Bereich der Veranstaltung, aber es gibt nur eine begrenzte Anzahl von Pl\u00e4tzen oder Tischen, die mitten im Geschehen stehen. <\/p>\n\n\n\n<p class=\"has-text-align-center\">Um sich einen VIP-Hospitality-Platz zu sichern, k\u00f6nnen Sie entweder \u00fcber unseren Ticketshop buchen oder f\u00fcr Gruppen-\/Firmenbuchungen und Anfragen Sascha Aberle kontaktieren:<\/p>\n\n\n\n<div class=\"wp-block-group is-layout-constrained wp-container-core-group-is-layout-540b4f34 wp-block-group-is-layout-constrained\" style=\"margin-top:var(--wp--preset--spacing--40)\">\n<p class=\"has-text-align-center\"><strong>Sascha Aberle<\/strong>, Project Manager<\/p>\n\n\n\n<p class=\"has-text-align-center\"><a href=\"mailto:sascha@thoroughevents.co.uk\" rel=\"nofollow\"><mark style=\"background-color:rgba(0, 0, 0, 0)\" class=\"has-inline-color has-foreground-color\">sascha@thoroughevents.co.uk<\/mark><\/a> <mark style=\"background-color:rgba(0, 0, 0, 0)\" class=\"has-inline-color has-mid-grey-color\">|<\/mark> Tel:&nbsp;<a href=\"tel:+49-157-71351711\"><mark style=\"background-color:rgba(0, 0, 0, 0)\" class=\"has-inline-color has-foreground-color\">+49 157 71351711<\/mark><\/a>&nbsp;<\/p>\n<\/div>\n<\/div>\n<\/div>\n\n\n\n<div class=\"ghostkit-grid ghostkit-grid-gap-sm\"><div class=\"ghostkit-grid-inner\">\n<div class=\"ghostkit-col ghostkit-col-sm-12 ghostkit-col-lg-6 ghostkit-col-4\"><div class=\"ghostkit-col-content is-layout-flow wp-block-ghostkit-grid-column-is-layout-flow\">\n<figure class=\"wp-block-image size-full\"><img loading=\"lazy\" decoding=\"async\" width=\"1440\" height=\"960\" src=\"https:\/\/concoursofelegancegermany.com\/wp-content\/uploads\/COEG-Hospitality-Pastries.jpg\" alt=\"COEG Hospitality Pastries\" class=\"wp-image-24125\" style=\"aspect-ratio:3\/2;object-fit:cover\" srcset=\"https:\/\/concoursofelegancegermany.com\/wp-content\/uploads\/COEG-Hospitality-Pastries.jpg 1440w, https:\/\/concoursofelegancegermany.com\/wp-content\/uploads\/COEG-Hospitality-Pastries-300x200.jpg 300w, https:\/\/concoursofelegancegermany.com\/wp-content\/uploads\/COEG-Hospitality-Pastries-1024x683.jpg 1024w, https:\/\/concoursofelegancegermany.com\/wp-content\/uploads\/COEG-Hospitality-Pastries-768x512.jpg 768w\" sizes=\"auto, (max-width: 1440px) 100vw, 1440px\" \/><\/figure>\n<\/div><\/div>\n\n\n\n<div class=\"ghostkit-col ghostkit-col-sm-12 ghostkit-col-lg-6 ghostkit-col-4\"><div class=\"ghostkit-col-content is-layout-flow wp-block-ghostkit-grid-column-is-layout-flow\">\n<figure class=\"wp-block-image size-full\"><img loading=\"lazy\" decoding=\"async\" width=\"1440\" height=\"960\" src=\"https:\/\/concoursofelegancegermany.com\/wp-content\/uploads\/COEG-Hospitality-Band.jpg\" alt=\"COEG Hospitality Band\" class=\"wp-image-24127\" style=\"aspect-ratio:3\/2;object-fit:cover\" srcset=\"https:\/\/concoursofelegancegermany.com\/wp-content\/uploads\/COEG-Hospitality-Band.jpg 1440w, https:\/\/concoursofelegancegermany.com\/wp-content\/uploads\/COEG-Hospitality-Band-300x200.jpg 300w, https:\/\/concoursofelegancegermany.com\/wp-content\/uploads\/COEG-Hospitality-Band-1024x683.jpg 1024w, https:\/\/concoursofelegancegermany.com\/wp-content\/uploads\/COEG-Hospitality-Band-768x512.jpg 768w\" sizes=\"auto, (max-width: 1440px) 100vw, 1440px\" \/><\/figure>\n<\/div><\/div>\n\n\n\n<div class=\"ghostkit-col ghostkit-col-sm-12 ghostkit-col-lg-12 ghostkit-col-4\"><div class=\"ghostkit-col-content is-layout-flow wp-block-ghostkit-grid-column-is-layout-flow\">\n<figure class=\"wp-block-image size-full\"><img loading=\"lazy\" decoding=\"async\" width=\"1440\" height=\"960\" src=\"https:\/\/concoursofelegancegermany.com\/wp-content\/uploads\/COEG-Hospitality-Dinner-Table.jpg\" alt=\"COEG Hospitality Dinner Table\" class=\"wp-image-24123\" style=\"aspect-ratio:3\/2;object-fit:cover\" srcset=\"https:\/\/concoursofelegancegermany.com\/wp-content\/uploads\/COEG-Hospitality-Dinner-Table.jpg 1440w, https:\/\/concoursofelegancegermany.com\/wp-content\/uploads\/COEG-Hospitality-Dinner-Table-300x200.jpg 300w, https:\/\/concoursofelegancegermany.com\/wp-content\/uploads\/COEG-Hospitality-Dinner-Table-1024x683.jpg 1024w, https:\/\/concoursofelegancegermany.com\/wp-content\/uploads\/COEG-Hospitality-Dinner-Table-768x512.jpg 768w\" sizes=\"auto, (max-width: 1440px) 100vw, 1440px\" \/><\/figure>\n<\/div><\/div>\n\n\n\n<div class=\"ghostkit-col ghostkit-col-sm-12 ghostkit-col-lg-6 ghostkit-col-4\"><div class=\"ghostkit-col-content is-layout-flow wp-block-ghostkit-grid-column-is-layout-flow\">\n<figure class=\"wp-block-image size-full\"><img loading=\"lazy\" decoding=\"async\" width=\"1440\" height=\"960\" src=\"https:\/\/concoursofelegancegermany.com\/wp-content\/uploads\/COEG-Hospitality-Ladies-Drinking.jpg\" alt=\"COEG Hospitality Ladies Drinking\" class=\"wp-image-24119\" style=\"aspect-ratio:3\/2;object-fit:cover\" srcset=\"https:\/\/concoursofelegancegermany.com\/wp-content\/uploads\/COEG-Hospitality-Ladies-Drinking.jpg 1440w, https:\/\/concoursofelegancegermany.com\/wp-content\/uploads\/COEG-Hospitality-Ladies-Drinking-300x200.jpg 300w, https:\/\/concoursofelegancegermany.com\/wp-content\/uploads\/COEG-Hospitality-Ladies-Drinking-1024x683.jpg 1024w, https:\/\/concoursofelegancegermany.com\/wp-content\/uploads\/COEG-Hospitality-Ladies-Drinking-768x512.jpg 768w\" sizes=\"auto, (max-width: 1440px) 100vw, 1440px\" \/><\/figure>\n<\/div><\/div>\n\n\n\n<div class=\"ghostkit-col ghostkit-col-sm-12 ghostkit-col-lg-6 ghostkit-col-4\"><div class=\"ghostkit-col-content is-layout-flow wp-block-ghostkit-grid-column-is-layout-flow\">\n<figure class=\"wp-block-image size-full\"><img loading=\"lazy\" decoding=\"async\" width=\"1440\" height=\"960\" src=\"https:\/\/concoursofelegancegermany.com\/wp-content\/uploads\/COEG-Hospitality-Food-Plate.jpg\" alt=\"COEG Hospitality Food Plate\" class=\"wp-image-24121\" style=\"aspect-ratio:3\/2;object-fit:cover\" srcset=\"https:\/\/concoursofelegancegermany.com\/wp-content\/uploads\/COEG-Hospitality-Food-Plate.jpg 1440w, https:\/\/concoursofelegancegermany.com\/wp-content\/uploads\/COEG-Hospitality-Food-Plate-300x200.jpg 300w, https:\/\/concoursofelegancegermany.com\/wp-content\/uploads\/COEG-Hospitality-Food-Plate-1024x683.jpg 1024w, https:\/\/concoursofelegancegermany.com\/wp-content\/uploads\/COEG-Hospitality-Food-Plate-768x512.jpg 768w\" sizes=\"auto, (max-width: 1440px) 100vw, 1440px\" \/><\/figure>\n<\/div><\/div>\n\n\n\n<div class=\"ghostkit-col ghostkit-col-sm-12 ghostkit-col-lg-12 ghostkit-col-4\"><div class=\"ghostkit-col-content is-layout-flow wp-block-ghostkit-grid-column-is-layout-flow\">\n<figure class=\"wp-block-image size-full\"><img loading=\"lazy\" decoding=\"async\" width=\"1440\" height=\"960\" src=\"https:\/\/concoursofelegancegermany.com\/wp-content\/uploads\/COEG-Hospitality-People-Enjoying.jpg\" alt=\"COEG Hospitality People Enjoying\" class=\"wp-image-24117\" style=\"aspect-ratio:3\/2;object-fit:cover\" srcset=\"https:\/\/concoursofelegancegermany.com\/wp-content\/uploads\/COEG-Hospitality-People-Enjoying.jpg 1440w, https:\/\/concoursofelegancegermany.com\/wp-content\/uploads\/COEG-Hospitality-People-Enjoying-300x200.jpg 300w, https:\/\/concoursofelegancegermany.com\/wp-content\/uploads\/COEG-Hospitality-People-Enjoying-1024x683.jpg 1024w, https:\/\/concoursofelegancegermany.com\/wp-content\/uploads\/COEG-Hospitality-People-Enjoying-768x512.jpg 768w\" sizes=\"auto, (max-width: 1440px) 100vw, 1440px\" \/><\/figure>\n<\/div><\/div>\n<\/div><\/div>\n\n\n\n<div class=\"wp-block-group is-layout-constrained wp-container-core-group-is-layout-bea02a06 wp-block-group-is-layout-constrained\">\n<blockquote class=\"wp-block-quote is-layout-flow wp-block-quote-is-layout-flow\">\n<p class=\"has-text-align-center\"><em>\u201cDer Veranstaltungsort des Concours of Elegance Germany am Ufer des Tegernsees in Bayern war wie aus einem M\u00e4rchen.<\/em>\u201d<\/p>\n\n\n\n<h2 class=\"wp-block-heading has-text-align-center has-mid-grey-color has-text-color has-link-color has-medium-font-size wp-elements-3aa6fcf364d4b2f6a8d282a8171f1960\" id=\"magneto-magazine-media-partner-concours-of-elegance-2024\">Magneto Magazine, Media Partner Concours of Elegance 2024<\/h2>\n<\/blockquote>\n<\/div>\n\n\n\n<div class=\"wp-block-group is-layout-constrained wp-container-core-group-is-layout-bea02a06 wp-block-group-is-layout-constrained\">\n<div class=\"ghostkit-divider ghostkit-divider-type-solid ghostkit-custom-1pi7t3\"><\/div>\n<\/div>\n\n\n\n<section class=\"wp-block-group is-layout-constrained wp-container-core-group-is-layout-54e1eca7 wp-block-group-is-layout-constrained\">\n<h1 class=\"wp-block-heading has-text-align-center\" id=\"group-corporate-bookings\">Gruppen- und Firmenbuchungen<\/h1>\n\n\n\n<div class=\"wp-block-group is-layout-constrained wp-block-group-is-layout-constrained\">\n<p class=\"has-text-align-center\"><strong>Erh\u00f6hen Sie Ihr Concours-Erlebnis mit unseren exklusiven Hospitality-Paketen f\u00fcr gehobene K\u00fcche im Eigent\u00fcmer- und VIP-Bereich \u201eClub Concours\u201c<\/strong> <\/p>\n\n\n\n<p class=\"has-text-align-center\">  W\u00e4hlen Sie aus zwei au\u00dfergew\u00f6hnlichen Basis-Gastfreundschaftspaketen, die Sie zu einem ma\u00dfgeschneiderten VIP-Paket zusammenstellen k\u00f6nnen, um Ihren speziellen Anforderungen gerecht zu werden. So k\u00f6nnen Sie sicherstellen, dass Sie sich mit einem unvergesslichen Erlebnis f\u00fcr Ihre Kunden und G\u00e4ste von der Masse abheben, w\u00e4hrend diese einen Tag voller Luxus, Eleganz, atemberaubender Ausblicke und bezaubernder Geschichten genie\u00dfen.  <\/p>\n<\/div>\n\n\n\n<div class=\"wp-block-group is-layout-constrained wp-block-group-is-layout-constrained\">\n<h3 class=\"wp-block-heading has-text-align-center is-style-zoo-script-font\" id=\"vip-hospitality-gold-package-the-concours-grand-experience-group-dining-for-4-guests\"> <strong><mark style=\"background-color:rgba(0, 0, 0, 0)\" class=\"has-inline-color has-primary-color\"> VIP<\/mark> <mark style=\"background-color:rgba(0, 0, 0, 0)\" class=\"has-inline-color has-primary-color\">Gastfreundschaft &#8211; Gold-Paket<\/mark> <\/strong><br\/><mark style=\"background-color:rgba(0, 0, 0, 0)\" class=\"has-inline-color has-gold-color\">Das gro\u00dfe Concours-Erlebnis: Gruppendinner f\u00fcr 4+ G\u00e4ste <\/mark> <\/h3>\n\n\n\n<p class=\"has-text-align-center\">Unser Gruppenspeisepaket mit reserviertem Tisch eignet sich perfekt f\u00fcr Treffen im kleinen Kreis und kleinere Firmenveranstaltungen und bietet ein unvergleichliches Erlebnis f\u00fcr Gruppen ab 4 Personen. <\/p>\n<\/div>\n\n\n\n<div class=\"wp-block-group is-layout-constrained wp-block-group-is-layout-constrained\">\n<h3 class=\"wp-block-heading has-text-align-center is-style-zoo-script-font\" id=\"vip-hospitality-diamond-packagethe-concours-executive-suites-group-dining-for-30-guests\"><strong><mark style=\"background-color:rgba(0, 0, 0, 0)\" class=\"has-inline-color has-primary-color\">VIP<\/mark> <mark style=\"background-color:rgba(0, 0, 0, 0)\" class=\"has-inline-color has-primary-color\">Gastfreundschaft &#8211; Diamant-Paket<\/mark><\/strong><br\/><mark style=\"background-color:rgba(0, 0, 0, 0)\" class=\"has-inline-color has-gold-color\">Die Concours Executive Suiten: Gruppendinner f\u00fcr 30+ G\u00e4ste <\/mark> <\/h3>\n\n\n\n<p class=\"has-text-align-center\">F\u00fcr gr\u00f6\u00dfere Zusammenk\u00fcnfte bieten unsere luxuri\u00f6sen Bankettr\u00e4ume mit Platz f\u00fcr 30 bis 100 G\u00e4ste einen gro\u00dfartigen Rahmen f\u00fcr die Ausrichtung einer exklusiven Veranstaltung und genie\u00dfen dabei die erstklassige Aussicht auf die Concours-Parade. <\/p>\n\n\n\n<p class=\"has-text-align-center\">Die meisten unserer exklusiven und limitierten Bankettr\u00e4ume bieten einen atemberaubenden, ungehinderten Blick aus der Vogelperspektive auf die Autoparade. So k\u00f6nnen Ihre G\u00e4ste das Spektakel bequem von ihren Pl\u00e4tzen aus in der privaten Umgebung der exklusiven und prestigetr\u00e4chtigen Owner- und VIP-Gehege genie\u00dfen.  <\/p>\n<\/div>\n\n\n\n<div class=\"wp-block-group is-layout-constrained wp-block-group-is-layout-constrained\">\n<p class=\"has-text-align-center\">Um Ihre Anfragen f\u00fcr Gruppen- und Banketts\u00e4le zu besprechen, die Buchung vorzunehmen oder die Brosch\u00fcre und Vorzugspreise anzufordern, kontaktieren Sie Sascha Aberle unter<\/p>\n\n\n\n<div class=\"wp-block-group is-layout-constrained wp-container-core-group-is-layout-540b4f34 wp-block-group-is-layout-constrained\" style=\"margin-top:var(--wp--preset--spacing--40)\">\n<p class=\"has-text-align-center\"><strong>Sascha Aberle<\/strong>, Project Manager<\/p>\n\n\n\n<p class=\"has-text-align-center\"><a href=\"mailto:sascha@thoroughevents.co.uk\" rel=\"nofollow\"><mark style=\"background-color:rgba(0, 0, 0, 0)\" class=\"has-inline-color has-foreground-color\">sascha@thoroughevents.co.uk<\/mark><\/a> <mark style=\"background-color:rgba(0, 0, 0, 0)\" class=\"has-inline-color has-mid-grey-color\">|<\/mark> Tel:&nbsp;<a href=\"tel:+49-157-71351711\"><mark style=\"background-color:rgba(0, 0, 0, 0)\" class=\"has-inline-color has-foreground-color\">+49 157 71351711<\/mark><\/a>&nbsp;<\/p>\n<\/div>\n<\/div>\n<\/section>\n\n\n\n<div class=\"wp-block-group ghostkit-d-none is-layout-constrained wp-block-group-is-layout-constrained\">\n<div class=\"wp-block-buttons is-content-justification-center is-layout-flex wp-container-core-buttons-is-layout-a89b3969 wp-block-buttons-is-layout-flex\">\n<div class=\"wp-block-button\"><a class=\"wp-block-button__link has-background-color has-primary-background-color has-text-color has-background has-link-color has-small-font-size has-custom-font-size wp-element-button\" href=\"https:\/\/concoursofelegancegermany.com\/wp-content\/uploads\/COEG25-VIP-Hospitality-DE.pdf\">VIP-Hospitality-Brosch\u00fcre<\/a><\/div>\n<\/div>\n<\/div>\n<\/div>\n<\/div>\n","protected":false},"excerpt":{"rendered":"<p>Erleben Sie einen Tag automobiler Pracht und Eleganz und werden sie zu einem der unter 300 VIP-G\u00e4ste mit einem VIP-Hospitality Ticket Unsere ganzt\u00e4gigen VIP-Hospitality-Tickets in der Owners&#8216; Enclosure &#8222;Club Concours&#8220; beinhalten Einen k\u00f6stlichen Tee und Kaffee am Morgen und ein leckeres leichtes Fr\u00fchst\u00fcck Den Laurent Perrier Champagner-Empfang Ein zauberhaftes 3-G\u00e4nge-Mittagessen mit erlesenen Weinen zubereitet von [&hellip;]<\/p>\n","protected":false},"author":3,"featured_media":0,"parent":0,"menu_order":0,"comment_status":"closed","ping_status":"closed","template":"","meta":{"ghostkit_customizer_options":"","ghostkit_custom_css":"","ghostkit_custom_js_head":"","ghostkit_custom_js_foot":"","ghostkit_typography":"","footnotes":""},"class_list":["post-1859","page","type-page","status-publish","hentry"],"meta_box":{"zoo_page_banner":"has_banner"},"_links":{"self":[{"href":"https:\/\/concoursofelegancegermany.com\/de\/wp-json\/wp\/v2\/pages\/1859","targetHints":{"allow":["GET"]}}],"collection":[{"href":"https:\/\/concoursofelegancegermany.com\/de\/wp-json\/wp\/v2\/pages"}],"about":[{"href":"https:\/\/concoursofelegancegermany.com\/de\/wp-json\/wp\/v2\/types\/page"}],"author":[{"embeddable":true,"href":"https:\/\/concoursofelegancegermany.com\/de\/wp-json\/wp\/v2\/users\/3"}],"replies":[{"embeddable":true,"href":"https:\/\/concoursofelegancegermany.com\/de\/wp-json\/wp\/v2\/comments?post=1859"}],"version-history":[{"count":37,"href":"https:\/\/concoursofelegancegermany.com\/de\/wp-json\/wp\/v2\/pages\/1859\/revisions"}],"predecessor-version":[{"id":24437,"href":"https:\/\/concoursofelegancegermany.com\/de\/wp-json\/wp\/v2\/pages\/1859\/revisions\/24437"}],"wp:attachment":[{"href":"https:\/\/concoursofelegancegermany.com\/de\/wp-json\/wp\/v2\/media?parent=1859"}],"curies":[{"name":"wp","href":"https:\/\/api.w.org\/{rel}","templated":true}]}}