
{"id":1973,"date":"2023-11-19T13:38:39","date_gmt":"2023-11-19T13:38:39","guid":{"rendered":"https:\/\/concoursofelegancegermany.com\/wie-man-eintritt\/"},"modified":"2026-04-17T11:53:55","modified_gmt":"2026-04-17T11:53:55","slug":"teilnehmen","status":"publish","type":"page","link":"https:\/\/concoursofelegancegermany.com\/de\/teilnehmen\/","title":{"rendered":"Teilnehmen"},"content":{"rendered":"\n<div class=\"wp-block-group alignfull is-layout-flow wp-container-core-group-is-layout-a70f80f3 wp-block-group-is-layout-flow\" style=\"min-height:700px;margin-top:0;margin-bottom:0;padding-top:0;padding-bottom:0\">\n<div class=\"wp-block-cover is-light banner\" style=\"min-height:100vh;aspect-ratio:unset;\"><img loading=\"lazy\" decoding=\"async\" width=\"2560\" height=\"1707\" class=\"wp-block-cover__image-background wp-image-10797\" alt=\"\" src=\"https:\/\/concoursofelegancegermany.com\/wp-content\/uploads\/Feature-Letter-of-Indemnity.jpg\" data-object-fit=\"cover\" srcset=\"https:\/\/concoursofelegancegermany.com\/wp-content\/uploads\/Feature-Letter-of-Indemnity.jpg 2560w, https:\/\/concoursofelegancegermany.com\/wp-content\/uploads\/Feature-Letter-of-Indemnity-300x200.jpg 300w, https:\/\/concoursofelegancegermany.com\/wp-content\/uploads\/Feature-Letter-of-Indemnity-1024x683.jpg 1024w, https:\/\/concoursofelegancegermany.com\/wp-content\/uploads\/Feature-Letter-of-Indemnity-768x512.jpg 768w, https:\/\/concoursofelegancegermany.com\/wp-content\/uploads\/Feature-Letter-of-Indemnity-1536x1024.jpg 1536w, https:\/\/concoursofelegancegermany.com\/wp-content\/uploads\/Feature-Letter-of-Indemnity-2048x1366.jpg 2048w\" sizes=\"auto, (max-width: 2560px) 100vw, 2560px\" \/><span aria-hidden=\"true\" class=\"wp-block-cover__background has-background-dim-0 has-background-dim\" style=\"background-color:#8c8883\"><\/span><div class=\"wp-block-cover__inner-container is-layout-flow wp-block-cover-is-layout-flow\">\n<div style=\"height:100px\" aria-hidden=\"true\" class=\"wp-block-spacer\"><\/div>\n<\/div><\/div>\n\n\n\n<div class=\"wp-block-group is-style-zoo-page-padding has-white-background-color has-background is-layout-constrained wp-container-core-group-is-layout-d3543a3b wp-block-group-is-layout-constrained\">\n<div class=\"wp-block-group is-style-default is-layout-constrained wp-container-core-group-is-layout-58fd5b92 wp-block-group-is-layout-constrained\" style=\"padding-bottom:0\">\n<div class=\"wp-block-group is-layout-constrained wp-container-core-group-is-layout-c19476fc wp-block-group-is-layout-constrained\">\n<h1 class=\"wp-block-heading has-text-align-center ghostkit-custom-ZyPChu\" id=\"junior-concours\">WIE SIE TEILNEHMEN K\u00d6NNEN<\/h1>\n\n\n\n<h2 class=\"wp-block-heading has-text-align-center has-primary-color has-text-color has-link-color wp-elements-e5de641a9f31f885641fae8d7a645d5b\" id=\"junior-concours\">Die Teilnahme k\u00f6nnte nicht einfacher sein<\/h2>\n\n\n\n<p class=\"has-text-align-center ghostkit-custom-Z79YIw\">Wir haben zwei Car Curators und einen Owner Liaison Specialist, die sich darum k\u00fcmmern, dass Sie alle Informationen f\u00fcr die Anmeldung Ihres Fahrzeugs zum Concours erhalten.<\/p>\n\n\n\n<div class=\"wp-block-buttons ghostkit-custom-OKdmM is-content-justification-center is-layout-flex wp-container-core-buttons-is-layout-a89b3969 wp-block-buttons-is-layout-flex\">\n<div class=\"wp-block-button\"><a class=\"wp-block-button__link has-background-color has-primary-background-color has-text-color has-background has-link-color has-small-font-size has-custom-font-size wp-element-button\" href=\"&lt;!--[CDATA[mailto:vanessa@thoroughevents.co.uk]]--&gt;\">CONCOURS-ANWENDUNG<\/a><\/div>\n<\/div>\n\n\n\n<h2 class=\"wp-block-heading has-text-align-center has-primary-color has-text-color has-link-color wp-elements-816125fdbb9ae898b9fef718107f6bff\" id=\"junior-concours\">Kuratoren<\/h2>\n\n\n\n<div class=\"wp-block-group has-foreground-color has-text-color has-link-color wp-elements-38cc547a571fca517a55203abb609605 is-layout-constrained wp-block-group-is-layout-constrained\">\n<p class=\"has-text-align-center\"><strong>Flavien Mar\u00e7ais<\/strong><br\/>Email: <a href=\"mailto:flavienmarcais@hotmail.fr\">flavienmarcais@hotmail.fr<\/a><br\/>Mobile: <a href=\"tel:+44-7879-634432\">+44 (0) 7879 634432<\/a><\/p>\n\n\n\n<p class=\"has-text-align-center\"><strong>Vanessa Mar\u00e7ais<\/strong><br\/>Email: <a href=\"mailto:vanessa@thoroughevents.co.uk\">vanessa@thoroughevents.co.uk<\/a><br\/>Mobile: <a href=\"tel:+44-7879-643342\">+44 (0) 7879 634432<\/a><\/p>\n<\/div>\n\n\n\n<h2 class=\"wp-block-heading has-text-align-center ghostkit-custom-Z2mjrPl has-primary-color has-text-color has-link-color wp-elements-4a4ebd575c90ac7c77e8557b87c2e778\" id=\"junior-concours\">Ansprechpartner f\u00fcr Fahrzeugeigent\u00fcmer<\/h2>\n\n\n\n<div class=\"wp-block-group has-foreground-color has-text-color has-link-color wp-elements-51c82aeb16f35afaeb8a2c593ee5e9e6 is-layout-constrained wp-block-group-is-layout-constrained\">\n<p class=\"has-text-align-center\"><strong><strong>Stefanie Thiele<\/strong><\/strong><br\/>Relationship Manager<br\/>Email: <a href=\"mailto:stefanie@thoroughevents.com\">stefanie@thoroughevents.com<\/a><br\/>Mobile: <a href=\"tel:+44%207745%C2%A0326%20213\">+44 7745 326 213<\/a><\/p>\n<\/div>\n<\/div>\n<\/div>\n\n\n\n<div class=\"ghostkit-grid ghostkit-grid-gap-sm\"><div class=\"ghostkit-grid-inner\">\n<div class=\"ghostkit-col ghostkit-col-md-12 ghostkit-col-lg-6 ghostkit-col-4\"><div class=\"ghostkit-col-content is-layout-flow wp-block-ghostkit-grid-column-is-layout-flow\">\n<div class=\"wp-block-cover is-light\" style=\"min-height:320px;aspect-ratio:unset;\"><img loading=\"lazy\" decoding=\"async\" width=\"1707\" height=\"2560\" class=\"wp-block-cover__image-background wp-image-10197\" alt=\"\" src=\"https:\/\/concoursofelegancegermany.com\/wp-content\/uploads\/Concours-of-Elegance-Germany-Gallery-10-scaled.jpg\" data-object-fit=\"cover\" srcset=\"https:\/\/concoursofelegancegermany.com\/wp-content\/uploads\/Concours-of-Elegance-Germany-Gallery-10-scaled.jpg 1707w, https:\/\/concoursofelegancegermany.com\/wp-content\/uploads\/Concours-of-Elegance-Germany-Gallery-10-200x300.jpg 200w, https:\/\/concoursofelegancegermany.com\/wp-content\/uploads\/Concours-of-Elegance-Germany-Gallery-10-683x1024.jpg 683w, https:\/\/concoursofelegancegermany.com\/wp-content\/uploads\/Concours-of-Elegance-Germany-Gallery-10-768x1152.jpg 768w, https:\/\/concoursofelegancegermany.com\/wp-content\/uploads\/Concours-of-Elegance-Germany-Gallery-10-1024x1536.jpg 1024w, https:\/\/concoursofelegancegermany.com\/wp-content\/uploads\/Concours-of-Elegance-Germany-Gallery-10-1365x2048.jpg 1365w\" sizes=\"auto, (max-width: 1707px) 100vw, 1707px\" \/><span aria-hidden=\"true\" class=\"wp-block-cover__background has-background-dim-0 has-background-dim\" style=\"background-color:#afaeac\"><\/span><div class=\"wp-block-cover__inner-container is-layout-flow wp-block-cover-is-layout-flow\">\n<div style=\"height:100px\" aria-hidden=\"true\" class=\"wp-block-spacer\"><\/div>\n<\/div><\/div>\n<\/div><\/div>\n\n\n\n<div class=\"ghostkit-col ghostkit-col-md-12 ghostkit-col-lg-6 ghostkit-col-4\"><div class=\"ghostkit-col-content is-layout-flow wp-block-ghostkit-grid-column-is-layout-flow\">\n<div class=\"wp-block-cover is-light\" style=\"min-height:320px;aspect-ratio:unset;\"><img loading=\"lazy\" decoding=\"async\" width=\"2560\" height=\"1707\" class=\"wp-block-cover__image-background wp-image-10917\" alt=\"\" src=\"https:\/\/concoursofelegancegermany.com\/wp-content\/uploads\/53906650217_eca4b2f700_o-scaled.jpg\" data-object-fit=\"cover\" srcset=\"https:\/\/concoursofelegancegermany.com\/wp-content\/uploads\/53906650217_eca4b2f700_o-scaled.jpg 2560w, https:\/\/concoursofelegancegermany.com\/wp-content\/uploads\/53906650217_eca4b2f700_o-300x200.jpg 300w, https:\/\/concoursofelegancegermany.com\/wp-content\/uploads\/53906650217_eca4b2f700_o-1024x683.jpg 1024w, https:\/\/concoursofelegancegermany.com\/wp-content\/uploads\/53906650217_eca4b2f700_o-768x512.jpg 768w, https:\/\/concoursofelegancegermany.com\/wp-content\/uploads\/53906650217_eca4b2f700_o-1536x1024.jpg 1536w, https:\/\/concoursofelegancegermany.com\/wp-content\/uploads\/53906650217_eca4b2f700_o-2048x1365.jpg 2048w\" sizes=\"auto, (max-width: 2560px) 100vw, 2560px\" \/><span aria-hidden=\"true\" class=\"wp-block-cover__background has-background-dim-0 has-background-dim\" style=\"background-color:#9e9999\"><\/span><div class=\"wp-block-cover__inner-container is-layout-flow wp-block-cover-is-layout-flow\">\n<div style=\"height:100px\" aria-hidden=\"true\" class=\"wp-block-spacer\"><\/div>\n<\/div><\/div>\n<\/div><\/div>\n\n\n\n<div class=\"ghostkit-col ghostkit-col-md-12 ghostkit-col-lg-12 ghostkit-col-4\"><div class=\"ghostkit-col-content is-layout-flow wp-block-ghostkit-grid-column-is-layout-flow\">\n<div class=\"wp-block-cover is-light\" style=\"min-height:320px;aspect-ratio:unset;\"><img loading=\"lazy\" decoding=\"async\" width=\"2560\" height=\"1707\" class=\"wp-block-cover__image-background wp-image-10921\" alt=\"\" src=\"https:\/\/concoursofelegancegermany.com\/wp-content\/uploads\/53907984390_23e231d241_o-scaled.jpg\" data-object-fit=\"cover\" srcset=\"https:\/\/concoursofelegancegermany.com\/wp-content\/uploads\/53907984390_23e231d241_o-scaled.jpg 2560w, https:\/\/concoursofelegancegermany.com\/wp-content\/uploads\/53907984390_23e231d241_o-300x200.jpg 300w, https:\/\/concoursofelegancegermany.com\/wp-content\/uploads\/53907984390_23e231d241_o-1024x683.jpg 1024w, https:\/\/concoursofelegancegermany.com\/wp-content\/uploads\/53907984390_23e231d241_o-768x512.jpg 768w, https:\/\/concoursofelegancegermany.com\/wp-content\/uploads\/53907984390_23e231d241_o-1536x1024.jpg 1536w, https:\/\/concoursofelegancegermany.com\/wp-content\/uploads\/53907984390_23e231d241_o-2048x1365.jpg 2048w\" sizes=\"auto, (max-width: 2560px) 100vw, 2560px\" \/><span aria-hidden=\"true\" class=\"wp-block-cover__background has-background-dim-0 has-background-dim\" style=\"background-color:#7a8190\"><\/span><div class=\"wp-block-cover__inner-container is-layout-flow wp-block-cover-is-layout-flow\">\n<div style=\"height:100px\" aria-hidden=\"true\" class=\"wp-block-spacer\"><\/div>\n<\/div><\/div>\n<\/div><\/div>\n<\/div><\/div>\n\n\n\n<div class=\"wp-block-group is-layout-constrained wp-container-core-group-is-layout-ee4a3eba wp-block-group-is-layout-constrained\">\n<h2 class=\"wp-block-heading has-text-align-center has-primary-color has-text-color has-link-color wp-elements-d9e64ab719d06c73b163be31205540ab\" id=\"junior-concours\"> Concour Komittee<\/h2>\n\n\n\n<p class=\"has-text-align-center\">Concour Komittee ist ein unabh\u00e4ngiges Gremium, das Fahrzeuge vorschl\u00e4gt und auch als Auswahlkomitee fungiert, um sicherzustellen, dass die von einem Concours von Weltrang erwarteten Standards eingehalten werden. Sie werden viele von ihnen kennen und k\u00f6nnen sie bei Bedarf um Rat fragen.<\/p>\n\n\n\n<p class=\"has-text-align-center\"><strong>Richard Charlesworth MVO<\/strong><br\/>Chairman of the Steering Committee <\/p>\n\n\n\n<p class=\"has-text-align-center\"><strong>Flavien Mar\u00e7ais, Curator<\/strong><\/p>\n\n\n\n<p class=\"has-text-align-center\"><strong>Vanessa Mar\u00e7ais, Curator<\/strong>  <\/p>\n\n\n\n<p class=\"has-text-align-center\"><strong>Martin und Sandra Button<\/strong><\/p>\n\n\n\n<p class=\"has-text-align-center\"><strong>Christian Geistd\u00f6rfer<\/strong><\/p>\n\n\n\n<p class=\"has-text-align-center\"><strong>Jens Rassloff<\/strong><\/p>\n\n\n\n<p class=\"has-text-align-center\"><strong>Marcus G\u00f6rig <\/strong><\/p>\n\n\n\n<p class=\"has-text-align-center\"><strong>Tanja Benedic <\/strong><\/p>\n\n\n\n<p class=\"has-text-align-center\"><strong>Andrew Hall<\/strong><\/p>\n\n\n\n<p class=\"has-text-align-center\"><strong>Stephen Archer <\/strong><\/p>\n\n\n\n<p class=\"has-text-align-center\"><strong>Till Waitzinger<\/strong><\/p>\n<\/div>\n<\/div>\n<\/div>\n","protected":false},"excerpt":{"rendered":"<p>WIE SIE TEILNEHMEN K\u00d6NNEN Die Teilnahme k\u00f6nnte nicht einfacher sein Wir haben zwei Car Curators und einen Owner Liaison Specialist, die sich darum k\u00fcmmern, dass Sie alle Informationen f\u00fcr die Anmeldung Ihres Fahrzeugs zum Concours erhalten. Kuratoren Flavien Mar\u00e7aisEmail: flavienmarcais@hotmail.frMobile: +44 (0) 7879 634432 Vanessa Mar\u00e7aisEmail: vanessa@thoroughevents.co.ukMobile: +44 (0) 7879 634432 Ansprechpartner f\u00fcr Fahrzeugeigent\u00fcmer Stefanie [&hellip;]<\/p>\n","protected":false},"author":3,"featured_media":0,"parent":0,"menu_order":0,"comment_status":"closed","ping_status":"closed","template":"","meta":{"ghostkit_customizer_options":"","ghostkit_custom_css":"","ghostkit_custom_js_head":"","ghostkit_custom_js_foot":"","ghostkit_typography":"","footnotes":""},"class_list":["post-1973","page","type-page","status-publish","hentry"],"meta_box":{"zoo_page_banner":""},"_links":{"self":[{"href":"https:\/\/concoursofelegancegermany.com\/de\/wp-json\/wp\/v2\/pages\/1973","targetHints":{"allow":["GET"]}}],"collection":[{"href":"https:\/\/concoursofelegancegermany.com\/de\/wp-json\/wp\/v2\/pages"}],"about":[{"href":"https:\/\/concoursofelegancegermany.com\/de\/wp-json\/wp\/v2\/types\/page"}],"author":[{"embeddable":true,"href":"https:\/\/concoursofelegancegermany.com\/de\/wp-json\/wp\/v2\/users\/3"}],"replies":[{"embeddable":true,"href":"https:\/\/concoursofelegancegermany.com\/de\/wp-json\/wp\/v2\/comments?post=1973"}],"version-history":[{"count":31,"href":"https:\/\/concoursofelegancegermany.com\/de\/wp-json\/wp\/v2\/pages\/1973\/revisions"}],"predecessor-version":[{"id":35025,"href":"https:\/\/concoursofelegancegermany.com\/de\/wp-json\/wp\/v2\/pages\/1973\/revisions\/35025"}],"wp:attachment":[{"href":"https:\/\/concoursofelegancegermany.com\/de\/wp-json\/wp\/v2\/media?parent=1973"}],"curies":[{"name":"wp","href":"https:\/\/api.w.org\/{rel}","templated":true}]}}