
{"id":1979,"date":"2023-11-19T13:35:43","date_gmt":"2023-11-19T13:35:43","guid":{"rendered":"https:\/\/concoursofelegancegermany.com\/reiseplan\/"},"modified":"2025-12-03T17:03:33","modified_gmt":"2025-12-03T17:03:33","slug":"programm","status":"publish","type":"page","link":"https:\/\/concoursofelegancegermany.com\/de\/programm\/","title":{"rendered":"Reiseplan"},"content":{"rendered":"\n<div class=\"wp-block-group alignfull banner is-layout-flow wp-container-core-group-is-layout-a70f80f3 wp-block-group-is-layout-flow\" style=\"min-height:700px;margin-top:0;margin-bottom:0;padding-top:0;padding-bottom:0\">\n<div class=\"wp-block-cover banner overlay-multiply\" style=\"min-height:700px;aspect-ratio:unset;\"><img loading=\"lazy\" decoding=\"async\" width=\"2560\" height=\"1707\" class=\"wp-block-cover__image-background wp-image-24071 size-full\" alt=\"COEG Concours Cars Itinerary\" src=\"https:\/\/concoursofelegancegermany.com\/wp-content\/uploads\/COEG-Concours-Cars-Itinerary.jpg\" style=\"object-position:50% 75%\" data-object-fit=\"cover\" data-object-position=\"50% 75%\" srcset=\"https:\/\/concoursofelegancegermany.com\/wp-content\/uploads\/COEG-Concours-Cars-Itinerary.jpg 2560w, https:\/\/concoursofelegancegermany.com\/wp-content\/uploads\/COEG-Concours-Cars-Itinerary-300x200.jpg 300w, https:\/\/concoursofelegancegermany.com\/wp-content\/uploads\/COEG-Concours-Cars-Itinerary-1024x683.jpg 1024w, https:\/\/concoursofelegancegermany.com\/wp-content\/uploads\/COEG-Concours-Cars-Itinerary-768x512.jpg 768w, https:\/\/concoursofelegancegermany.com\/wp-content\/uploads\/COEG-Concours-Cars-Itinerary-1536x1024.jpg 1536w, https:\/\/concoursofelegancegermany.com\/wp-content\/uploads\/COEG-Concours-Cars-Itinerary-2048x1366.jpg 2048w\" sizes=\"auto, (max-width: 2560px) 100vw, 2560px\" \/><span aria-hidden=\"true\" class=\"wp-block-cover__background has-background-dim-20 has-background-dim wp-block-cover__gradient-background has-background-gradient\" style=\"background:linear-gradient(180deg,rgb(37,95,152) 6%,rgba(222,220,220,0) 35%)\"><\/span><div class=\"wp-block-cover__inner-container is-layout-flow wp-block-cover-is-layout-flow\">\n<div style=\"height:100px\" aria-hidden=\"true\" class=\"wp-block-spacer\"><\/div>\n<\/div><\/div>\n\n\n\n<div class=\"wp-block-group is-style-zoo-page-padding is-layout-constrained wp-container-core-group-is-layout-59933ffc wp-block-group-is-layout-constrained\">\n<h1 class=\"wp-block-heading has-text-align-center\" id=\"2025-concours-of-elegance-germany-timetable\">2026 Concours der Eleganz Deutschland<\/h1>\n\n\n\n<div class=\"wp-block-group is-layout-constrained wp-container-core-group-is-layout-f36bc466 wp-block-group-is-layout-constrained\">\n<h2 class=\"wp-block-heading has-text-align-center\" id=\"experience-a-two-day-immersion-in-the-world-of-automotive-elegance-passion-drive-excellence\"><em><mark style=\"background-color:rgba(0, 0, 0, 0)\" class=\"has-inline-color has-gold-color\">Erleben Sie ein zweit\u00e4giges Eintauchen in die Welt der automobilen Eleganz, Leidenschaft, Dynamik und Exzellenz<\/mark><\/em><\/h2>\n<\/div>\n\n\n\n<div class=\"ghostkit-grid ghostkit-grid-gap-custom ghostkit-custom-Z1Nfq0N\"><div class=\"ghostkit-grid-inner\">\n<div class=\"ghostkit-col ghostkit-col-sm-12 ghostkit-col-md-12 ghostkit-col-lg-12 ghostkit-col-6\"><div class=\"ghostkit-col-content is-layout-flow wp-container-ghostkit-grid-column-is-layout-f5bb311e wp-block-ghostkit-grid-column-is-layout-flow\">\n<div class=\"wp-block-group has-light-grey-background-color has-background is-layout-constrained wp-container-core-group-is-layout-52009084 wp-block-group-is-layout-constrained\" style=\"padding-top:var(--wp--preset--spacing--40);padding-right:var(--wp--preset--spacing--40);padding-bottom:var(--wp--preset--spacing--40);padding-left:var(--wp--preset--spacing--40)\">\n<div class=\"wp-block-group is-layout-constrained wp-block-group-is-layout-constrained\">\n<h3 class=\"wp-block-heading ghostkit-custom-Z1AFmSR is-style-zoo-script-font\" id=\"friday-july-25th\"><mark style=\"background-color:rgba(0, 0, 0, 0)\" class=\"has-inline-color has-primary-color\">Samstag, 4. Juli <\/mark><\/h3>\n\n\n\n<h2 class=\"wp-block-heading\" id=\"concours-parade-best-of-show\">Concours Parade &#8211; Best of Show <\/h2>\n\n\n\n<figure class=\"wp-block-table is-style-regular ghostkit-custom-okrkH\"><table style=\"border-style:none;border-width:0px\"><tbody><tr><td>10:00<\/td><td>Er\u00f6ffnung des Concours f\u00fcr die G\u00e4ste <\/td><\/tr><tr><td>10:00-10:15<\/td><td>Begr\u00fc\u00dfungsrede von Richard Charlesworth &amp; JP Rathgen (Hauptb\u00fchne)<\/td><\/tr><tr><td>10:30-11:00<\/td><td><em>Panel Talk I:<\/em> Die Welt des Luxus mit Sotheby\u2019s Realty, RM Sotheby\u2019s &amp; Sotheby\u2019s (Sotheby\u2019s Realty Zelt)<\/td><\/tr><tr><td>10:10-11:40<\/td><td><em>Panel Talk II:<\/em> Allianz Kapital- &amp; Pensionsl\u00f6sungen (Hauptb\u00fchne)<\/td><\/tr><tr><td>11:45-12:00<\/td><td><em>Panel Talk III<\/em>: Pal-V Pr\u00e4sentation \u201eLiberty\u201c (Hauptb\u00fchne)<\/td><\/tr><tr><td>12:00-12:30<\/td><td>Lunch im Club Concours &amp; Concours Innenhof \u2013 Unterhaltungsprogramm<\/td><\/tr><tr><td>14:30-16:50<\/td><td>Best of Show Parade (Hauptb\u00fchne)<\/td><\/tr><tr><td>17:00-17:30<\/td><td>Panel Talk IV: OCC &amp; Prof. Dr. Jochen Buck (OCC Tent)<\/td><\/tr><tr><td>17:30<\/td><td>Best Dressed Freitag (Hauptb\u00fchne)<\/td><\/tr><tr><td>17:45<\/td><td>Best sound of the future (Future Classics Area)<\/td><\/tr><tr><td>18:00<\/td><td>Veranstaltungsende f\u00fcr Samstag<\/td><\/tr><\/tbody><\/table><\/figure>\n<\/div>\n\n\n\n<div class=\"wp-block-group is-layout-constrained wp-block-group-is-layout-constrained\">\n<h3 class=\"wp-block-heading ghostkit-custom-Z1pMNVJ is-style-zoo-script-font\" id=\"saturday-31st-august-1\"><mark style=\"background-color:rgba(0, 0, 0, 0)\" class=\"has-inline-color has-primary-color\">Sonntag, 5. Juli <\/mark><\/h3>\n\n\n\n<h2 class=\"wp-block-heading\" id=\"specialist-concours-decade-awards\">Fachwettbewerb und Tag der Dekade-Preisverleihung<\/h2>\n\n\n\n<figure class=\"wp-block-table ghostkit-custom-1EDAwz\"><table style=\"border-style:none;border-width:0px\"><tbody><tr><td>10:00<\/td><td>Er\u00f6ffnung des Concours f\u00fcr die G\u00e4ste<\/td><\/tr><tr><td>11:00<\/td><td>Emerging Collectors Concours pr\u00e4sentiert von A. Lange &amp; S\u00f6hne<\/td><\/tr><tr><td>11:30<\/td><td>Ladies Concours mit Modenschau von The Modelinstitute und Sportalm<\/td><\/tr><tr><td>12:00<\/td><td>Junior Concours &amp; Preisverleihung pr\u00e4sentiert von Sotheby\u2019s International Realty | Tegernsee<\/td><\/tr><tr><td>12:30-<br\/>14:30<\/td><td>Lunch im Club Concours &amp; Concours Innenhof \u2013 Entertainmentprogramm <\/td><\/tr><tr><td>14:30-15:30<\/td><td>Verleihung der Decade Awards, Chapron Class Award, F1 Award, Chairman\u2019s Award<\/td><\/tr><tr><td>15:45<\/td><td>Best of Show Award pr\u00e4sentiert von A. Lange &amp; S\u00f6hne<\/td><\/tr><tr><td>16:00<\/td><td>Emerging Collectors Award pr\u00e4sentiert von A. Lange &amp; S\u00f6hne<\/td><\/tr><tr><td>16:15<\/td><td>Ladies Concours Award <\/td><\/tr><tr><td>16:30<\/td><td>Am besten gekleideter Sonntag <\/td><\/tr><tr><td>17:00<\/td><td>Der Concours ist f\u00fcr 2026 geschlossen.<\/td><\/tr><tr><td><\/td><td><\/td><\/tr><\/tbody><\/table><\/figure>\n<\/div>\n\n\n\n<div class=\"wp-block-group is-layout-constrained wp-block-group-is-layout-constrained\">\n<p><em>Wir werden den Zeitplan wenn notwendig aktualisieren.<\/em> <em>Der Zeitplan kann erg\u00e4nzt und ge\u00e4ndert werden.<\/em><\/p>\n<\/div>\n<\/div>\n<\/div><\/div>\n\n\n\n<div class=\"ghostkit-col ghostkit-col-sm-12 ghostkit-col-md-12 ghostkit-col-lg-12 ghostkit-col-6\"><div class=\"ghostkit-col-content is-layout-flow wp-container-ghostkit-grid-column-is-layout-f5bb311e wp-block-ghostkit-grid-column-is-layout-flow\">\n<div class=\"wp-block-group is-layout-constrained wp-container-core-group-is-layout-5cd0d5ee wp-block-group-is-layout-constrained\" style=\"padding-top:var(--wp--preset--spacing--40);padding-right:0;padding-bottom:var(--wp--preset--spacing--40);padding-left:0\">\n<div class=\"wp-block-group is-layout-constrained wp-container-core-group-is-layout-e0082cf6 wp-block-group-is-layout-constrained\">\n<h2 class=\"wp-block-heading\" id=\"friday-25th-of-julyconcours-parade-best-of-show\">SAMSTAG, 4. JULI<br\/><em>Concours Parade \u2013 Best of Show<\/em><\/h2>\n<\/div>\n\n\n\n<div class=\"wp-block-group is-layout-constrained wp-container-core-group-is-layout-e0082cf6 wp-block-group-is-layout-constrained\">\n<h3 class=\"wp-block-heading is-style-zoo-script-font has-primary-color has-text-color has-link-color wp-elements-0d60edf2cd4d69ff96692224269da8fc\" id=\"grand-arrival-on-owners-day\">Best of Show Parade<\/h3>\n\n\n\n<p>Der \u201eBest of Show Award\u201c ist das Herzst\u00fcck des Concours und eine Hommage an die Leidenschaft, Vision und Kunstfertigkeit, die die Entwicklung des Automobils auch weiterhin vorantreiben. In Anlehnung an unsere Schwester-Concours, den Hampton Court Concours of Elegance und den London Concours, wird der Gesamtsieger von den Teilnehmern selbst gew\u00e4hlt. Der Preis wird dem Gewinner von Wilhelm Schmid, Gesch\u00e4ftsf\u00fchrer des diesj\u00e4hrigen Pr\u00e4sentationspartners A. Lange &amp; S\u00f6hne, \u00fcberreicht.<\/p>\n\n\n\n<h3 class=\"wp-block-heading is-style-zoo-script-font has-primary-color has-text-color has-link-color wp-elements-e998508bacc801e85c4206ca7f8f5c79\" id=\"grand-arrival-on-owners-day\">The Vision of Elegance &amp; Excellence: Panel Talks<\/h3>\n\n\n\n<p>Nehmen Sie an einer exklusiven Podiumsdiskussion mit f\u00fchrenden Pers\u00f6nlichkeiten aus der Welt der Automobilindustrie, des Designs und der Luxusg\u00fcter teil und erkunden Sie die zeitlosen Prinzipien von Eleganz, Handwerkskunst und Innovation, die diese Branchen vereinen. Von den flie\u00dfenden Linien eines klassischen Autos bis hin zur akribischen Kunstfertigkeit, die hinter Haute Couture und Luxusuhren steckt, werden unsere gesch\u00e4tzten Redner darauf eingehen, wie sich diese Branchen gegenseitig beeinflussen und inspirieren.  <\/p>\n<\/div>\n\n\n\n<div class=\"wp-block-group is-layout-constrained wp-container-core-group-is-layout-e0082cf6 wp-block-group-is-layout-constrained\">\n<h3 class=\"wp-block-heading is-style-zoo-script-font\" id=\"grand-arrival-on-owners-day\"><mark style=\"background-color:rgba(0, 0, 0, 0)\" class=\"has-inline-color has-primary-color\">Cars of the Future &amp; Special Feature Displays<\/mark><\/h3>\n\n\n\n<p>Von exklusiven Kunstautos \u00fcber einzigartige Karosseriekreationen bis hin zu den Supercars von heute bieten diese au\u00dfergew\u00f6hnlichen Ausstellungen einen Einblick in die sich entwickelnde Landschaft von Luxus, Geschwindigkeit und Handwerkskunst. Ob Sammler, Enthusiast oder Bewunderer von k\u00fchnem Design, diese Ausstellung verspricht beeindruckende Sch\u00f6nheit, Technik und vision\u00e4re Kreativit\u00e4t jenseits des Concours-Hofes. <\/p>\n<\/div>\n\n\n\n<div class=\"wp-block-group is-layout-constrained wp-container-core-group-is-layout-e0082cf6 wp-block-group-is-layout-constrained\">\n<h2 class=\"wp-block-heading\" id=\"saturday-26th-julyspecialist-concours-decade-awards\">SONNTAG, 5. Juli<br\/><em>Specialist Concours &amp; Decade Awards <\/em> <\/h2>\n\n\n\n<h3 class=\"wp-block-heading is-style-zoo-script-font\" id=\"thirty-under-30-concours-presented-by-a-lange-sohne-1\"><mark style=\"background-color:rgba(0, 0, 0, 0)\" class=\"has-inline-color has-primary-color\">Concours Car Show Decade Awards: Feier der Automobilgenerationen<\/mark><\/h3>\n\n\n\n<p>Von der klassischen Eleganz der 1920er Jahre bis zur Spitzentechnologie von heute: Die Decade Awards vereinen eine atemberaubende Sammlung von Autos, die das Beste ihrer Zeit repr\u00e4sentieren. Jedes Fahrzeug erz\u00e4hlt eine einzigartige Geschichte und spiegelt die Leidenschaft, Handwerkskunst und Vision wider, die die Branche vorangetrieben haben.<\/p>\n\n\n\n<h3 class=\"wp-block-heading is-style-zoo-script-font\" id=\"thirty-under-30-concours-presented-by-a-lange-sohne-1\"><mark style=\"background-color:rgba(0, 0, 0, 0)\" class=\"has-inline-color has-primary-color\">Emerging Collectors Concours pr\u00e4sentiert von A. Lange &amp; S\u00f6hne<\/mark><\/h3>\n\n\n\n<p>Speziell f\u00fcr die n\u00e4chste Generation von Autoliebhabern entwickelt. Diese Veranstaltung richtet sich an alle, die nicht \u00e4lter als 30 Jahre sind und ein Kraftfahrzeug aus der Zeit von 1900 bis 1999 besitzen.<\/p>\n<\/div>\n\n\n\n<div class=\"wp-block-group is-layout-constrained wp-container-core-group-is-layout-e0082cf6 wp-block-group-is-layout-constrained\">\n<h3 class=\"wp-block-heading is-style-zoo-script-font\" id=\"ladies-concours\"><mark style=\"background-color:rgba(0, 0, 0, 0)\" class=\"has-inline-color has-primary-color\">Damenwettbewerb &amp; Modenschau des Modelinstituts &amp; Sportalm<\/mark><\/h3>\n\n\n\n<p>Eine Gruppe von 15 seltenen und exotischen Fahrzeugen, vom Austin Healey 3000 bis zum Ferrari Daytona &#8211; alle im Besitz von Frauen &#8211; wird sich dem Concours anschlie\u00dfen und ihre Fahrzeuge am Ufer des Tegernsees zum Concours of Elegance fahren, wo ein ausgew\u00e4hltes Programm stattfindet. <\/p>\n\n\n\n<p>Begleitet wird der Ladies\u2018 Concours in diesem Jahr von einer exklusiven Modenschau \u2013 pr\u00e4sentiert vom Model Institute und Sportalm, die im eleganten Ambiente von Gut Kaltenbrunn ihre neuesten Kollektionen pr\u00e4sentieren.\u201c<\/p>\n<\/div>\n\n\n\n<div class=\"wp-block-group is-layout-constrained wp-container-core-group-is-layout-e0082cf6 wp-block-group-is-layout-constrained\">\n<h3 class=\"wp-block-heading is-style-zoo-script-font\" id=\"junior-concours-1\"><mark style=\"background-color:rgba(0, 0, 0, 0)\" class=\"has-inline-color has-primary-color\">Junior Concours<\/mark><\/h3>\n\n\n\n<p>Hier werden die besten handgefertigten Tret-, Elektro- und benzinbetriebenen Autos aller Altersgruppen vorgestellt. Auch in diesem Jahr wird der Junior Concours wieder von Sotheby\u2019s International Realty unter der Leitung von Gesch\u00e4ftsf\u00fchrer Michael Reiss pr\u00e4sentiert und bietet jungen Enthusiasten ein stilvolles und spielerisches Erlebnis, bei dem sie in die Welt der automobilen Eleganz eingef\u00fchrt werden.<\/p>\n<\/div>\n\n\n\n<div class=\"wp-block-group is-layout-constrained wp-container-core-group-is-layout-e0082cf6 wp-block-group-is-layout-constrained\">\n<h3 class=\"wp-block-heading is-style-zoo-script-font\" id=\"car-club-displays\"><mark style=\"background-color:rgba(0, 0, 0, 0)\" class=\"has-inline-color has-primary-color\">Audience Award<\/mark><\/h3>\n\n\n\n<p>Der Publikumspreis wird von unseren G\u00e4sten bestimmt \u2013 mithilfe von QR-Codes auf Zeltschildern k\u00f6nnen die Besucher ihre Stimme abgeben und so ihren pers\u00f6nlichen Gewinner w\u00e4hlen.<\/p>\n\n\n\n<h3 class=\"wp-block-heading is-style-zoo-script-font\" id=\"car-club-displays\"><mark style=\"background-color:rgba(0, 0, 0, 0)\" class=\"has-inline-color has-primary-color\"><mark style=\"background-color:rgba(0, 0, 0, 0)\" class=\"has-inline-color has-primary-color\">Cars of the Future &amp; Special Feature Displays<\/mark><\/mark><\/h3>\n\n\n\n<p>Gehen Sie \u00fcber den Haupt-Concours hinaus und entdecken Sie eine ausgew\u00e4hlte Auswahl der Ikonen von morgen &#8211; die fortschrittlichsten Supercars und Hypercars von heute, die modernstes Design, Leistung und Innovation pr\u00e4sentieren. Diese Fahrzeuge repr\u00e4sentieren die Zukunft der automobilen Exzellenz und stehen neben Sonderausstellungen, die seltene und einzigartige Kunstwerke der Automobilwelt feiern. <\/p>\n<\/div>\n\n\n\n<div class=\"wp-block-group is-layout-constrained wp-container-core-group-is-layout-e0082cf6 wp-block-group-is-layout-constrained\">\n<h3 class=\"wp-block-heading is-style-zoo-script-font\" id=\"car-club-displays\"><mark style=\"background-color:rgba(0, 0, 0, 0)\" class=\"has-inline-color has-primary-color\">Grand Depart<\/mark><\/h3>\n\n\n\n<p>Zum Abschluss des Concours of Elegance am Sonntagnachmittag gibt es f\u00fcr die Besucher noch ein letztes Spektakel \u2013 den Grand D\u00e9part. F\u00fcnfzig der seltensten Autos der Welt starten ihre Motoren und bereiten sich darauf vor, das Gel\u00e4nde von Gut Kaltenbrunn zu verlassen, w\u00e4hrend Hunderte von Schaulustigen die Concours-Autos f\u00fcr ein weiteres Jahr abwinken. <\/p>\n<\/div>\n<\/div>\n<\/div><\/div>\n<\/div><\/div>\n\n\n\n<div class=\"wp-block-group is-layout-constrained wp-container-core-group-is-layout-41c06ba8 wp-block-group-is-layout-constrained\">\n<blockquote class=\"wp-block-quote is-layout-flow wp-block-quote-is-layout-flow\">\n<p class=\"has-text-align-center\"><em>\u201cConcours am Tegernsee \u2013 klappt einfach hervorragend und war unglaublich sch\u00f6n! <\/em>\u201d<\/p>\n\n\n\n<h2 class=\"wp-block-heading has-text-align-center has-gold-color has-text-color has-link-color has-medium-font-size wp-elements-661be2a8ee9d7f755ea3d2e576dbe4dc\" id=\"christian-geistdorfer-concours-of-elegance-germany-tour-director-world-rally-champion\">Christian Geistd\u00f6rfer, <br\/>Concours of Elegance Germany Tour Director &amp; World Rally Champion<\/h2>\n<\/blockquote>\n<\/div>\n<\/div>\n<\/div>\n","protected":false},"excerpt":{"rendered":"<p>2026 Concours der Eleganz Deutschland Erleben Sie ein zweit\u00e4giges Eintauchen in die Welt der automobilen Eleganz, Leidenschaft, Dynamik und Exzellenz Samstag, 4. Juli Concours Parade &#8211; Best of Show 10:00 Er\u00f6ffnung des Concours f\u00fcr die G\u00e4ste 10:00-10:15 Begr\u00fc\u00dfungsrede von Richard Charlesworth &amp; JP Rathgen (Hauptb\u00fchne) 10:30-11:00 Panel Talk I: Die Welt des Luxus mit Sotheby\u2019s [&hellip;]<\/p>\n","protected":false},"author":3,"featured_media":0,"parent":0,"menu_order":0,"comment_status":"closed","ping_status":"closed","template":"","meta":{"ghostkit_customizer_options":"","ghostkit_custom_css":"","ghostkit_custom_js_head":"","ghostkit_custom_js_foot":"","ghostkit_typography":"","footnotes":""},"class_list":["post-1979","page","type-page","status-publish","hentry"],"meta_box":{"zoo_page_banner":"has_banner"},"_links":{"self":[{"href":"https:\/\/concoursofelegancegermany.com\/de\/wp-json\/wp\/v2\/pages\/1979","targetHints":{"allow":["GET"]}}],"collection":[{"href":"https:\/\/concoursofelegancegermany.com\/de\/wp-json\/wp\/v2\/pages"}],"about":[{"href":"https:\/\/concoursofelegancegermany.com\/de\/wp-json\/wp\/v2\/types\/page"}],"author":[{"embeddable":true,"href":"https:\/\/concoursofelegancegermany.com\/de\/wp-json\/wp\/v2\/users\/3"}],"replies":[{"embeddable":true,"href":"https:\/\/concoursofelegancegermany.com\/de\/wp-json\/wp\/v2\/comments?post=1979"}],"version-history":[{"count":73,"href":"https:\/\/concoursofelegancegermany.com\/de\/wp-json\/wp\/v2\/pages\/1979\/revisions"}],"predecessor-version":[{"id":24447,"href":"https:\/\/concoursofelegancegermany.com\/de\/wp-json\/wp\/v2\/pages\/1979\/revisions\/24447"}],"wp:attachment":[{"href":"https:\/\/concoursofelegancegermany.com\/de\/wp-json\/wp\/v2\/media?parent=1979"}],"curies":[{"name":"wp","href":"https:\/\/api.w.org\/{rel}","templated":true}]}}