
{"id":5221,"date":"2023-11-19T13:37:39","date_gmt":"2023-11-19T13:37:39","guid":{"rendered":"https:\/\/concoursofelegancegermany.com\/neueste-nachrichten\/"},"modified":"2025-11-28T15:39:35","modified_gmt":"2025-11-28T15:39:35","slug":"neueste-nachrichten","status":"publish","type":"page","link":"https:\/\/concoursofelegancegermany.com\/de\/neueste-nachrichten\/","title":{"rendered":"Neueste Nachrichten"},"content":{"rendered":"\n<div class=\"wp-block-group alignfull is-layout-constrained wp-block-group-is-layout-constrained\">\n<div class=\"wp-block-cover alignfull banner\"><img loading=\"lazy\" decoding=\"async\" width=\"2560\" height=\"1707\" class=\"wp-block-cover__image-background wp-image-24155 size-full\" alt=\"COEG Latest News 2025\" src=\"https:\/\/concoursofelegancegermany.com\/wp-content\/uploads\/COEG-Latest-News-2025.jpg\" style=\"object-position:50% 40%\" data-object-fit=\"cover\" data-object-position=\"50% 40%\" srcset=\"https:\/\/concoursofelegancegermany.com\/wp-content\/uploads\/COEG-Latest-News-2025.jpg 2560w, https:\/\/concoursofelegancegermany.com\/wp-content\/uploads\/COEG-Latest-News-2025-300x200.jpg 300w, https:\/\/concoursofelegancegermany.com\/wp-content\/uploads\/COEG-Latest-News-2025-1024x683.jpg 1024w, https:\/\/concoursofelegancegermany.com\/wp-content\/uploads\/COEG-Latest-News-2025-768x512.jpg 768w, https:\/\/concoursofelegancegermany.com\/wp-content\/uploads\/COEG-Latest-News-2025-1536x1024.jpg 1536w, https:\/\/concoursofelegancegermany.com\/wp-content\/uploads\/COEG-Latest-News-2025-2048x1366.jpg 2048w\" sizes=\"auto, (max-width: 2560px) 100vw, 2560px\" \/><span aria-hidden=\"true\" class=\"wp-block-cover__background has-background-dim-30 has-background-dim wp-block-cover__gradient-background has-background-gradient\" style=\"background:linear-gradient(180deg,rgb(8,98,150) 1%,rgba(255,255,255,0) 39%)\"><\/span><div class=\"wp-block-cover__inner-container is-layout-flow wp-block-cover-is-layout-flow\">\n<div style=\"height:100px\" aria-hidden=\"true\" class=\"wp-block-spacer\"><\/div>\n<\/div><\/div>\n\n\n\n<div class=\"wp-block-group alignfull is-style-zoo-page-padding is-layout-constrained wp-container-core-group-is-layout-4383d167 wp-block-group-is-layout-constrained\">\n<div class=\"wp-block-group is-layout-constrained wp-container-core-group-is-layout-c5bbea69 wp-block-group-is-layout-constrained\">\n<h1 class=\"wp-block-heading alignwide has-text-align-center\" id=\"latest-news\"><strong>Neueste Nachrichten<\/strong><\/h1>\n\n\n\n<blockquote class=\"wp-block-quote is-layout-flow wp-block-quote-is-layout-flow\">\n<p class=\"has-text-align-center\"><em>\u201eDeutschland verf\u00fcgt \u00fcber eine renommierte Tradition au\u00dfergew\u00f6hnlicher Automobilkompetenz. Deutschland verdient einen erstklassigen internationalen Wettbewerb. Wir haben bereits den Grundstein f\u00fcr einen spektakul\u00e4ren Neuzugang im globalen Automobilkalender gelegt und werden mit der Begeisterung unserer gesamten Gemeinschaft von Automobilsammlern die ganze Magie unserer anderen Veranstaltungen in den Concours of Elegance Germany \u00fcbertragen, mit einer entscheidenden bayerischen Note .  <\/em>\u201d<\/p>\n\n\n\n<h2 class=\"wp-block-heading has-text-align-center has-gold-color has-text-color has-link-color has-medium-font-size wp-elements-18c6aec96da22be18a65ffbfcf8cc9c8\" id=\"james-brooks-ward-thorough-events-ceo\">James Brooks-Ward, Thorough Events CEO<\/h2>\n<\/blockquote>\n\n\n                    \n                    <div class=\"post-grid is-preview\">\n                        \n                        <div class=\"block-post-list load-more\" data-num=\"3\" data-load=\"more-button\" data-style=\"masonry\" data-lang=\"de\">\n\t\t\t\t\n\t\t\t\t\n<div class=\"item\">\n\t<div class=\"post-item post-34671 editor-preview\">\n\t\t\n\t\t<div class=\"news-image\">\n\t\t\t\n\t\t\t<a class=\"no-pointer\" href=\"https:\/\/concoursofelegancegermany.com\/de\/maserati-feiert-100-jahre-ikonischer-automobile\/\" title=\"Maserati feiert 100 Jahre ikonischer Automobile\">\n\t\t\t\t<img loading=\"lazy\" decoding=\"async\" width=\"1024\" height=\"659\" src=\"https:\/\/concoursofelegancegermany.com\/wp-content\/uploads\/1970-Maserati-Ghibli-SS-Coupe-1024x659.jpg\" class=\"attachment-large size-large wp-post-image\" alt=\"1970 Maserati Ghibli SS Coup\u00e9\" srcset=\"https:\/\/concoursofelegancegermany.com\/wp-content\/uploads\/1970-Maserati-Ghibli-SS-Coupe-1024x659.jpg 1024w, https:\/\/concoursofelegancegermany.com\/wp-content\/uploads\/1970-Maserati-Ghibli-SS-Coupe-300x193.jpg 300w, https:\/\/concoursofelegancegermany.com\/wp-content\/uploads\/1970-Maserati-Ghibli-SS-Coupe-768x495.jpg 768w, https:\/\/concoursofelegancegermany.com\/wp-content\/uploads\/1970-Maserati-Ghibli-SS-Coupe.jpg 1320w\" sizes=\"auto, (max-width: 1024px) 100vw, 1024px\" \/>\t\t\t<\/a>\n\t\t\n\t\t<\/div>\n  \n\t\t<div class=\"post-details\">\n   \n\t\t\t<div class=\"post-date\"> 1 April 2026<\/div>\n\t\t\t<h4>Maserati feiert 100 Jahre ikonischer Automobile<\/h4>\n\t\t\t<p>Im Juli pr\u00e4sentiert der Concours of Elegance Germany eine besondere Hommage an einen der klangvollsten Namen Italiens: Maserati. Im Jahr&hellip;<\/p>\n    \n\t\t<\/div>\n  \n\t\t<a href=\"https:\/\/concoursofelegancegermany.com\/de\/maserati-feiert-100-jahre-ikonischer-automobile\/\" class=\"readmore no-pointer\">Mehr lesen<\/a>\n  \n\t<\/div>\n<\/div>\n<div class=\"item\">\n\t<div class=\"post-item post-15511 editor-preview\">\n\t\t\n\t\t<div class=\"news-image\">\n\t\t\t\n\t\t\t<a class=\"no-pointer\" href=\"https:\/\/concoursofelegancegermany.com\/de\/concours-of-elegance-germany-2025-prasentiert-spektakulare-automobile-im-wert-von-95-millionen-euro\/\" title=\"Concours of Elegance Germany 2025 pr\u00e4sentiert spektakul\u00e4re Automobile im wert von 95 millionen euro\">\n\t\t\t\t<img loading=\"lazy\" decoding=\"async\" width=\"1024\" height=\"682\" src=\"https:\/\/concoursofelegancegermany.com\/wp-content\/uploads\/Mercedes-Benz-Gullwing-1024x682.jpg\" class=\"attachment-large size-large wp-post-image\" alt=\"Mercedes Benz Gullwing\" srcset=\"https:\/\/concoursofelegancegermany.com\/wp-content\/uploads\/Mercedes-Benz-Gullwing-1024x682.jpg 1024w, https:\/\/concoursofelegancegermany.com\/wp-content\/uploads\/Mercedes-Benz-Gullwing-300x200.jpg 300w, https:\/\/concoursofelegancegermany.com\/wp-content\/uploads\/Mercedes-Benz-Gullwing-768x512.jpg 768w, https:\/\/concoursofelegancegermany.com\/wp-content\/uploads\/Mercedes-Benz-Gullwing-1536x1024.jpg 1536w, https:\/\/concoursofelegancegermany.com\/wp-content\/uploads\/Mercedes-Benz-Gullwing.jpg 1550w\" sizes=\"auto, (max-width: 1024px) 100vw, 1024px\" \/>\t\t\t<\/a>\n\t\t\n\t\t<\/div>\n  \n\t\t<div class=\"post-details\">\n   \n\t\t\t<div class=\"post-date\"> 8 August 2025<\/div>\n\t\t\t<h4>Concours of Elegance Germany 2025 pr\u00e4sentiert spektakul\u00e4re Automobile im wert von 95 millionen euro<\/h4>\n\t\t\t<p>Ausstellungsfahrzeuge mit einem Gesamtwert von 95 Millionen Euro begeistern beim Concours of Elegance Germany 2025 und setzen einen neuen Ma.stab&hellip;<\/p>\n    \n\t\t<\/div>\n  \n\t\t<a href=\"https:\/\/concoursofelegancegermany.com\/de\/concours-of-elegance-germany-2025-prasentiert-spektakulare-automobile-im-wert-von-95-millionen-euro\/\" class=\"readmore no-pointer\">Mehr lesen<\/a>\n  \n\t<\/div>\n<\/div>\n<div class=\"item\">\n\t<div class=\"post-item post-15295 editor-preview\">\n\t\t\n\t\t<div class=\"news-image\">\n\t\t\t\n\t\t\t<a class=\"no-pointer\" href=\"https:\/\/concoursofelegancegermany.com\/de\/concours-of-elegance-germany-feiert-ruckkehr-an-den-tegernsee-mit-seltenem-austro-daimler-bergmeister-als-best-of-show-gewinner\/\" title=\"Concours of Elegance Germany feiert r\u00fcckkehr an den tegernsee mit seltenem Austro-Daimler Bergmeister als Best of Show-Gewinner\">\n\t\t\t\t<img loading=\"lazy\" decoding=\"async\" width=\"1024\" height=\"682\" src=\"https:\/\/concoursofelegancegermany.com\/wp-content\/uploads\/Rare-1932-Austro-Daimler-Bergmeister-1024x682.jpg\" class=\"attachment-large size-large wp-post-image\" alt=\"Rare 1932 Austro-Daimler Bergmeister\" srcset=\"https:\/\/concoursofelegancegermany.com\/wp-content\/uploads\/Rare-1932-Austro-Daimler-Bergmeister-1024x682.jpg 1024w, https:\/\/concoursofelegancegermany.com\/wp-content\/uploads\/Rare-1932-Austro-Daimler-Bergmeister-300x200.jpg 300w, https:\/\/concoursofelegancegermany.com\/wp-content\/uploads\/Rare-1932-Austro-Daimler-Bergmeister-768x512.jpg 768w, https:\/\/concoursofelegancegermany.com\/wp-content\/uploads\/Rare-1932-Austro-Daimler-Bergmeister-1536x1024.jpg 1536w, https:\/\/concoursofelegancegermany.com\/wp-content\/uploads\/Rare-1932-Austro-Daimler-Bergmeister.jpg 1550w\" sizes=\"auto, (max-width: 1024px) 100vw, 1024px\" \/>\t\t\t<\/a>\n\t\t\n\t\t<\/div>\n  \n\t\t<div class=\"post-details\">\n   \n\t\t\t<div class=\"post-date\"> 31 Juli 2025<\/div>\n\t\t\t<h4>Concours of Elegance Germany feiert r\u00fcckkehr an den tegernsee mit seltenem Austro-Daimler Bergmeister als Best of Show-Gewinner<\/h4>\n\t\t\t<p>Ein herausragender Austro-Daimler Bergmeister von 1932 gewinnt den begehrten Best of Show Award beim Concours of Elegance Germany 2025 Der&hellip;<\/p>\n    \n\t\t<\/div>\n  \n\t\t<a href=\"https:\/\/concoursofelegancegermany.com\/de\/concours-of-elegance-germany-feiert-ruckkehr-an-den-tegernsee-mit-seltenem-austro-daimler-bergmeister-als-best-of-show-gewinner\/\" class=\"readmore no-pointer\">Mehr lesen<\/a>\n  \n\t<\/div>\n<\/div>                        \n                        <\/div>\n\t\n\t                            \n                            <div class=\"wp-block-buttons is-layout-flex is-content-justification-center\">\n                                <div class=\"wp-block-button\">\n                                    <a href=\"#\" class=\"load-posts wp-block-button__link wp-element-button no-pointer\">MEHR LADEN<\/a>\n                                <\/div>\n                            <\/div>\n\t\n\t                                        \n                    <\/div>\n\t\t\n\t\t<\/div>\n<\/div>\n<\/div>\n","protected":false},"excerpt":{"rendered":"<p>Neueste Nachrichten \u201eDeutschland verf\u00fcgt \u00fcber eine renommierte Tradition au\u00dfergew\u00f6hnlicher Automobilkompetenz. Deutschland verdient einen erstklassigen internationalen Wettbewerb. Wir haben bereits den Grundstein f\u00fcr einen spektakul\u00e4ren Neuzugang im globalen Automobilkalender gelegt und werden mit der Begeisterung unserer gesamten Gemeinschaft von Automobilsammlern die ganze Magie unserer anderen Veranstaltungen in den Concours of Elegance Germany \u00fcbertragen, mit einer entscheidenden [&hellip;]<\/p>\n","protected":false},"author":3,"featured_media":0,"parent":0,"menu_order":0,"comment_status":"closed","ping_status":"closed","template":"","meta":{"ghostkit_customizer_options":"","ghostkit_custom_css":"","ghostkit_custom_js_head":"","ghostkit_custom_js_foot":"","ghostkit_typography":"","footnotes":""},"class_list":["post-5221","page","type-page","status-publish","hentry"],"meta_box":{"zoo_page_banner":""},"_links":{"self":[{"href":"https:\/\/concoursofelegancegermany.com\/de\/wp-json\/wp\/v2\/pages\/5221","targetHints":{"allow":["GET"]}}],"collection":[{"href":"https:\/\/concoursofelegancegermany.com\/de\/wp-json\/wp\/v2\/pages"}],"about":[{"href":"https:\/\/concoursofelegancegermany.com\/de\/wp-json\/wp\/v2\/types\/page"}],"author":[{"embeddable":true,"href":"https:\/\/concoursofelegancegermany.com\/de\/wp-json\/wp\/v2\/users\/3"}],"replies":[{"embeddable":true,"href":"https:\/\/concoursofelegancegermany.com\/de\/wp-json\/wp\/v2\/comments?post=5221"}],"version-history":[{"count":10,"href":"https:\/\/concoursofelegancegermany.com\/de\/wp-json\/wp\/v2\/pages\/5221\/revisions"}],"predecessor-version":[{"id":24159,"href":"https:\/\/concoursofelegancegermany.com\/de\/wp-json\/wp\/v2\/pages\/5221\/revisions\/24159"}],"wp:attachment":[{"href":"https:\/\/concoursofelegancegermany.com\/de\/wp-json\/wp\/v2\/media?parent=5221"}],"curies":[{"name":"wp","href":"https:\/\/api.w.org\/{rel}","templated":true}]}}