
{"id":5847,"date":"2024-04-15T13:39:30","date_gmt":"2024-04-15T13:39:30","guid":{"rendered":"https:\/\/concoursofelegancegermany.com\/veranstaltungsort\/"},"modified":"2025-07-04T10:55:34","modified_gmt":"2025-07-04T10:55:34","slug":"veranstaltungsort","status":"publish","type":"page","link":"https:\/\/concoursofelegancegermany.com\/de\/veranstaltungsort\/","title":{"rendered":"Veranstaltungsort"},"content":{"rendered":"\n<div class=\"wp-block-group alignfull is-layout-flow wp-container-core-group-is-layout-a70f80f3 wp-block-group-is-layout-flow\" style=\"margin-top:0;margin-bottom:0;padding-top:0;padding-bottom:0\">\n<div class=\"wp-block-cover banner\"><span aria-hidden=\"true\" class=\"wp-block-cover__background has-background-dim-30 has-background-dim has-background-gradient\" style=\"background:linear-gradient(180deg,rgb(2,29,46) 0%,rgba(155,81,224,0) 57%)\"><\/span><img loading=\"lazy\" decoding=\"async\" width=\"2560\" height=\"1707\" src=\"https:\/\/concoursofelegancegermany.com\/wp-content\/uploads\/GutKaltenbrunn-Overview.jpg\" class=\"wp-block-cover__image-background wp-post-image\" alt=\"Gut Kaltenbrunn\" data-object-fit=\"cover\" data-object-position=\"43% 50%\" style=\"object-position:43% 50%;\" srcset=\"https:\/\/concoursofelegancegermany.com\/wp-content\/uploads\/GutKaltenbrunn-Overview.jpg 2560w, https:\/\/concoursofelegancegermany.com\/wp-content\/uploads\/GutKaltenbrunn-Overview-300x200.jpg 300w, https:\/\/concoursofelegancegermany.com\/wp-content\/uploads\/GutKaltenbrunn-Overview-1024x683.jpg 1024w, https:\/\/concoursofelegancegermany.com\/wp-content\/uploads\/GutKaltenbrunn-Overview-768x512.jpg 768w, https:\/\/concoursofelegancegermany.com\/wp-content\/uploads\/GutKaltenbrunn-Overview-1536x1024.jpg 1536w, https:\/\/concoursofelegancegermany.com\/wp-content\/uploads\/GutKaltenbrunn-Overview-2048x1366.jpg 2048w\" sizes=\"auto, (max-width: 2560px) 100vw, 2560px\" \/><div class=\"wp-block-cover__inner-container is-layout-flow wp-block-cover-is-layout-flow\">\n<div style=\"height:100px\" aria-hidden=\"true\" class=\"wp-block-spacer\"><\/div>\n<\/div><\/div>\n\n\n\n<div class=\"wp-block-group is-style-zoo-page-padding ghostkit-custom-Y7MN0 has-white-background-color has-background is-layout-constrained wp-container-core-group-is-layout-3ff9766b wp-block-group-is-layout-constrained\">\n<div class=\"wp-block-group is-layout-constrained wp-container-core-group-is-layout-d93a0af5 wp-block-group-is-layout-constrained\">\n<h1 class=\"wp-block-heading has-text-align-center\" id=\"the-concours-venue-kafer-gut-kaltenbrunn\">Der Concours Veranstaltungsort K\u00e4fer Gut Kaltenbrunn<\/h1>\n\n\n\n<p class=\"has-text-align-center\">Stilvolles Genie\u00dfen mit Blick auf den Tegernsee <\/p>\n\n\n\n<p class=\"has-text-align-center\">Hoch \u00fcber dem Tegernsee, mit freiem Blick auf den majest\u00e4tischen Wallberg, liegt Gut Kaltenbrunn &#8211; ein Ort f\u00fcr Genie\u00dfer mit Sinn f\u00fcr Qualit\u00e4t, \u00c4sthetik und Authentizit\u00e4t. Das historische Gut aus dem 15. Jahrhundert verbindet bayerisches Erbe mit moderner Kulinarik auf h\u00f6chstem Niveau.  <\/p>\n\n\n\n<p class=\"has-text-align-center\">In stilvoll restaurierten Zimmern, auf der Sonnenterrasse oder im weitl\u00e4ufigen Garten erleben Sie eine K\u00fcche, die Regionalit\u00e4t, Nachhaltigkeit und Raffinesse miteinander verbindet &#8211; mit sorgf\u00e4ltig ausgew\u00e4hlten Zutaten aus der Umgebung und kreativen Akzenten. <\/p>\n\n\n\n<p class=\"has-text-align-center\">Gut Kaltenbrunn ist mehr als nur ein Restaurant: Es ist ein R\u00fcckzugsort, ein Treffpunkt f\u00fcr besondere Anl\u00e4sse und ein idealer Rahmen f\u00fcr stilvolle Veranstaltungen, von Hochzeiten bis zu exklusiven Firmenfeiern. <\/p>\n<\/div>\n\n\n\n<figure class=\"wp-block-gallery has-nested-images columns-default is-cropped wp-block-gallery-1 is-layout-flex wp-block-gallery-is-layout-flex\">\n<figure class=\"wp-block-image size-large\"><img decoding=\"async\" data-id=\"9245\" src=\"https:\/\/concoursofelegancegermany.com\/wp-content\/uploads\/2024-07-26-Concours-Of-Elegance-&#xA9;-Miriam-Mayer-01005-1-1024x683.jpg\" alt=\"Concours of Elegance Germany What to Wear Style Guide\" class=\"wp-image-9245\"\/><\/figure>\n\n\n\n<figure class=\"wp-block-image size-large\"><img loading=\"lazy\" decoding=\"async\" width=\"1024\" height=\"683\" data-id=\"9577\" src=\"https:\/\/concoursofelegancegermany.com\/wp-content\/uploads\/53910004309_64bb02f035_o-1024x683.jpg\" alt=\"\" class=\"wp-image-9577\" srcset=\"https:\/\/concoursofelegancegermany.com\/wp-content\/uploads\/53910004309_64bb02f035_o-1024x683.jpg 1024w, https:\/\/concoursofelegancegermany.com\/wp-content\/uploads\/53910004309_64bb02f035_o-300x200.jpg 300w, https:\/\/concoursofelegancegermany.com\/wp-content\/uploads\/53910004309_64bb02f035_o-768x512.jpg 768w, https:\/\/concoursofelegancegermany.com\/wp-content\/uploads\/53910004309_64bb02f035_o-1536x1024.jpg 1536w, https:\/\/concoursofelegancegermany.com\/wp-content\/uploads\/53910004309_64bb02f035_o-2048x1365.jpg 2048w\" sizes=\"auto, (max-width: 1024px) 100vw, 1024px\" \/><\/figure>\n\n\n\n<figure class=\"wp-block-image size-large\"><img loading=\"lazy\" decoding=\"async\" width=\"1024\" height=\"683\" data-id=\"9573\" src=\"https:\/\/concoursofelegancegermany.com\/wp-content\/uploads\/53910003999_33d6a111f1_o-1024x683.jpg\" alt=\"Gut Kaltenbrunn COE Germany\" class=\"wp-image-9573\" srcset=\"https:\/\/concoursofelegancegermany.com\/wp-content\/uploads\/53910003999_33d6a111f1_o-1024x683.jpg 1024w, https:\/\/concoursofelegancegermany.com\/wp-content\/uploads\/53910003999_33d6a111f1_o-300x200.jpg 300w, https:\/\/concoursofelegancegermany.com\/wp-content\/uploads\/53910003999_33d6a111f1_o-768x512.jpg 768w, https:\/\/concoursofelegancegermany.com\/wp-content\/uploads\/53910003999_33d6a111f1_o-1536x1024.jpg 1536w, https:\/\/concoursofelegancegermany.com\/wp-content\/uploads\/53910003999_33d6a111f1_o-2048x1365.jpg 2048w\" sizes=\"auto, (max-width: 1024px) 100vw, 1024px\" \/><\/figure>\n\n\n\n<figure class=\"wp-block-image size-large\"><img loading=\"lazy\" decoding=\"async\" width=\"799\" height=\"533\" data-id=\"9369\" src=\"https:\/\/concoursofelegancegermany.com\/wp-content\/uploads\/53906648472_5e77d4e0ac_c.jpg\" alt=\"\" class=\"wp-image-9369\" srcset=\"https:\/\/concoursofelegancegermany.com\/wp-content\/uploads\/53906648472_5e77d4e0ac_c.jpg 799w, https:\/\/concoursofelegancegermany.com\/wp-content\/uploads\/53906648472_5e77d4e0ac_c-300x200.jpg 300w, https:\/\/concoursofelegancegermany.com\/wp-content\/uploads\/53906648472_5e77d4e0ac_c-768x512.jpg 768w\" sizes=\"auto, (max-width: 799px) 100vw, 799px\" \/><\/figure>\n\n\n\n<figure class=\"wp-block-image size-large\"><img loading=\"lazy\" decoding=\"async\" width=\"683\" height=\"1024\" data-id=\"9569\" src=\"https:\/\/concoursofelegancegermany.com\/wp-content\/uploads\/53908765587_12049c6bf1_o-683x1024.jpg\" alt=\"\" class=\"wp-image-9569\" srcset=\"https:\/\/concoursofelegancegermany.com\/wp-content\/uploads\/53908765587_12049c6bf1_o-683x1024.jpg 683w, https:\/\/concoursofelegancegermany.com\/wp-content\/uploads\/53908765587_12049c6bf1_o-200x300.jpg 200w, https:\/\/concoursofelegancegermany.com\/wp-content\/uploads\/53908765587_12049c6bf1_o-768x1152.jpg 768w, https:\/\/concoursofelegancegermany.com\/wp-content\/uploads\/53908765587_12049c6bf1_o-1024x1536.jpg 1024w, https:\/\/concoursofelegancegermany.com\/wp-content\/uploads\/53908765587_12049c6bf1_o-1365x2048.jpg 1365w, https:\/\/concoursofelegancegermany.com\/wp-content\/uploads\/53908765587_12049c6bf1_o-scaled.jpg 1707w\" sizes=\"auto, (max-width: 683px) 100vw, 683px\" \/><\/figure>\n\n\n\n<figure class=\"wp-block-image size-large\"><img loading=\"lazy\" decoding=\"async\" width=\"533\" height=\"799\" data-id=\"9269\" src=\"https:\/\/concoursofelegancegermany.com\/wp-content\/uploads\/Concours-Style-Inspiration-4.jpg\" alt=\"\" class=\"wp-image-9269\" srcset=\"https:\/\/concoursofelegancegermany.com\/wp-content\/uploads\/Concours-Style-Inspiration-4.jpg 533w, https:\/\/concoursofelegancegermany.com\/wp-content\/uploads\/Concours-Style-Inspiration-4-200x300.jpg 200w\" sizes=\"auto, (max-width: 533px) 100vw, 533px\" \/><\/figure>\n\n\n\n<figure class=\"wp-block-image size-large\"><img decoding=\"async\" data-id=\"8955\" src=\"https:\/\/concoursofelegancegermany.com\/wp-content\/uploads\/2024-07-26-Concours-Of-Elegance-&#xA9;-Miriam-Mayer-01609-1024x683.jpg\" alt=\"Concours of Elegance Germany 2024\" class=\"wp-image-8955\"\/><\/figure>\n<\/figure>\n\n\n\n<div class=\"ghostkit-divider ghostkit-divider-type-solid ghostkit-custom-ZmonRF\"><\/div>\n\n\n\n<div class=\"wp-block-group is-layout-constrained wp-container-core-group-is-layout-f36bc466 wp-block-group-is-layout-constrained\">\n<h2 class=\"wp-block-heading has-text-align-center\" id=\"getting-there\">ANREISE<\/h2>\n\n\n\n<p class=\"has-text-align-center\">K\u00e4fer Gut Kaltenbrunn<br\/>Kaltenbrunn <br\/>83703 Gmund<\/p>\n\n\n\n<div class=\"wp-block-buttons is-vertical is-content-justification-center is-layout-flex wp-container-core-buttons-is-layout-734eb2c2 wp-block-buttons-is-layout-flex\">\n<div class=\"wp-block-button is-style-underline\"><a class=\"wp-block-button__link wp-element-button\" href=\"https:\/\/www.feinkost-kaefer.de\/gutkaltenbrunn\" target=\"_blank\" rel=\"noreferrer noopener\">HIER GEHT ES ZUR GUT KALTENBRUNN WEBSEITE<\/a><\/div>\n\n\n\n<div class=\"wp-block-button is-style-underline\"><a class=\"wp-block-button__link wp-element-button\" href=\"https:\/\/maps.app.goo.gl\/wvPCjZo6n2s8rUMx7\" target=\"_blank\" rel=\"noreferrer noopener\">ANFAHRT (GOOGLE MAPS)<\/a><\/div>\n<\/div>\n<\/div>\n\n\n\n<div class=\"wp-block-group is-layout-constrained wp-container-core-group-is-layout-92ef7b19 wp-block-group-is-layout-constrained\">\n<p class=\"has-text-align-center\"><strong>MIT DEM BUS<\/strong>: <strong>Der n\u00e4chste Busbahnhof<\/strong><\/p>\n\n\n\n<p class=\"has-text-align-center\">Linie 366, Kaltenbrunn b. Gmund<\/p>\n<\/div>\n\n\n\n<div class=\"wp-block-group is-layout-constrained wp-container-core-group-is-layout-92ef7b19 wp-block-group-is-layout-constrained\">\n<p class=\"has-text-align-center\"><strong>MIT DEM ZUG:<\/strong> <strong>N\u00e4chstgelegener Bahnhof<\/strong><\/p>\n\n\n\n<p class=\"has-text-align-center\">Gmund <br\/>Wiesseer Str. 11 <br\/>83703 Gmund am Tegernsee <\/p>\n<\/div>\n<\/div>\n\n\n\n<div class=\"wp-block-group is-style-default has-light-grey-background-color has-background is-layout-constrained wp-container-core-group-is-layout-567ce106 wp-block-group-is-layout-constrained\" style=\"padding-top:var(--wp--preset--spacing--70);padding-bottom:var(--wp--preset--spacing--70)\">\n<figure class=\"wp-block-image aligncenter size-full has-custom-border\"><img loading=\"lazy\" decoding=\"async\" width=\"1682\" height=\"1024\" src=\"https:\/\/concoursofelegancegermany.com\/wp-content\/uploads\/Map-Kaefer-Gut-Kaltenbrunn-en.jpg\" alt=\"LANDKARTE Kaefer Gut Kaltenbrunn\" class=\"has-border-color has-background-border-color wp-image-5821\" style=\"border-width:8px\" srcset=\"https:\/\/concoursofelegancegermany.com\/wp-content\/uploads\/Map-Kaefer-Gut-Kaltenbrunn-en.jpg 1682w, https:\/\/concoursofelegancegermany.com\/wp-content\/uploads\/Map-Kaefer-Gut-Kaltenbrunn-en-300x183.jpg 300w, https:\/\/concoursofelegancegermany.com\/wp-content\/uploads\/Map-Kaefer-Gut-Kaltenbrunn-en-1024x623.jpg 1024w, https:\/\/concoursofelegancegermany.com\/wp-content\/uploads\/Map-Kaefer-Gut-Kaltenbrunn-en-768x468.jpg 768w, https:\/\/concoursofelegancegermany.com\/wp-content\/uploads\/Map-Kaefer-Gut-Kaltenbrunn-en-1536x935.jpg 1536w\" sizes=\"auto, (max-width: 1682px) 100vw, 1682px\" \/><\/figure>\n\n\n\n<div class=\"wp-block-buttons has-custom-font-size has-small-font-size is-content-justification-center is-layout-flex wp-container-core-buttons-is-layout-a89b3969 wp-block-buttons-is-layout-flex\">\n<div class=\"wp-block-button is-style-fill\"><a class=\"wp-block-button__link has-background-color has-primary-background-color has-text-color has-background has-link-color wp-element-button\" href=\"https:\/\/concoursofelegancegermany.com\/wp-content\/uploads\/Map-Kaefer-Gut-Kaltenbrunn-EN.pdf\" target=\"_blank\" rel=\"noreferrer noopener\">PDF DATEI DER KARTE HERUNTERLADEN<\/a><\/div>\n<\/div>\n<\/div>\n\n\n\n<div class=\"wp-block-group is-style-zoo-responsive-padding is-layout-constrained wp-container-core-group-is-layout-985d9e89 wp-block-group-is-layout-constrained\" style=\"padding-top:var(--wp--preset--spacing--70);padding-bottom:var(--wp--preset--spacing--70)\">\n<div class=\"ghostkit-grid ghostkit-grid-gap-md\"><div class=\"ghostkit-grid-inner\">\n<div class=\"ghostkit-col ghostkit-col-sm-12 ghostkit-col-6\"><div class=\"ghostkit-col-content is-layout-flow wp-block-ghostkit-grid-column-is-layout-flow\">                    <div\n\t\t            class=\"page-link\">\n\t\t                <div class=\"page-link_img\">\n\t\t\t<img loading=\"lazy\" decoding=\"async\" width=\"1024\" height=\"683\" src=\"https:\/\/concoursofelegancegermany.com\/wp-content\/uploads\/Veranstaltungs-Uebersicht-Bild-2-1024x683.jpg\" class=\"img-link\" alt=\"\" srcset=\"https:\/\/concoursofelegancegermany.com\/wp-content\/uploads\/Veranstaltungs-Uebersicht-Bild-2-1024x683.jpg 1024w, https:\/\/concoursofelegancegermany.com\/wp-content\/uploads\/Veranstaltungs-Uebersicht-Bild-2-300x200.jpg 300w, https:\/\/concoursofelegancegermany.com\/wp-content\/uploads\/Veranstaltungs-Uebersicht-Bild-2-768x512.jpg 768w, https:\/\/concoursofelegancegermany.com\/wp-content\/uploads\/Veranstaltungs-Uebersicht-Bild-2-1536x1024.jpg 1536w, https:\/\/concoursofelegancegermany.com\/wp-content\/uploads\/Veranstaltungs-Uebersicht-Bild-2-2048x1365.jpg 2048w\" sizes=\"auto, (max-width: 1024px) 100vw, 1024px\" \/>                <\/div>\n\t\t            <h4>EINTRITTSKARTEN<\/h4>\n\t\t                <\/div>\n\t\t<\/div><\/div>\n\n\n\n<div class=\"ghostkit-col ghostkit-col-sm-12 ghostkit-col-6\"><div class=\"ghostkit-col-content is-layout-flow wp-block-ghostkit-grid-column-is-layout-flow\">                    <div\n\t\t            class=\"page-link\">\n\t\t                <div class=\"page-link_img\">\n\t\t\t<img loading=\"lazy\" decoding=\"async\" width=\"1024\" height=\"683\" src=\"https:\/\/concoursofelegancegermany.com\/wp-content\/uploads\/LC-Gallery-1-1024x683.jpg\" class=\"img-link\" alt=\"\" srcset=\"https:\/\/concoursofelegancegermany.com\/wp-content\/uploads\/LC-Gallery-1-1024x683.jpg 1024w, https:\/\/concoursofelegancegermany.com\/wp-content\/uploads\/LC-Gallery-1-300x200.jpg 300w, https:\/\/concoursofelegancegermany.com\/wp-content\/uploads\/LC-Gallery-1-768x512.jpg 768w, https:\/\/concoursofelegancegermany.com\/wp-content\/uploads\/LC-Gallery-1-1536x1024.jpg 1536w, https:\/\/concoursofelegancegermany.com\/wp-content\/uploads\/LC-Gallery-1.jpg 1920w\" sizes=\"auto, (max-width: 1024px) 100vw, 1024px\" \/>                <\/div>\n\t\t            <h4>HOSPITALITY<\/h4>\n\t\t                <\/div>\n\t\t<\/div><\/div>\n<\/div><\/div>\n<\/div>\n<\/div>\n","protected":false},"excerpt":{"rendered":"<p>Der Concours Veranstaltungsort K\u00e4fer Gut Kaltenbrunn Stilvolles Genie\u00dfen mit Blick auf den Tegernsee Hoch \u00fcber dem Tegernsee, mit freiem Blick auf den majest\u00e4tischen Wallberg, liegt Gut Kaltenbrunn &#8211; ein Ort f\u00fcr Genie\u00dfer mit Sinn f\u00fcr Qualit\u00e4t, \u00c4sthetik und Authentizit\u00e4t. Das historische Gut aus dem 15. Jahrhundert verbindet bayerisches Erbe mit moderner Kulinarik auf h\u00f6chstem Niveau. [&hellip;]<\/p>\n","protected":false},"author":3,"featured_media":5843,"parent":0,"menu_order":0,"comment_status":"closed","ping_status":"closed","template":"","meta":{"ghostkit_customizer_options":"","ghostkit_custom_css":"","ghostkit_custom_js_head":"","ghostkit_custom_js_foot":"","ghostkit_typography":"","footnotes":""},"class_list":["post-5847","page","type-page","status-publish","has-post-thumbnail","hentry"],"meta_box":{"zoo_page_banner":"has_banner"},"_links":{"self":[{"href":"https:\/\/concoursofelegancegermany.com\/de\/wp-json\/wp\/v2\/pages\/5847","targetHints":{"allow":["GET"]}}],"collection":[{"href":"https:\/\/concoursofelegancegermany.com\/de\/wp-json\/wp\/v2\/pages"}],"about":[{"href":"https:\/\/concoursofelegancegermany.com\/de\/wp-json\/wp\/v2\/types\/page"}],"author":[{"embeddable":true,"href":"https:\/\/concoursofelegancegermany.com\/de\/wp-json\/wp\/v2\/users\/3"}],"replies":[{"embeddable":true,"href":"https:\/\/concoursofelegancegermany.com\/de\/wp-json\/wp\/v2\/comments?post=5847"}],"version-history":[{"count":8,"href":"https:\/\/concoursofelegancegermany.com\/de\/wp-json\/wp\/v2\/pages\/5847\/revisions"}],"predecessor-version":[{"id":14491,"href":"https:\/\/concoursofelegancegermany.com\/de\/wp-json\/wp\/v2\/pages\/5847\/revisions\/14491"}],"wp:featuredmedia":[{"embeddable":true,"href":"https:\/\/concoursofelegancegermany.com\/de\/wp-json\/wp\/v2\/media\/5843"}],"wp:attachment":[{"href":"https:\/\/concoursofelegancegermany.com\/de\/wp-json\/wp\/v2\/media?parent=5847"}],"curies":[{"name":"wp","href":"https:\/\/api.w.org\/{rel}","templated":true}]}}