
{"id":6743,"date":"2024-06-13T17:35:36","date_gmt":"2024-06-13T17:35:36","guid":{"rendered":"https:\/\/concoursofelegancegermany.com\/?page_id=6743"},"modified":"2024-08-08T12:05:08","modified_gmt":"2024-08-08T12:05:08","slug":"dealer-patrons-talk","status":"publish","type":"page","link":"https:\/\/concoursofelegancegermany.com\/de\/dealer-patrons-talk\/","title":{"rendered":"Dealer Patrons Talk"},"content":{"rendered":"\n<div class=\"wp-block-group alignfull is-style-default has-foreground-color has-text-color has-link-color wp-elements-ba288ca890f405d018c9301b94e34076 is-layout-flow wp-container-core-group-is-layout-8f68a2b5 wp-block-group-is-layout-flow\" style=\"margin-top:0;margin-bottom:0;padding-top:0;padding-bottom:var(--wp--preset--spacing--70)\">\n<div class=\"wp-block-cover alignfull banner\"><span aria-hidden=\"true\" class=\"wp-block-cover__background has-background-dim-30 has-background-dim wp-block-cover__gradient-background has-background-gradient\" style=\"background:linear-gradient(180deg,rgb(4,99,51) 0%,rgba(255,255,255,0) 34%)\"><\/span><img loading=\"lazy\" decoding=\"async\" width=\"2560\" height=\"1707\" class=\"wp-block-cover__image-background wp-image-8717\" alt=\"\" src=\"https:\/\/concoursofelegancegermany.com\/wp-content\/uploads\/Feature-Dealer-Patrons-Talk-Merceds-Gullwing.jpg\" style=\"object-position:48% 79%\" data-object-fit=\"cover\" data-object-position=\"48% 79%\" srcset=\"https:\/\/concoursofelegancegermany.com\/wp-content\/uploads\/Feature-Dealer-Patrons-Talk-Merceds-Gullwing.jpg 2560w, https:\/\/concoursofelegancegermany.com\/wp-content\/uploads\/Feature-Dealer-Patrons-Talk-Merceds-Gullwing-300x200.jpg 300w, https:\/\/concoursofelegancegermany.com\/wp-content\/uploads\/Feature-Dealer-Patrons-Talk-Merceds-Gullwing-1024x683.jpg 1024w, https:\/\/concoursofelegancegermany.com\/wp-content\/uploads\/Feature-Dealer-Patrons-Talk-Merceds-Gullwing-768x512.jpg 768w, https:\/\/concoursofelegancegermany.com\/wp-content\/uploads\/Feature-Dealer-Patrons-Talk-Merceds-Gullwing-1536x1024.jpg 1536w, https:\/\/concoursofelegancegermany.com\/wp-content\/uploads\/Feature-Dealer-Patrons-Talk-Merceds-Gullwing-2048x1366.jpg 2048w\" sizes=\"auto, (max-width: 2560px) 100vw, 2560px\" \/><div class=\"wp-block-cover__inner-container is-layout-flow wp-block-cover-is-layout-flow\">\n<div style=\"height:100px\" aria-hidden=\"true\" class=\"wp-block-spacer\"><\/div>\n<\/div><\/div>\n\n\n\n<div class=\"wp-block-group is-style-zoo-page-padding is-layout-constrained wp-container-core-group-is-layout-c235e89b wp-block-group-is-layout-constrained\" style=\"padding-top:var(--wp--preset--spacing--70);padding-right:var(--wp--preset--spacing--70);padding-bottom:var(--wp--preset--spacing--40);padding-left:var(--wp--preset--spacing--70)\">\n<h1 class=\"wp-block-heading has-text-align-center\" id=\"dealer-patron-talks\">Auf den Fl\u00fcgeln der Exzellenz<\/h1>\n\n\n\n<div class=\"wp-block-group is-layout-constrained wp-container-core-group-is-layout-19e250f3 wp-block-group-is-layout-constrained\">\n<p class=\"has-text-align-center\"><strong>Wir feiern 70 Jahre des legend\u00e4ren Mercedes-Fl\u00fcgelt\u00fcrers<\/strong><\/p>\n\n\n\n<p class=\"has-text-align-center\"><strong><em>Nur Fliegen ist besser.<\/em><\/strong><\/p>\n\n\n\n<h2 class=\"wp-block-heading has-text-align-center has-primary-color has-text-color has-link-color wp-elements-2960fa0d0ec34458c094a7e508f0b973\" id=\"dealer-patron-talks\">Freitag, 26. Juli, 11:30 Uhr<\/h2>\n<\/div>\n<\/div>\n\n\n\n<div class=\"wp-block-group is-style-zoo-page-padding is-layout-constrained wp-container-core-group-is-layout-dcb918e5 wp-block-group-is-layout-constrained\" style=\"padding-top:var(--wp--preset--spacing--10);padding-right:var(--wp--preset--spacing--70);padding-bottom:var(--wp--preset--spacing--20);padding-left:var(--wp--preset--spacing--70)\">\n<p class=\"has-text-align-center\">Vor siebzig Jahren wurde eine Legende geboren. Der Mercedes-Benz 300 SL Fl\u00fcgelt\u00fcrer mit seinen ikonischen, nach oben \u00f6ffnenden T\u00fcren und seiner revolution\u00e4ren Technik eroberte die Herzen der Autoliebhaber und definierte eine \u00c4ra der automobilen Spitzenleistung. Wenn wir diesen bemerkenswerten Meilenstein feiern, ehren wir nicht nur ein Auto, sondern ein Meisterwerk der Innovation und des Designs, das die Zeit \u00fcberdauert hat.<\/p>\n\n\n\n<p class=\"has-text-align-center\">Die Geschichte des Fl\u00fcgelt\u00fcrers ist eine Geschichte der Leidenschaft und des Einfallsreichtums. Als er 1954 auf den Markt kam, war er nicht einfach nur ein Auto, er war ein Statement. Seine schnittige Silhouette und seine unvergleichliche Leistung setzten neue Ma\u00dfst\u00e4be und wurden zu einem Leuchtturm f\u00fcr das Engagement von Mercedes-Benz f\u00fcr Spitzentechnologie und Luxus.<\/p>\n\n\n\n<p class=\"has-text-align-center\">\u00dcber die Jahrzehnte hinweg ist der 300 SL Fl\u00fcgelt\u00fcrer ein Symbol f\u00fcr Prestige und eine Inspiration f\u00fcr k\u00fcnftige Generationen geblieben. Sein Erbe beeinflusst weiterhin das moderne Design und erinnert uns daran, dass wahre Gr\u00f6\u00dfe zeitlos ist.<\/p>\n\n\n\n<p class=\"has-text-align-center\">Feiern Sie mit uns 70 Jahre Mercedes-Benz 300 SL Fl\u00fcgelt\u00fcrer, ein Zeugnis des unerm\u00fcdlichen Strebens nach Perfektion und des Innovationsgeistes. Auf die Vergangenheit, Gegenwart und Zukunft einer Automobilikone.<\/p>\n<\/div>\n\n\n\n<div class=\"wp-block-group is-style-zoo-page-padding is-layout-constrained wp-container-core-group-is-layout-0eb6cb39 wp-block-group-is-layout-constrained\" style=\"padding-top:var(--wp--preset--spacing--30);padding-right:var(--wp--preset--spacing--70);padding-bottom:var(--wp--preset--spacing--30);padding-left:var(--wp--preset--spacing--70)\">\n<div class=\"ghostkit-divider ghostkit-divider-type-solid ghostkit-custom-11T2Mg\"><\/div>\n\n\n\n<h1 class=\"wp-block-heading has-text-align-center ghostkit-custom-Z1dMhv2\" id=\"dealer-patron-talks\">Concours Gullwing Klasse Preview<\/h1>\n\n\n\n<div class=\"wp-block-group is-layout-constrained wp-container-core-group-is-layout-5a30f31b wp-block-group-is-layout-constrained\">\n<div class=\"ghostkit-grid ghostkit-grid-gap-sm\"><div class=\"ghostkit-grid-inner\">\n<div class=\"ghostkit-col ghostkit-col-md-12 ghostkit-col-6\"><div class=\"ghostkit-col-content is-layout-flow wp-block-ghostkit-grid-column-is-layout-flow\">\n<figure class=\"wp-block-image size-large\"><img loading=\"lazy\" decoding=\"async\" width=\"1024\" height=\"682\" src=\"https:\/\/concoursofelegancegermany.com\/wp-content\/uploads\/Mercedes-Benz-Gullwing-Dealer-Talks-2-1024x682.jpg\" alt=\"Mercedes Benz Gullwing\" class=\"wp-image-6709\" srcset=\"https:\/\/concoursofelegancegermany.com\/wp-content\/uploads\/Mercedes-Benz-Gullwing-Dealer-Talks-2-1024x682.jpg 1024w, https:\/\/concoursofelegancegermany.com\/wp-content\/uploads\/Mercedes-Benz-Gullwing-Dealer-Talks-2-300x200.jpg 300w, https:\/\/concoursofelegancegermany.com\/wp-content\/uploads\/Mercedes-Benz-Gullwing-Dealer-Talks-2-768x512.jpg 768w, https:\/\/concoursofelegancegermany.com\/wp-content\/uploads\/Mercedes-Benz-Gullwing-Dealer-Talks-2-1536x1023.jpg 1536w, https:\/\/concoursofelegancegermany.com\/wp-content\/uploads\/Mercedes-Benz-Gullwing-Dealer-Talks-2.jpg 1600w\" sizes=\"auto, (max-width: 1024px) 100vw, 1024px\" \/><\/figure>\n\n\n\n<p class=\"has-text-align-center\"><em> Image credit \u00a9 HK-Engineering<\/em><\/p>\n<\/div><\/div>\n\n\n\n<div class=\"ghostkit-col ghostkit-col-md-12 ghostkit-col-6\"><div class=\"ghostkit-col-content is-layout-flow wp-block-ghostkit-grid-column-is-layout-flow\">\n<figure class=\"wp-block-image size-large\"><img loading=\"lazy\" decoding=\"async\" width=\"1024\" height=\"682\" src=\"https:\/\/concoursofelegancegermany.com\/wp-content\/uploads\/Mercedes-Benz-Gullwing-Dealer-Talks-1-1024x682.jpg\" alt=\"Mercedes Benz Gullwing\" class=\"wp-image-6705\" srcset=\"https:\/\/concoursofelegancegermany.com\/wp-content\/uploads\/Mercedes-Benz-Gullwing-Dealer-Talks-1-1024x682.jpg 1024w, https:\/\/concoursofelegancegermany.com\/wp-content\/uploads\/Mercedes-Benz-Gullwing-Dealer-Talks-1-300x200.jpg 300w, https:\/\/concoursofelegancegermany.com\/wp-content\/uploads\/Mercedes-Benz-Gullwing-Dealer-Talks-1-768x512.jpg 768w, https:\/\/concoursofelegancegermany.com\/wp-content\/uploads\/Mercedes-Benz-Gullwing-Dealer-Talks-1-1536x1023.jpg 1536w, https:\/\/concoursofelegancegermany.com\/wp-content\/uploads\/Mercedes-Benz-Gullwing-Dealer-Talks-1.jpg 1600w\" sizes=\"auto, (max-width: 1024px) 100vw, 1024px\" \/><\/figure>\n\n\n\n<p class=\"has-text-align-center\"><em> Image credit \u00a9 HK-Engineering<\/em><\/p>\n<\/div><\/div>\n<\/div><\/div>\n\n\n\n<div class=\"ghostkit-grid ghostkit-grid-gap-sm\"><div class=\"ghostkit-grid-inner\">\n<div class=\"ghostkit-col ghostkit-col-md-12 ghostkit-col-6\"><div class=\"ghostkit-col-content is-layout-flow wp-block-ghostkit-grid-column-is-layout-flow\">\n<figure class=\"wp-block-image aligncenter size-large\"><img loading=\"lazy\" decoding=\"async\" width=\"1024\" height=\"588\" src=\"https:\/\/concoursofelegancegermany.com\/wp-content\/uploads\/1954-Mercedes-Gullwing-1024x588.jpg\" alt=\"1954 Mercedes Gullwing\" class=\"wp-image-7217\" srcset=\"https:\/\/concoursofelegancegermany.com\/wp-content\/uploads\/1954-Mercedes-Gullwing-1024x588.jpg 1024w, https:\/\/concoursofelegancegermany.com\/wp-content\/uploads\/1954-Mercedes-Gullwing-300x172.jpg 300w, https:\/\/concoursofelegancegermany.com\/wp-content\/uploads\/1954-Mercedes-Gullwing-768x441.jpg 768w, https:\/\/concoursofelegancegermany.com\/wp-content\/uploads\/1954-Mercedes-Gullwing-1536x881.jpg 1536w, https:\/\/concoursofelegancegermany.com\/wp-content\/uploads\/1954-Mercedes-Gullwing.jpg 1600w\" sizes=\"auto, (max-width: 1024px) 100vw, 1024px\" \/><\/figure>\n\n\n\n<p class=\"has-text-align-center\"><em> Image credit \u00a9 HK-Engineering<\/em><\/p>\n<\/div><\/div>\n\n\n\n<div class=\"ghostkit-col ghostkit-col-md-12 ghostkit-col-6\"><div class=\"ghostkit-col-content is-layout-flow wp-block-ghostkit-grid-column-is-layout-flow\">\n<figure class=\"wp-block-image aligncenter size-large\"><img loading=\"lazy\" decoding=\"async\" width=\"1024\" height=\"588\" src=\"https:\/\/concoursofelegancegermany.com\/wp-content\/uploads\/1954-Mercedes-Gullwing-SL-1024x588.jpg\" alt=\"\" class=\"wp-image-7221\" srcset=\"https:\/\/concoursofelegancegermany.com\/wp-content\/uploads\/1954-Mercedes-Gullwing-SL-1024x588.jpg 1024w, https:\/\/concoursofelegancegermany.com\/wp-content\/uploads\/1954-Mercedes-Gullwing-SL-300x172.jpg 300w, https:\/\/concoursofelegancegermany.com\/wp-content\/uploads\/1954-Mercedes-Gullwing-SL-768x441.jpg 768w, https:\/\/concoursofelegancegermany.com\/wp-content\/uploads\/1954-Mercedes-Gullwing-SL-1536x881.jpg 1536w, https:\/\/concoursofelegancegermany.com\/wp-content\/uploads\/1954-Mercedes-Gullwing-SL.jpg 1600w\" sizes=\"auto, (max-width: 1024px) 100vw, 1024px\" \/><\/figure>\n\n\n\n<p class=\"has-text-align-center\"><em> Image credit \u00a9 Mercedes Classic<\/em><\/p>\n<\/div><\/div>\n<\/div><\/div>\n\n\n\n<div class=\"ghostkit-grid ghostkit-grid-gap-sm\"><div class=\"ghostkit-grid-inner\">\n<div class=\"ghostkit-col ghostkit-col-md-12 ghostkit-col-6\"><div class=\"ghostkit-col-content is-layout-flow wp-block-ghostkit-grid-column-is-layout-flow\">\n<figure class=\"wp-block-image aligncenter size-large\"><img loading=\"lazy\" decoding=\"async\" width=\"1024\" height=\"682\" src=\"https:\/\/concoursofelegancegermany.com\/wp-content\/uploads\/Mercedes-Benz-Gullwing-Red-1024x682.jpg\" alt=\"Mercedes Benz Gullwing Red\" class=\"wp-image-7899\" srcset=\"https:\/\/concoursofelegancegermany.com\/wp-content\/uploads\/Mercedes-Benz-Gullwing-Red-1024x682.jpg 1024w, https:\/\/concoursofelegancegermany.com\/wp-content\/uploads\/Mercedes-Benz-Gullwing-Red-300x200.jpg 300w, https:\/\/concoursofelegancegermany.com\/wp-content\/uploads\/Mercedes-Benz-Gullwing-Red-768x512.jpg 768w, https:\/\/concoursofelegancegermany.com\/wp-content\/uploads\/Mercedes-Benz-Gullwing-Red-1536x1023.jpg 1536w, https:\/\/concoursofelegancegermany.com\/wp-content\/uploads\/Mercedes-Benz-Gullwing-Red.jpg 1600w\" sizes=\"auto, (max-width: 1024px) 100vw, 1024px\" \/><\/figure>\n\n\n\n<p class=\"has-text-align-center\"><em>image \u00a9 Private Collection<\/em><\/p>\n<\/div><\/div>\n\n\n\n<div class=\"ghostkit-col ghostkit-col-md-12 ghostkit-col-6\"><div class=\"ghostkit-col-content is-layout-flow wp-block-ghostkit-grid-column-is-layout-flow\">\n<figure class=\"wp-block-image aligncenter size-large\"><img loading=\"lazy\" decoding=\"async\" width=\"1024\" height=\"682\" src=\"https:\/\/concoursofelegancegermany.com\/wp-content\/uploads\/Mercedes-Benz-Gullwing-Dash-1024x682.jpg\" alt=\"Mercedes Benz Gullwing Dash\" class=\"wp-image-7905\" srcset=\"https:\/\/concoursofelegancegermany.com\/wp-content\/uploads\/Mercedes-Benz-Gullwing-Dash-1024x682.jpg 1024w, https:\/\/concoursofelegancegermany.com\/wp-content\/uploads\/Mercedes-Benz-Gullwing-Dash-300x200.jpg 300w, https:\/\/concoursofelegancegermany.com\/wp-content\/uploads\/Mercedes-Benz-Gullwing-Dash-768x512.jpg 768w, https:\/\/concoursofelegancegermany.com\/wp-content\/uploads\/Mercedes-Benz-Gullwing-Dash-1536x1023.jpg 1536w, https:\/\/concoursofelegancegermany.com\/wp-content\/uploads\/Mercedes-Benz-Gullwing-Dash.jpg 1600w\" sizes=\"auto, (max-width: 1024px) 100vw, 1024px\" \/><\/figure>\n\n\n\n<p class=\"has-text-align-center\"><em>image \u00a9 Private Collection<\/em><\/p>\n<\/div><\/div>\n<\/div><\/div>\n<\/div>\n<\/div>\n\n\n\n<div class=\"wp-block-group is-style-zoo-page-padding is-layout-constrained wp-container-core-group-is-layout-0eb6cb39 wp-block-group-is-layout-constrained\" style=\"padding-top:var(--wp--preset--spacing--30);padding-right:var(--wp--preset--spacing--70);padding-bottom:var(--wp--preset--spacing--30);padding-left:var(--wp--preset--spacing--70)\"><\/div>\n<\/div>\n","protected":false},"excerpt":{"rendered":"<p>Auf den Fl\u00fcgeln der Exzellenz Wir feiern 70 Jahre des legend\u00e4ren Mercedes-Fl\u00fcgelt\u00fcrers Nur Fliegen ist besser. Freitag, 26. Juli, 11:30 Uhr Vor siebzig Jahren wurde eine Legende geboren. Der Mercedes-Benz 300 SL Fl\u00fcgelt\u00fcrer mit seinen ikonischen, nach oben \u00f6ffnenden T\u00fcren und seiner revolution\u00e4ren Technik eroberte die Herzen der Autoliebhaber und definierte eine \u00c4ra der automobilen [&hellip;]<\/p>\n","protected":false},"author":3,"featured_media":6635,"parent":0,"menu_order":0,"comment_status":"closed","ping_status":"closed","template":"","meta":{"ghostkit_customizer_options":"","ghostkit_custom_css":"","ghostkit_custom_js_head":"","ghostkit_custom_js_foot":"","ghostkit_typography":"","footnotes":""},"class_list":["post-6743","page","type-page","status-publish","has-post-thumbnail","hentry"],"meta_box":{"zoo_page_banner":""},"_links":{"self":[{"href":"https:\/\/concoursofelegancegermany.com\/de\/wp-json\/wp\/v2\/pages\/6743","targetHints":{"allow":["GET"]}}],"collection":[{"href":"https:\/\/concoursofelegancegermany.com\/de\/wp-json\/wp\/v2\/pages"}],"about":[{"href":"https:\/\/concoursofelegancegermany.com\/de\/wp-json\/wp\/v2\/types\/page"}],"author":[{"embeddable":true,"href":"https:\/\/concoursofelegancegermany.com\/de\/wp-json\/wp\/v2\/users\/3"}],"replies":[{"embeddable":true,"href":"https:\/\/concoursofelegancegermany.com\/de\/wp-json\/wp\/v2\/comments?post=6743"}],"version-history":[{"count":17,"href":"https:\/\/concoursofelegancegermany.com\/de\/wp-json\/wp\/v2\/pages\/6743\/revisions"}],"predecessor-version":[{"id":9091,"href":"https:\/\/concoursofelegancegermany.com\/de\/wp-json\/wp\/v2\/pages\/6743\/revisions\/9091"}],"wp:featuredmedia":[{"embeddable":true,"href":"https:\/\/concoursofelegancegermany.com\/de\/wp-json\/wp\/v2\/media\/6635"}],"wp:attachment":[{"href":"https:\/\/concoursofelegancegermany.com\/de\/wp-json\/wp\/v2\/media?parent=6743"}],"curies":[{"name":"wp","href":"https:\/\/api.w.org\/{rel}","templated":true}]}}