
{"id":9855,"date":"2024-08-23T13:20:33","date_gmt":"2024-08-23T13:20:33","guid":{"rendered":"https:\/\/concoursofelegancegermany.com\/kommerzielle-moeglichkeiten\/"},"modified":"2025-11-20T15:43:36","modified_gmt":"2025-11-20T15:43:36","slug":"kommerzielle-moeglichkeiten","status":"publish","type":"page","link":"https:\/\/concoursofelegancegermany.com\/de\/kommerzielle-moeglichkeiten\/","title":{"rendered":"Sponsoring M\u00f6glichkeiten"},"content":{"rendered":"\n<div class=\"wp-block-group alignfull is-style-default has-foreground-color has-text-color has-link-color wp-elements-46e32bacda7cd3f60ea39cef42d6f103 is-layout-flow wp-container-core-group-is-layout-a70f80f3 wp-block-group-is-layout-flow\" style=\"margin-top:0;margin-bottom:0;padding-top:0;padding-bottom:0\">\n<div class=\"wp-block-cover banner\"><img loading=\"lazy\" decoding=\"async\" width=\"2560\" height=\"1707\" class=\"wp-block-cover__image-background wp-image-9627\" alt=\"\" src=\"https:\/\/concoursofelegancegermany.com\/wp-content\/uploads\/Feature-Concours-of-Elegance-Germany-Commerical-Opportunities.jpg\" data-object-fit=\"cover\" srcset=\"https:\/\/concoursofelegancegermany.com\/wp-content\/uploads\/Feature-Concours-of-Elegance-Germany-Commerical-Opportunities.jpg 2560w, https:\/\/concoursofelegancegermany.com\/wp-content\/uploads\/Feature-Concours-of-Elegance-Germany-Commerical-Opportunities-300x200.jpg 300w, https:\/\/concoursofelegancegermany.com\/wp-content\/uploads\/Feature-Concours-of-Elegance-Germany-Commerical-Opportunities-1024x683.jpg 1024w, https:\/\/concoursofelegancegermany.com\/wp-content\/uploads\/Feature-Concours-of-Elegance-Germany-Commerical-Opportunities-768x512.jpg 768w, https:\/\/concoursofelegancegermany.com\/wp-content\/uploads\/Feature-Concours-of-Elegance-Germany-Commerical-Opportunities-1536x1024.jpg 1536w, https:\/\/concoursofelegancegermany.com\/wp-content\/uploads\/Feature-Concours-of-Elegance-Germany-Commerical-Opportunities-2048x1366.jpg 2048w\" sizes=\"auto, (max-width: 2560px) 100vw, 2560px\" \/><span aria-hidden=\"true\" class=\"wp-block-cover__background has-background-dim-40 has-background-dim wp-block-cover__gradient-background has-background-gradient\" style=\"background:linear-gradient(180deg,rgb(5,19,123) 0%,rgba(0,0,0,0) 27%)\"><\/span><div class=\"wp-block-cover__inner-container is-layout-flow wp-block-cover-is-layout-flow\">\n<div style=\"height:100px\" aria-hidden=\"true\" class=\"wp-block-spacer\"><\/div>\n<\/div><\/div>\n\n\n\n<div class=\"wp-block-group ghostkit-custom-Y7MN0 is-style-default has-white-background-color has-background is-layout-constrained wp-container-core-group-is-layout-26578c0a wp-block-group-is-layout-constrained\" style=\"padding-top:100px;padding-bottom:var(--wp--preset--spacing--50)\">\n<div class=\"wp-block-group is-style-default is-layout-constrained wp-container-core-group-is-layout-92ef7b19 wp-block-group-is-layout-constrained\">\n<h1 class=\"wp-block-heading has-text-align-center\" id=\"a-wide-range-of-opportunities\">VIELF\u00c4LTIGE M\u00d6GLICHKEITEN<\/h1>\n\n\n\n<p class=\"has-text-align-center\">Der Concours of Elegance Germany bietet Fahrzeugherstellern und Luxusmarken Partnern vielf\u00e4ltige M\u00f6glichkeiten, mit unserem Publikum aus verm\u00f6genden Fachleuten, VIP G\u00e4sten, und Fahrzeugbesitzern in Kontakt zu treten und die Marke und Produkte wirkungsvoll optimal zu pr\u00e4sentieren.<\/p>\n\n\n\n<p class=\"has-text-align-center\">Wir haben Ausstellerpakete f\u00fcr Luxusmarkeninhaber, Uhrenhersteller, Modeh\u00e4user, Automobilkunst, Automobilhersteller und spezialisierte Autoh\u00e4ndler zusammengestellt.<\/p>\n\n\n\n<p class=\"has-text-align-center\">Sponsoring ist im gesamten Veranstaltungsprogramm m\u00f6glich, von Presenting Partner bis hin zu ma\u00dfgeschneiderten Klassenpaketen. Dar\u00fcber hinaus bieten wir im Zentrum des Concours eine breite Palette an Gastfreundschaftsangeboten, damit Sie Ihre gesch\u00e4tzte Kundschaft unterhalten k\u00f6nnen. <\/p>\n\n\n\n<p class=\"has-text-align-center\">Um mehr dar\u00fcber zu erfahren, wie Ihr Unternehmen sich engagieren kann, wenden Sie sich an:<\/p>\n\n\n\n<div class=\"wp-block-group is-layout-constrained wp-container-core-group-is-layout-540b4f34 wp-block-group-is-layout-constrained\" style=\"margin-top:var(--wp--preset--spacing--40)\">\n<p class=\"has-text-align-center\"><strong>Sascha Aberle<\/strong>, Projektleiter<\/p>\n\n\n\n<p class=\"has-text-align-center\"><a href=\"mailto:sascha@thoroughevents.co.uk\" rel=\"nofollow\"><mark style=\"background-color:rgba(0, 0, 0, 0)\" class=\"has-inline-color has-foreground-color\">sascha@thoroughevents.co.uk<\/mark><\/a> <mark style=\"background-color:rgba(0, 0, 0, 0)\" class=\"has-inline-color has-mid-grey-color\">|<\/mark> Tel: <a href=\"tel:+49-157-71351711\"><mark style=\"background-color:rgba(0, 0, 0, 0)\" class=\"has-inline-color has-foreground-color\">+49 157 71351711<\/mark><\/a> <\/p>\n<\/div>\n<\/div>\n\n\n\n<div class=\"wp-block-group is-layout-constrained wp-container-core-group-is-layout-bea02a06 wp-block-group-is-layout-constrained\">\n<div class=\"ghostkit-divider ghostkit-divider-type-solid ghostkit-custom-Dqk36\"><\/div>\n<\/div>\n\n\n\n<div class=\"wp-block-group ghostkit-custom-1daA7i is-style-zoo-responsive-padding has-white-background-color has-background is-layout-constrained wp-container-core-group-is-layout-f0090d87 wp-block-group-is-layout-constrained\">\n<blockquote class=\"wp-block-quote is-layout-flow wp-block-quote-is-layout-flow\">\n<p class=\"has-text-align-center\">&#8222;<em>Unsere Er\u00f6ffnungsveranstaltung hier am Tegernsee und Gastgastst\u00e4tte Gut Kaltenbrunn war ein gro\u00dfartiges Treffen von wirklich herausragenden Automobilen und Menschen.&#8220;<\/em><\/p>\n\n\n\n<h2 class=\"wp-block-heading has-text-align-center has-gold-color has-text-color has-link-color has-medium-font-size wp-elements-60b7db5aa7bcaaad8604194a428bfaf3\" id=\"jp-rathgen-honorary-concours-director-2024-and-ceo-of-classic-driver\">JP Rathgen, <strong>Ehrendirektor des Concours 2024<\/strong> und CEO von Classic Driver<\/h2>\n<\/blockquote>\n<\/div>\n<\/div>\n\n\n\n<div class=\"wp-block-group is-style-zoo-responsive-padding ghostkit-custom-Z2ih3Mr has-white-background-color has-background is-layout-constrained wp-container-core-group-is-layout-014b7377 wp-block-group-is-layout-constrained\" style=\"padding-bottom:150px\">\n<div class=\"ghostkit-grid ghostkit-grid-gap-sm\"><div class=\"ghostkit-grid-inner\">\n<div class=\"ghostkit-col ghostkit-col-md-12 ghostkit-col-lg-6 ghostkit-col-6\"><div class=\"ghostkit-col-content is-layout-flow wp-block-ghostkit-grid-column-is-layout-flow\">\n<figure class=\"wp-block-image size-full\"><img loading=\"lazy\" decoding=\"async\" width=\"1480\" height=\"1040\" src=\"https:\/\/concoursofelegancegermany.com\/wp-content\/uploads\/Commercial-Opportunities-Ferraris-Image-1.jpg\" alt=\"Kommerzielle M&#xF6;glichkeiten Ferraris\" class=\"wp-image-9633\" style=\"aspect-ratio:3\/2;object-fit:cover\" srcset=\"https:\/\/concoursofelegancegermany.com\/wp-content\/uploads\/Commercial-Opportunities-Ferraris-Image-1.jpg 1480w, https:\/\/concoursofelegancegermany.com\/wp-content\/uploads\/Commercial-Opportunities-Ferraris-Image-1-300x211.jpg 300w, https:\/\/concoursofelegancegermany.com\/wp-content\/uploads\/Commercial-Opportunities-Ferraris-Image-1-1024x720.jpg 1024w, https:\/\/concoursofelegancegermany.com\/wp-content\/uploads\/Commercial-Opportunities-Ferraris-Image-1-768x540.jpg 768w\" sizes=\"auto, (max-width: 1480px) 100vw, 1480px\" \/><\/figure>\n<\/div><\/div>\n\n\n\n<div class=\"ghostkit-col ghostkit-col-md-12 ghostkit-col-lg-6 ghostkit-col-6\"><div class=\"ghostkit-col-content is-layout-flow wp-block-ghostkit-grid-column-is-layout-flow\">\n<figure class=\"wp-block-image size-full\"><img loading=\"lazy\" decoding=\"async\" width=\"1480\" height=\"1040\" src=\"https:\/\/concoursofelegancegermany.com\/wp-content\/uploads\/Commercial-Opportunities-Image-2.jpg\" alt=\"Sponsoring M&#xF6;glichkeiten\" class=\"wp-image-9637\" style=\"aspect-ratio:3\/2;object-fit:cover\" srcset=\"https:\/\/concoursofelegancegermany.com\/wp-content\/uploads\/Commercial-Opportunities-Image-2.jpg 1480w, https:\/\/concoursofelegancegermany.com\/wp-content\/uploads\/Commercial-Opportunities-Image-2-300x211.jpg 300w, https:\/\/concoursofelegancegermany.com\/wp-content\/uploads\/Commercial-Opportunities-Image-2-1024x720.jpg 1024w, https:\/\/concoursofelegancegermany.com\/wp-content\/uploads\/Commercial-Opportunities-Image-2-768x540.jpg 768w\" sizes=\"auto, (max-width: 1480px) 100vw, 1480px\" \/><\/figure>\n<\/div><\/div>\n\n\n\n<div class=\"ghostkit-col ghostkit-col-md-12 ghostkit-col-lg-6 ghostkit-col-6\"><div class=\"ghostkit-col-content is-layout-flow wp-block-ghostkit-grid-column-is-layout-flow\">\n<figure class=\"wp-block-image size-full\"><img loading=\"lazy\" decoding=\"async\" width=\"1480\" height=\"1040\" src=\"https:\/\/concoursofelegancegermany.com\/wp-content\/uploads\/Commercial-Opportunities-BMWs-Image-3.jpg\" alt=\"Kommerzielle M&#xF6;glichkeiten BMWs\" class=\"wp-image-9641\" style=\"aspect-ratio:3\/2;object-fit:cover\" srcset=\"https:\/\/concoursofelegancegermany.com\/wp-content\/uploads\/Commercial-Opportunities-BMWs-Image-3.jpg 1480w, https:\/\/concoursofelegancegermany.com\/wp-content\/uploads\/Commercial-Opportunities-BMWs-Image-3-300x211.jpg 300w, https:\/\/concoursofelegancegermany.com\/wp-content\/uploads\/Commercial-Opportunities-BMWs-Image-3-1024x720.jpg 1024w, https:\/\/concoursofelegancegermany.com\/wp-content\/uploads\/Commercial-Opportunities-BMWs-Image-3-768x540.jpg 768w\" sizes=\"auto, (max-width: 1480px) 100vw, 1480px\" \/><\/figure>\n<\/div><\/div>\n\n\n\n<div class=\"ghostkit-col ghostkit-col-md-12 ghostkit-col-lg-6 ghostkit-col-6\"><div class=\"ghostkit-col-content is-layout-flow wp-block-ghostkit-grid-column-is-layout-flow\">\n<figure class=\"wp-block-image size-full\"><img loading=\"lazy\" decoding=\"async\" width=\"1480\" height=\"1040\" src=\"https:\/\/concoursofelegancegermany.com\/wp-content\/uploads\/Commercial-Opportunities-Image-4.jpg\" alt=\"Kommerzielle M&#xF6;glichkeiten F. ZUG\" class=\"wp-image-9645\" style=\"aspect-ratio:3\/2;object-fit:cover\" srcset=\"https:\/\/concoursofelegancegermany.com\/wp-content\/uploads\/Commercial-Opportunities-Image-4.jpg 1480w, https:\/\/concoursofelegancegermany.com\/wp-content\/uploads\/Commercial-Opportunities-Image-4-300x211.jpg 300w, https:\/\/concoursofelegancegermany.com\/wp-content\/uploads\/Commercial-Opportunities-Image-4-1024x720.jpg 1024w, https:\/\/concoursofelegancegermany.com\/wp-content\/uploads\/Commercial-Opportunities-Image-4-768x540.jpg 768w\" sizes=\"auto, (max-width: 1480px) 100vw, 1480px\" \/><\/figure>\n<\/div><\/div>\n\n\n\n<div class=\"ghostkit-col ghostkit-col-md-12 ghostkit-col-lg-6 ghostkit-col-6\"><div class=\"ghostkit-col-content is-layout-flow wp-block-ghostkit-grid-column-is-layout-flow\">\n<figure class=\"wp-block-image size-full\"><img loading=\"lazy\" decoding=\"async\" width=\"1480\" height=\"1040\" src=\"https:\/\/concoursofelegancegermany.com\/wp-content\/uploads\/Commercial-Opportunities-Gentlemens-Corner-Image-5.jpg\" alt=\"Kommerzielle M&#xF6;glichkeiten The Gentleman's Corner\" class=\"wp-image-9649\" style=\"aspect-ratio:3\/2;object-fit:cover\" srcset=\"https:\/\/concoursofelegancegermany.com\/wp-content\/uploads\/Commercial-Opportunities-Gentlemens-Corner-Image-5.jpg 1480w, https:\/\/concoursofelegancegermany.com\/wp-content\/uploads\/Commercial-Opportunities-Gentlemens-Corner-Image-5-300x211.jpg 300w, https:\/\/concoursofelegancegermany.com\/wp-content\/uploads\/Commercial-Opportunities-Gentlemens-Corner-Image-5-1024x720.jpg 1024w, https:\/\/concoursofelegancegermany.com\/wp-content\/uploads\/Commercial-Opportunities-Gentlemens-Corner-Image-5-768x540.jpg 768w\" sizes=\"auto, (max-width: 1480px) 100vw, 1480px\" \/><\/figure>\n<\/div><\/div>\n\n\n\n<div class=\"ghostkit-col ghostkit-col-md-12 ghostkit-col-lg-6 ghostkit-col-6\"><div class=\"ghostkit-col-content is-layout-flow wp-block-ghostkit-grid-column-is-layout-flow\">\n<figure class=\"wp-block-image size-full\"><img loading=\"lazy\" decoding=\"async\" width=\"1480\" height=\"1070\" src=\"https:\/\/concoursofelegancegermany.com\/wp-content\/uploads\/Commercial-Opportunities-Image-6.jpg\" alt=\"Sponsoring M&#xF6;glichkeiten\" class=\"wp-image-9653\" style=\"aspect-ratio:3\/2;object-fit:cover\" srcset=\"https:\/\/concoursofelegancegermany.com\/wp-content\/uploads\/Commercial-Opportunities-Image-6.jpg 1480w, https:\/\/concoursofelegancegermany.com\/wp-content\/uploads\/Commercial-Opportunities-Image-6-300x217.jpg 300w, https:\/\/concoursofelegancegermany.com\/wp-content\/uploads\/Commercial-Opportunities-Image-6-1024x740.jpg 1024w, https:\/\/concoursofelegancegermany.com\/wp-content\/uploads\/Commercial-Opportunities-Image-6-768x555.jpg 768w\" sizes=\"auto, (max-width: 1480px) 100vw, 1480px\" \/><\/figure>\n<\/div><\/div>\n<\/div><\/div>\n<\/div>\n<\/div>\n","protected":false},"excerpt":{"rendered":"<p>VIELF\u00c4LTIGE M\u00d6GLICHKEITEN Der Concours of Elegance Germany bietet Fahrzeugherstellern und Luxusmarken Partnern vielf\u00e4ltige M\u00f6glichkeiten, mit unserem Publikum aus verm\u00f6genden Fachleuten, VIP G\u00e4sten, und Fahrzeugbesitzern in Kontakt zu treten und die Marke und Produkte wirkungsvoll optimal zu pr\u00e4sentieren. Wir haben Ausstellerpakete f\u00fcr Luxusmarkeninhaber, Uhrenhersteller, Modeh\u00e4user, Automobilkunst, Automobilhersteller und spezialisierte Autoh\u00e4ndler zusammengestellt. Sponsoring ist im gesamten Veranstaltungsprogramm [&hellip;]<\/p>\n","protected":false},"author":3,"featured_media":0,"parent":0,"menu_order":0,"comment_status":"closed","ping_status":"closed","template":"","meta":{"ghostkit_customizer_options":"","ghostkit_custom_css":"","ghostkit_custom_js_head":"","ghostkit_custom_js_foot":"","ghostkit_typography":"","footnotes":""},"class_list":["post-9855","page","type-page","status-publish","hentry"],"meta_box":{"zoo_page_banner":""},"_links":{"self":[{"href":"https:\/\/concoursofelegancegermany.com\/de\/wp-json\/wp\/v2\/pages\/9855","targetHints":{"allow":["GET"]}}],"collection":[{"href":"https:\/\/concoursofelegancegermany.com\/de\/wp-json\/wp\/v2\/pages"}],"about":[{"href":"https:\/\/concoursofelegancegermany.com\/de\/wp-json\/wp\/v2\/types\/page"}],"author":[{"embeddable":true,"href":"https:\/\/concoursofelegancegermany.com\/de\/wp-json\/wp\/v2\/users\/3"}],"replies":[{"embeddable":true,"href":"https:\/\/concoursofelegancegermany.com\/de\/wp-json\/wp\/v2\/comments?post=9855"}],"version-history":[{"count":7,"href":"https:\/\/concoursofelegancegermany.com\/de\/wp-json\/wp\/v2\/pages\/9855\/revisions"}],"predecessor-version":[{"id":23879,"href":"https:\/\/concoursofelegancegermany.com\/de\/wp-json\/wp\/v2\/pages\/9855\/revisions\/23879"}],"wp:attachment":[{"href":"https:\/\/concoursofelegancegermany.com\/de\/wp-json\/wp\/v2\/media?parent=9855"}],"curies":[{"name":"wp","href":"https:\/\/api.w.org\/{rel}","templated":true}]}}